{"id":1978,"date":"2022-12-13T17:28:53","date_gmt":"2022-12-13T17:28:53","guid":{"rendered":"https:\/\/www.desarrollodigitalizarte.com\/gestpoint\/?page_id=1978"},"modified":"2023-12-26T12:33:50","modified_gmt":"2023-12-26T12:33:50","slug":"politica-de-privacidad","status":"publish","type":"page","link":"https:\/\/gestpointgsm.com\/en\/politica-de-privacidad\/","title":{"rendered":"Privacy policy"},"content":{"rendered":"<div data-elementor-type=\"wp-page\" data-elementor-id=\"1978\" class=\"elementor elementor-1978\" data-elementor-post-type=\"page\">\n\t\t\t\t\t\t<section class=\"elementor-section elementor-top-section elementor-element elementor-element-750ed210 elementor-section-boxed elementor-section-height-default elementor-section-height-default\" data-id=\"750ed210\" data-element_type=\"section\" data-e-type=\"section\">\n\t\t\t\t\t\t<div class=\"elementor-container elementor-column-gap-default\">\n\t\t\t\t\t<div class=\"elementor-column elementor-col-100 elementor-top-column elementor-element elementor-element-612408ae\" data-id=\"612408ae\" data-element_type=\"column\" data-e-type=\"column\">\n\t\t\t<div class=\"elementor-widget-wrap elementor-element-populated\">\n\t\t\t\t\t\t<div class=\"elementor-element elementor-element-9ccd093 elementor-widget elementor-widget-text-editor\" data-id=\"9ccd093\" data-element_type=\"widget\" data-e-type=\"widget\" data-widget_type=\"text-editor.default\">\n\t\t\t\t<div class=\"elementor-widget-container\">\n\t\t\t\t\t\t\t\t\t\n<h1 class=\"wp-block-heading\" data-pm-slice=\"1 1 []\">Privacy policy<\/h1>\n<h2 data-pm-slice=\"1 1 []\">\u00a0<\/h2>\n<h2 data-pm-slice=\"1 1 []\">Security policy:<\/h2>\n<p>\u00a0<\/p>\n<p>GEST POINT GSM SL guarantees the confidentiality of the personal data provided by users\/customers that are collected through a secure server, without anyone being able to see or capture the data entered.<\/p>\n<p>The processing of personal data is carried out in accordance with the provisions of Organic Law 15\/1999, of 13 December, on the Protection of Personal Data, informing the user\/client of the possible incorporation of its data in files, the computer processing that will be subjected, as well as the purpose for which they are collected and processed, and your rights of access, rectification, cancellation and opposition.<\/p>\n<p>GEST POINT GSM SL as responsible for the file, has the necessary technical, organizational and human resources to ensure the safety and security of their information systems as well as the data and information of customers stored in them.<\/p>\n<p>\u00a0<\/p>\n<h2>Treatment of data:<\/h2>\n<p>\u00a0<\/p>\n<p>The data collection will be conducted in strict compliance with the regulations in the Organic Law 15\/1999, of 13 December, on the Protection of Personal Data, and in particular for the younger ones, because it is referred to the collection will be limited according to the laws in force at the age of 16, giving in the course of collection of data belonging to users\/customers under the specified age, the exercise of the right of access, cancellation, rectification and opposition to the data of their children or wards, proof of such a relationship.<\/p>\n<p>The data that, as a result of the completion of various printed materials is incorporated into this web site, will be collected to be able to manage the process of buying their phones and perform the corresponding charge your bank account. Equally, and provided that you have previously given your consent, this data may be used for the sending of commercial communications about our products and services.<\/p>\n<p>The user\/customer may at any time, exercise your rights of access, rectification, cancellation and opposition of their data, and can revoke the authorisation granted for that GEST POINT GSM SL submit electronic offers or advertising and promotional notice to the following email address <a href=\"mailto:info@gestpointgsm.com\">info@gestpointgsm.com<\/a>.<\/p>\n<p>\u00a0<\/p>\n<h2>Limitation of liability:<\/h2>\n<p>\u00a0<\/p>\n<p>GEST POINT GSM SL does not warrant that the access to the website will be uninterrupted or error-free; nor responsible nor guarantee that the content or software which you may access through this web site will be uninterrupted, error-free or may cause damage to the user.<\/p>\n<p>GEST POINT GSM S. L. is not responsible nor guarantees the use of information or content of this website that may be channeling for a particular purpose and in no event shall be responsible for any loss or damage of any kind arising from the access to and the use of the website, as for example, computer viruses or any other harmful component.<\/p>\n<p>\u00a0<\/p>\n<h2>Modification:<\/h2>\n<p>\u00a0<\/p>\n<p>GEST POINT GSM SL reserves all rights to amend, modify or cancel the terms and conditions applicable to the web site, are not assuming any responsibility for your update, as well as the right to make any changes in the configuration or presentation of the site as it deems appropriate, at any time and without prior notice.<\/p>\n<p>\u00a0<\/p>\n<h2>Communications made in a safe environment:<\/h2>\n<p>\u00a0<\/p>\n<p>From the moment you entered our website, You are located in a secure environment.<\/p>\n<p>GEST POINT GSM SL has a safe server that enables communications to be done <strong>with a high level of security.<\/strong><\/p>\n<p>Also, we point out that you should always check that you are entering your data in a secure connection (when in your web browser appears the symbol of a closed padlock). If you make a connection with GEST POINT GSM S. L from a public computer, or shared, you must clear the browser cache (temporary Internet files) to delete any data you entered. It is convenient to access to GEST POINT GSM SL directly from your web browser (by typing in the address <a class=\"ProsemirrorEditor-link\" href=\"https:\/\/gestpointgsm.com\/en\/\">www.gestpointgsm.com<\/a>), and not from the links of pages that offer little confidence.<\/p>\n\t\t\t\t\t\t\t\t<\/div>\n\t\t\t\t<\/div>\n\t\t\t\t\t<\/div>\n\t\t<\/div>\n\t\t\t\t\t<\/div>\n\t\t<\/section>\n\t\t\t\t<\/div>","protected":false},"excerpt":{"rendered":"<p>Pol\u00edtica de privacidad \u00a0 Pol\u00edtica de seguridad: \u00a0 GEST POINT GSM S.L. garantiza la confidencialidad de los datos de car\u00e1cter personal facilitados por los usuarios\/clientes que son recogidos por un servidor seguro, sin que nadie pueda ver o capturar los datos introducidos. El tratamiento de los datos personales se efect\u00faa de conformidad con lo dispuesto [&hellip;]<\/p>\n","protected":false},"author":1,"featured_media":0,"parent":0,"menu_order":0,"comment_status":"closed","ping_status":"closed","template":"","meta":{"_joinchat":[],"footnotes":""},"class_list":["post-1978","page","type-page","status-publish","hentry"],"yoast_head":"<!-- This site is optimized with the Yoast SEO plugin v27.4 - https:\/\/yoast.com\/product\/yoast-seo-wordpress\/ -->\n<title>Vende tu dispositivo en Gestpoint GSM<\/title>\n<meta name=\"description\" content=\"\u00a1Obt\u00e9n efectivo por tu dispositivo! Gana dinero extra en Gestpoint GSM \u00a1Aprovecha esta oportunidad no la dejes perder!\" \/>\n<meta name=\"robots\" content=\"index, follow, max-snippet:-1, max-image-preview:large, max-video-preview:-1\" \/>\n<link rel=\"canonical\" href=\"https:\/\/gestpointgsm.com\/en\/politica-de-privacidad\/\" \/>\n<meta property=\"og:locale\" content=\"en_GB\" \/>\n<meta property=\"og:type\" content=\"article\" \/>\n<meta property=\"og:title\" content=\"Vende tu dispositivo en Gestpoint GSM\" \/>\n<meta property=\"og:description\" content=\"\u00a1Obt\u00e9n efectivo por tu dispositivo! Gana dinero extra en Gestpoint GSM \u00a1Aprovecha esta oportunidad no la dejes perder!\" \/>\n<meta property=\"og:url\" content=\"https:\/\/gestpointgsm.com\/en\/politica-de-privacidad\/\" \/>\n<meta property=\"og:site_name\" content=\"Gestpoint GSM\" \/>\n<meta property=\"article:modified_time\" content=\"2023-12-26T12:33:50+00:00\" \/>\n<meta name=\"twitter:card\" content=\"summary_large_image\" \/>\n<meta name=\"twitter:label1\" content=\"Estimated reading time\" \/>\n\t<meta name=\"twitter:data1\" content=\"4 minutes\" \/>\n<script type=\"application\/ld+json\" class=\"yoast-schema-graph\">{\"@context\":\"https:\\\/\\\/schema.org\",\"@graph\":[{\"@type\":\"WebPage\",\"@id\":\"https:\\\/\\\/gestpointgsm.com\\\/es\\\/politica-de-privacidad\\\/\",\"url\":\"https:\\\/\\\/gestpointgsm.com\\\/es\\\/politica-de-privacidad\\\/\",\"name\":\"Vende tu dispositivo en Gestpoint GSM\",\"isPartOf\":{\"@id\":\"https:\\\/\\\/gestpointgsm.com\\\/es\\\/#website\"},\"datePublished\":\"2022-12-13T17:28:53+00:00\",\"dateModified\":\"2023-12-26T12:33:50+00:00\",\"description\":\"\u00a1Obt\u00e9n efectivo por tu dispositivo! Gana dinero extra en Gestpoint GSM \u00a1Aprovecha esta oportunidad no la dejes perder!\",\"breadcrumb\":{\"@id\":\"https:\\\/\\\/gestpointgsm.com\\\/es\\\/politica-de-privacidad\\\/#breadcrumb\"},\"inLanguage\":\"en-GB\",\"potentialAction\":[{\"@type\":\"ReadAction\",\"target\":[\"https:\\\/\\\/gestpointgsm.com\\\/es\\\/politica-de-privacidad\\\/\"]}]},{\"@type\":\"BreadcrumbList\",\"@id\":\"https:\\\/\\\/gestpointgsm.com\\\/es\\\/politica-de-privacidad\\\/#breadcrumb\",\"itemListElement\":[{\"@type\":\"ListItem\",\"position\":1,\"name\":\"Portada\",\"item\":\"https:\\\/\\\/gestpointgsm.com\\\/es\\\/\"},{\"@type\":\"ListItem\",\"position\":2,\"name\":\"Pol\u00edtica de privacidad\"}]},{\"@type\":\"WebSite\",\"@id\":\"https:\\\/\\\/gestpointgsm.com\\\/es\\\/#website\",\"url\":\"https:\\\/\\\/gestpointgsm.com\\\/es\\\/\",\"name\":\"Gestpoint GSM\",\"description\":\"Gestpoint GSM es una empresa con m\u00e1s de 10 a\u00f1os de experiencia en la compra y venta de art\u00edculos de telefon\u00eda m\u00f3vil, accesorios, relojes inteligentes, entre otros.\",\"publisher\":{\"@id\":\"https:\\\/\\\/gestpointgsm.com\\\/es\\\/#organization\"},\"potentialAction\":[{\"@type\":\"SearchAction\",\"target\":{\"@type\":\"EntryPoint\",\"urlTemplate\":\"https:\\\/\\\/gestpointgsm.com\\\/es\\\/?s={search_term_string}\"},\"query-input\":{\"@type\":\"PropertyValueSpecification\",\"valueRequired\":true,\"valueName\":\"search_term_string\"}}],\"inLanguage\":\"en-GB\"},{\"@type\":\"Organization\",\"@id\":\"https:\\\/\\\/gestpointgsm.com\\\/es\\\/#organization\",\"name\":\"Gestpoint GSM\",\"url\":\"https:\\\/\\\/gestpointgsm.com\\\/es\\\/\",\"logo\":{\"@type\":\"ImageObject\",\"inLanguage\":\"en-GB\",\"@id\":\"https:\\\/\\\/gestpointgsm.com\\\/es\\\/#\\\/schema\\\/logo\\\/image\\\/\",\"url\":\"http:\\\/\\\/gestpointgsm.com\\\/wp-content\\\/uploads\\\/2023\\\/07\\\/ISOTIPO.png\",\"contentUrl\":\"http:\\\/\\\/gestpointgsm.com\\\/wp-content\\\/uploads\\\/2023\\\/07\\\/ISOTIPO.png\",\"width\":1920,\"height\":1080,\"caption\":\"Gestpoint GSM\"},\"image\":{\"@id\":\"https:\\\/\\\/gestpointgsm.com\\\/es\\\/#\\\/schema\\\/logo\\\/image\\\/\"}}]}<\/script>\n<!-- \/ Yoast SEO plugin. -->","yoast_head_json":{"title":"Vende tu dispositivo en Gestpoint GSM","description":"\u00a1Obt\u00e9n efectivo por tu dispositivo! Gana dinero extra en Gestpoint GSM \u00a1Aprovecha esta oportunidad no la dejes perder!","robots":{"index":"index","follow":"follow","max-snippet":"max-snippet:-1","max-image-preview":"max-image-preview:large","max-video-preview":"max-video-preview:-1"},"canonical":"https:\/\/gestpointgsm.com\/en\/politica-de-privacidad\/","og_locale":"en_GB","og_type":"article","og_title":"Vende tu dispositivo en Gestpoint GSM","og_description":"\u00a1Obt\u00e9n efectivo por tu dispositivo! Gana dinero extra en Gestpoint GSM \u00a1Aprovecha esta oportunidad no la dejes perder!","og_url":"https:\/\/gestpointgsm.com\/en\/politica-de-privacidad\/","og_site_name":"Gestpoint GSM","article_modified_time":"2023-12-26T12:33:50+00:00","twitter_card":"summary_large_image","twitter_misc":{"Estimated reading time":"4 minutes"},"schema":{"@context":"https:\/\/schema.org","@graph":[{"@type":"WebPage","@id":"https:\/\/gestpointgsm.com\/es\/politica-de-privacidad\/","url":"https:\/\/gestpointgsm.com\/es\/politica-de-privacidad\/","name":"Vende tu dispositivo en Gestpoint GSM","isPartOf":{"@id":"https:\/\/gestpointgsm.com\/es\/#website"},"datePublished":"2022-12-13T17:28:53+00:00","dateModified":"2023-12-26T12:33:50+00:00","description":"\u00a1Obt\u00e9n efectivo por tu dispositivo! Gana dinero extra en Gestpoint GSM \u00a1Aprovecha esta oportunidad no la dejes perder!","breadcrumb":{"@id":"https:\/\/gestpointgsm.com\/es\/politica-de-privacidad\/#breadcrumb"},"inLanguage":"en-GB","potentialAction":[{"@type":"ReadAction","target":["https:\/\/gestpointgsm.com\/es\/politica-de-privacidad\/"]}]},{"@type":"BreadcrumbList","@id":"https:\/\/gestpointgsm.com\/es\/politica-de-privacidad\/#breadcrumb","itemListElement":[{"@type":"ListItem","position":1,"name":"Portada","item":"https:\/\/gestpointgsm.com\/es\/"},{"@type":"ListItem","position":2,"name":"Pol\u00edtica de privacidad"}]},{"@type":"WebSite","@id":"https:\/\/gestpointgsm.com\/es\/#website","url":"https:\/\/gestpointgsm.com\/es\/","name":"Gestpoint GSM","description":"Gestpoint GSM es una empresa con m\u00e1s de 10 a\u00f1os de experiencia en la compra y venta de art\u00edculos de telefon\u00eda m\u00f3vil, accesorios, relojes inteligentes, entre otros.","publisher":{"@id":"https:\/\/gestpointgsm.com\/es\/#organization"},"potentialAction":[{"@type":"SearchAction","target":{"@type":"EntryPoint","urlTemplate":"https:\/\/gestpointgsm.com\/es\/?s={search_term_string}"},"query-input":{"@type":"PropertyValueSpecification","valueRequired":true,"valueName":"search_term_string"}}],"inLanguage":"en-GB"},{"@type":"Organization","@id":"https:\/\/gestpointgsm.com\/es\/#organization","name":"Gestpoint GSM","url":"https:\/\/gestpointgsm.com\/es\/","logo":{"@type":"ImageObject","inLanguage":"en-GB","@id":"https:\/\/gestpointgsm.com\/es\/#\/schema\/logo\/image\/","url":"http:\/\/gestpointgsm.com\/wp-content\/uploads\/2023\/07\/ISOTIPO.png","contentUrl":"http:\/\/gestpointgsm.com\/wp-content\/uploads\/2023\/07\/ISOTIPO.png","width":1920,"height":1080,"caption":"Gestpoint GSM"},"image":{"@id":"https:\/\/gestpointgsm.com\/es\/#\/schema\/logo\/image\/"}}]}},"_links":{"self":[{"href":"https:\/\/gestpointgsm.com\/en\/wp-json\/wp\/v2\/pages\/1978","targetHints":{"allow":["GET"]}}],"collection":[{"href":"https:\/\/gestpointgsm.com\/en\/wp-json\/wp\/v2\/pages"}],"about":[{"href":"https:\/\/gestpointgsm.com\/en\/wp-json\/wp\/v2\/types\/page"}],"author":[{"embeddable":true,"href":"https:\/\/gestpointgsm.com\/en\/wp-json\/wp\/v2\/users\/1"}],"replies":[{"embeddable":true,"href":"https:\/\/gestpointgsm.com\/en\/wp-json\/wp\/v2\/comments?post=1978"}],"version-history":[{"count":9,"href":"https:\/\/gestpointgsm.com\/en\/wp-json\/wp\/v2\/pages\/1978\/revisions"}],"predecessor-version":[{"id":9731,"href":"https:\/\/gestpointgsm.com\/en\/wp-json\/wp\/v2\/pages\/1978\/revisions\/9731"}],"wp:attachment":[{"href":"https:\/\/gestpointgsm.com\/en\/wp-json\/wp\/v2\/media?parent=1978"}],"curies":[{"name":"wp","href":"https:\/\/api.w.org\/{rel}","templated":true}]}}