{"id":4555,"date":"2023-07-18T07:06:15","date_gmt":"2023-07-18T07:06:15","guid":{"rendered":"https:\/\/tienda.gestpointgsm.com\/?page_id=4555"},"modified":"2023-12-13T09:47:30","modified_gmt":"2023-12-13T09:47:30","slug":"quieres-comprar-por-mayor","status":"publish","type":"page","link":"https:\/\/gestpointgsm.com\/en\/quieres-comprar-por-mayor\/","title":{"rendered":"Wholesale"},"content":{"rendered":"<div data-elementor-type=\"wp-page\" data-elementor-id=\"4555\" class=\"elementor elementor-4555\" data-elementor-post-type=\"page\">\n\t\t\t\t\t\t<section class=\"elementor-section elementor-top-section elementor-element elementor-element-ff20ae2 elementor-section-boxed elementor-section-height-default elementor-section-height-default\" data-id=\"ff20ae2\" data-element_type=\"section\" data-e-type=\"section\" data-settings=\"{&quot;background_background&quot;:&quot;classic&quot;}\">\n\t\t\t\t\t\t\t<div class=\"elementor-background-overlay\"><\/div>\n\t\t\t\t\t\t\t<div class=\"elementor-container elementor-column-gap-default\">\n\t\t\t\t\t<div class=\"elementor-column elementor-col-100 elementor-top-column elementor-element elementor-element-372bd82\" data-id=\"372bd82\" data-element_type=\"column\" data-e-type=\"column\">\n\t\t\t<div class=\"elementor-widget-wrap elementor-element-populated\">\n\t\t\t\t\t\t<div class=\"elementor-element elementor-element-a8699ec elementor-invisible elementor-widget elementor-widget-heading\" data-id=\"a8699ec\" data-element_type=\"widget\" data-e-type=\"widget\" data-settings=\"{&quot;_animation&quot;:&quot;fadeInUp&quot;}\" data-widget_type=\"heading.default\">\n\t\t\t\t<div class=\"elementor-widget-container\">\n\t\t\t\t\t<h1 class=\"elementor-heading-title elementor-size-default\">Wholesale<\/h1>\t\t\t\t<\/div>\n\t\t\t\t<\/div>\n\t\t\t\t<div class=\"elementor-element elementor-element-89aa682 elementor-invisible elementor-widget elementor-widget-heading\" data-id=\"89aa682\" data-element_type=\"widget\" data-e-type=\"widget\" data-settings=\"{&quot;_animation&quot;:&quot;fadeInUp&quot;,&quot;_animation_delay&quot;:200}\" data-widget_type=\"heading.default\">\n\t\t\t\t<div class=\"elementor-widget-container\">\n\t\t\t\t\t<h4 class=\"elementor-heading-title elementor-size-default\">Buying and selling has never been this easy!\n<\/h4>\t\t\t\t<\/div>\n\t\t\t\t<\/div>\n\t\t\t\t\t<\/div>\n\t\t<\/div>\n\t\t\t\t\t<\/div>\n\t\t<\/section>\n\t\t\t\t<section class=\"elementor-section elementor-top-section elementor-element elementor-element-a8e0474 elementor-section-boxed elementor-section-height-default elementor-section-height-default\" data-id=\"a8e0474\" data-element_type=\"section\" data-e-type=\"section\">\n\t\t\t\t\t\t<div class=\"elementor-container elementor-column-gap-default\">\n\t\t\t\t\t<div class=\"elementor-column elementor-col-100 elementor-top-column elementor-element elementor-element-bafa6ee\" data-id=\"bafa6ee\" data-element_type=\"column\" data-e-type=\"column\">\n\t\t\t<div class=\"elementor-widget-wrap elementor-element-populated\">\n\t\t\t\t\t\t<div class=\"elementor-element elementor-element-2ad9a47 elementor-widget elementor-widget-text-editor\" data-id=\"2ad9a47\" data-element_type=\"widget\" data-e-type=\"widget\" data-widget_type=\"text-editor.default\">\n\t\t\t\t<div class=\"elementor-widget-container\">\n\t\t\t\t\t\t\t\t\t<p>B2B OPERATIONS<\/p>\t\t\t\t\t\t\t\t<\/div>\n\t\t\t\t<\/div>\n\t\t\t\t\t<\/div>\n\t\t<\/div>\n\t\t\t\t\t<\/div>\n\t\t<\/section>\n\t\t\t\t<section class=\"elementor-section elementor-top-section elementor-element elementor-element-fd04a3a elementor-section-boxed elementor-section-height-default elementor-section-height-default\" data-id=\"fd04a3a\" data-element_type=\"section\" data-e-type=\"section\">\n\t\t\t\t\t\t<div class=\"elementor-container elementor-column-gap-default\">\n\t\t\t\t\t<div class=\"elementor-column elementor-col-100 elementor-top-column elementor-element elementor-element-9495159\" data-id=\"9495159\" data-element_type=\"column\" data-e-type=\"column\">\n\t\t\t<div class=\"elementor-widget-wrap elementor-element-populated\">\n\t\t\t\t\t\t<div class=\"elementor-element elementor-element-54b5527 elementor-widget elementor-widget-text-editor\" data-id=\"54b5527\" data-element_type=\"widget\" data-e-type=\"widget\" data-widget_type=\"text-editor.default\">\n\t\t\t\t<div class=\"elementor-widget-container\">\n\t\t\t\t\t\t\t\t\t<p>Welcome to B2B Operations, your reliable partner in the wholesale acquisition of mobile devices of the latest generation. We specialize in providing comprehensive solutions for companies, retailers, and distributors looking to maximize their operations and stay ahead in the mobile technology industry.<\/p><p><strong>Why choose B2B Operations to your needs, sales of mobile phones on the biggest?<\/strong><\/p><ol><li><p><strong>Wide Range of Products:<\/strong> In B2B Operations, we offer a wide selection of mobile devices, from the latest releases to popular models of different brands. Our diverse catalog ensures that you will find exactly what you need to meet the demand of your market.<\/p><\/li><li><p><strong>Competitive Prices:<\/strong> We understand the importance of profitability in the business. We offer competitive pricing on all our products so that you can maximize your profit margins and stay competitive in a dynamic market.<\/p><\/li><li><p><strong>Purchasing process is Simplified:<\/strong> Our goal is to simplify your shopping experience. With an ordering process easy and transparent, you can make bulk purchases efficiently, saving time and resources.<\/p><\/li><li><p><strong>Quality Guaranteed:<\/strong> Quality is our priority. We work with manufacturers of confidence, and we carry out rigorous quality checks to make sure that every device that we sell meets the highest standards.<\/p><\/li><li><p><strong>Efficient Logistics:<\/strong> We understand the importance of efficient logistics in the world of sales at the wholesale level. We have a logistics network robust enough to guarantee fast delivery and secure, so you can keep your inventory up to date and comply with the expectations of your customers.<\/p><\/li><li><p><strong>Professional Support:<\/strong> Our customer care team is here to help you every step of the way. Whether you have questions about products, shipping or any other aspect of our operations, we are committed to giving you the best service.<\/p><\/li><\/ol><p>In B2B Operations, we understand the intricacies of the market of mobile telephony and we are here to be your reliable partner in the growth of your business. With us, not only do you get quality products, but also a long-term partnership that helps you thrive in a mobile world in constant evolution. Join us and take your business selling cell phones to the largest to the next level!<\/p>\t\t\t\t\t\t\t\t<\/div>\n\t\t\t\t<\/div>\n\t\t\t\t\t<\/div>\n\t\t<\/div>\n\t\t\t\t\t<\/div>\n\t\t<\/section>\n\t\t\t\t<\/div>","protected":false},"excerpt":{"rendered":"<p>\u00a1Comprar y vender nunca ha sido tan f\u00e1cil! OPERACIONES B2B Bienvenido a Operaciones B2B, tu socio confiable en la adquisici\u00f3n al por mayor de dispositivos m\u00f3viles de \u00faltima generaci\u00f3n. Nos especializamos en proporcionar soluciones integrales para empresas, minoristas y distribuidores que buscan maximizar sus operaciones y mantenerse a la vanguardia en la industria de la [&hellip;]<\/p>\n","protected":false},"author":1,"featured_media":0,"parent":0,"menu_order":0,"comment_status":"closed","ping_status":"closed","template":"elementor_header_footer","meta":{"_joinchat":[],"footnotes":""},"class_list":["post-4555","page","type-page","status-publish","hentry"],"yoast_head":"<!-- This site is optimized with the Yoast SEO plugin v27.5 - https:\/\/yoast.com\/product\/yoast-seo-wordpress\/ -->\n<title>Vende tu dispositivo en Gestpoint GSM<\/title>\n<meta name=\"description\" content=\"Si deseas comprar al por mayor, cont\u00e1ctanos. Completa el formulario y nuestro equipo comercial te responder\u00e1 pronto.\" \/>\n<meta name=\"robots\" content=\"index, follow, max-snippet:-1, max-image-preview:large, max-video-preview:-1\" \/>\n<link rel=\"canonical\" href=\"https:\/\/gestpointgsm.com\/en\/quieres-comprar-por-mayor\/\" \/>\n<meta property=\"og:locale\" content=\"en_GB\" \/>\n<meta property=\"og:type\" content=\"article\" \/>\n<meta property=\"og:title\" content=\"Vende tu dispositivo en Gestpoint GSM\" \/>\n<meta property=\"og:description\" content=\"Si deseas comprar al por mayor, cont\u00e1ctanos. Completa el formulario y nuestro equipo comercial te responder\u00e1 pronto.\" \/>\n<meta property=\"og:url\" content=\"https:\/\/gestpointgsm.com\/en\/quieres-comprar-por-mayor\/\" \/>\n<meta property=\"og:site_name\" content=\"Gestpoint GSM\" \/>\n<meta property=\"article:modified_time\" content=\"2023-12-13T09:47:30+00:00\" \/>\n<meta name=\"twitter:card\" content=\"summary_large_image\" \/>\n<meta name=\"twitter:label1\" content=\"Estimated reading time\" \/>\n\t<meta name=\"twitter:data1\" content=\"2 minutes\" \/>\n<script type=\"application\/ld+json\" class=\"yoast-schema-graph\">{\"@context\":\"https:\\\/\\\/schema.org\",\"@graph\":[{\"@type\":\"WebPage\",\"@id\":\"https:\\\/\\\/gestpointgsm.com\\\/es\\\/quieres-comprar-por-mayor\\\/\",\"url\":\"https:\\\/\\\/gestpointgsm.com\\\/es\\\/quieres-comprar-por-mayor\\\/\",\"name\":\"Vende tu dispositivo en Gestpoint GSM\",\"isPartOf\":{\"@id\":\"https:\\\/\\\/gestpointgsm.com\\\/es\\\/#website\"},\"datePublished\":\"2023-07-18T07:06:15+00:00\",\"dateModified\":\"2023-12-13T09:47:30+00:00\",\"description\":\"Si deseas comprar al por mayor, cont\u00e1ctanos. Completa el formulario y nuestro equipo comercial te responder\u00e1 pronto.\",\"breadcrumb\":{\"@id\":\"https:\\\/\\\/gestpointgsm.com\\\/es\\\/quieres-comprar-por-mayor\\\/#breadcrumb\"},\"inLanguage\":\"en-GB\",\"potentialAction\":[{\"@type\":\"ReadAction\",\"target\":[\"https:\\\/\\\/gestpointgsm.com\\\/es\\\/quieres-comprar-por-mayor\\\/\"]}]},{\"@type\":\"BreadcrumbList\",\"@id\":\"https:\\\/\\\/gestpointgsm.com\\\/es\\\/quieres-comprar-por-mayor\\\/#breadcrumb\",\"itemListElement\":[{\"@type\":\"ListItem\",\"position\":1,\"name\":\"Portada\",\"item\":\"https:\\\/\\\/gestpointgsm.com\\\/es\\\/\"},{\"@type\":\"ListItem\",\"position\":2,\"name\":\"\u00bfQuieres comprar por mayor?\"}]},{\"@type\":\"WebSite\",\"@id\":\"https:\\\/\\\/gestpointgsm.com\\\/es\\\/#website\",\"url\":\"https:\\\/\\\/gestpointgsm.com\\\/es\\\/\",\"name\":\"Gestpoint GSM\",\"description\":\"Gestpoint GSM es una empresa con m\u00e1s de 10 a\u00f1os de experiencia en la compra y venta de art\u00edculos de telefon\u00eda m\u00f3vil, accesorios, relojes inteligentes, entre otros.\",\"publisher\":{\"@id\":\"https:\\\/\\\/gestpointgsm.com\\\/es\\\/#organization\"},\"potentialAction\":[{\"@type\":\"SearchAction\",\"target\":{\"@type\":\"EntryPoint\",\"urlTemplate\":\"https:\\\/\\\/gestpointgsm.com\\\/es\\\/?s={search_term_string}\"},\"query-input\":{\"@type\":\"PropertyValueSpecification\",\"valueRequired\":true,\"valueName\":\"search_term_string\"}}],\"inLanguage\":\"en-GB\"},{\"@type\":\"Organization\",\"@id\":\"https:\\\/\\\/gestpointgsm.com\\\/es\\\/#organization\",\"name\":\"Gestpoint GSM\",\"url\":\"https:\\\/\\\/gestpointgsm.com\\\/es\\\/\",\"logo\":{\"@type\":\"ImageObject\",\"inLanguage\":\"en-GB\",\"@id\":\"https:\\\/\\\/gestpointgsm.com\\\/es\\\/#\\\/schema\\\/logo\\\/image\\\/\",\"url\":\"http:\\\/\\\/gestpointgsm.com\\\/wp-content\\\/uploads\\\/2023\\\/07\\\/ISOTIPO.png\",\"contentUrl\":\"http:\\\/\\\/gestpointgsm.com\\\/wp-content\\\/uploads\\\/2023\\\/07\\\/ISOTIPO.png\",\"width\":1920,\"height\":1080,\"caption\":\"Gestpoint GSM\"},\"image\":{\"@id\":\"https:\\\/\\\/gestpointgsm.com\\\/es\\\/#\\\/schema\\\/logo\\\/image\\\/\"}}]}<\/script>\n<!-- \/ Yoast SEO plugin. -->","yoast_head_json":{"title":"Vende tu dispositivo en Gestpoint GSM","description":"Si deseas comprar al por mayor, cont\u00e1ctanos. Completa el formulario y nuestro equipo comercial te responder\u00e1 pronto.","robots":{"index":"index","follow":"follow","max-snippet":"max-snippet:-1","max-image-preview":"max-image-preview:large","max-video-preview":"max-video-preview:-1"},"canonical":"https:\/\/gestpointgsm.com\/en\/quieres-comprar-por-mayor\/","og_locale":"en_GB","og_type":"article","og_title":"Vende tu dispositivo en Gestpoint GSM","og_description":"Si deseas comprar al por mayor, cont\u00e1ctanos. Completa el formulario y nuestro equipo comercial te responder\u00e1 pronto.","og_url":"https:\/\/gestpointgsm.com\/en\/quieres-comprar-por-mayor\/","og_site_name":"Gestpoint GSM","article_modified_time":"2023-12-13T09:47:30+00:00","twitter_card":"summary_large_image","twitter_misc":{"Estimated reading time":"2 minutes"},"schema":{"@context":"https:\/\/schema.org","@graph":[{"@type":"WebPage","@id":"https:\/\/gestpointgsm.com\/es\/quieres-comprar-por-mayor\/","url":"https:\/\/gestpointgsm.com\/es\/quieres-comprar-por-mayor\/","name":"Vende tu dispositivo en Gestpoint GSM","isPartOf":{"@id":"https:\/\/gestpointgsm.com\/es\/#website"},"datePublished":"2023-07-18T07:06:15+00:00","dateModified":"2023-12-13T09:47:30+00:00","description":"Si deseas comprar al por mayor, cont\u00e1ctanos. Completa el formulario y nuestro equipo comercial te responder\u00e1 pronto.","breadcrumb":{"@id":"https:\/\/gestpointgsm.com\/es\/quieres-comprar-por-mayor\/#breadcrumb"},"inLanguage":"en-GB","potentialAction":[{"@type":"ReadAction","target":["https:\/\/gestpointgsm.com\/es\/quieres-comprar-por-mayor\/"]}]},{"@type":"BreadcrumbList","@id":"https:\/\/gestpointgsm.com\/es\/quieres-comprar-por-mayor\/#breadcrumb","itemListElement":[{"@type":"ListItem","position":1,"name":"Portada","item":"https:\/\/gestpointgsm.com\/es\/"},{"@type":"ListItem","position":2,"name":"\u00bfQuieres comprar por mayor?"}]},{"@type":"WebSite","@id":"https:\/\/gestpointgsm.com\/es\/#website","url":"https:\/\/gestpointgsm.com\/es\/","name":"Gestpoint GSM","description":"Gestpoint GSM es una empresa con m\u00e1s de 10 a\u00f1os de experiencia en la compra y venta de art\u00edculos de telefon\u00eda m\u00f3vil, accesorios, relojes inteligentes, entre otros.","publisher":{"@id":"https:\/\/gestpointgsm.com\/es\/#organization"},"potentialAction":[{"@type":"SearchAction","target":{"@type":"EntryPoint","urlTemplate":"https:\/\/gestpointgsm.com\/es\/?s={search_term_string}"},"query-input":{"@type":"PropertyValueSpecification","valueRequired":true,"valueName":"search_term_string"}}],"inLanguage":"en-GB"},{"@type":"Organization","@id":"https:\/\/gestpointgsm.com\/es\/#organization","name":"Gestpoint GSM","url":"https:\/\/gestpointgsm.com\/es\/","logo":{"@type":"ImageObject","inLanguage":"en-GB","@id":"https:\/\/gestpointgsm.com\/es\/#\/schema\/logo\/image\/","url":"http:\/\/gestpointgsm.com\/wp-content\/uploads\/2023\/07\/ISOTIPO.png","contentUrl":"http:\/\/gestpointgsm.com\/wp-content\/uploads\/2023\/07\/ISOTIPO.png","width":1920,"height":1080,"caption":"Gestpoint GSM"},"image":{"@id":"https:\/\/gestpointgsm.com\/es\/#\/schema\/logo\/image\/"}}]}},"_links":{"self":[{"href":"https:\/\/gestpointgsm.com\/en\/wp-json\/wp\/v2\/pages\/4555","targetHints":{"allow":["GET"]}}],"collection":[{"href":"https:\/\/gestpointgsm.com\/en\/wp-json\/wp\/v2\/pages"}],"about":[{"href":"https:\/\/gestpointgsm.com\/en\/wp-json\/wp\/v2\/types\/page"}],"author":[{"embeddable":true,"href":"https:\/\/gestpointgsm.com\/en\/wp-json\/wp\/v2\/users\/1"}],"replies":[{"embeddable":true,"href":"https:\/\/gestpointgsm.com\/en\/wp-json\/wp\/v2\/comments?post=4555"}],"version-history":[{"count":38,"href":"https:\/\/gestpointgsm.com\/en\/wp-json\/wp\/v2\/pages\/4555\/revisions"}],"predecessor-version":[{"id":9513,"href":"https:\/\/gestpointgsm.com\/en\/wp-json\/wp\/v2\/pages\/4555\/revisions\/9513"}],"wp:attachment":[{"href":"https:\/\/gestpointgsm.com\/en\/wp-json\/wp\/v2\/media?parent=4555"}],"curies":[{"name":"wp","href":"https:\/\/api.w.org\/{rel}","templated":true}]}}