{"id":7667,"date":"2023-10-23T09:07:31","date_gmt":"2023-10-23T09:07:31","guid":{"rendered":"https:\/\/gestpointgsm.com\/?post_type=product&#038;p=7667"},"modified":"2024-10-15T12:01:24","modified_gmt":"2024-10-15T12:01:24","slug":"13t-pro-5g-512gb","status":"publish","type":"product","link":"https:\/\/gestpointgsm.com\/en\/product\/13t-pro-5g-512gb\/","title":{"rendered":"13T Pro 5G 512GB"},"content":{"rendered":"<p><a href=\"https:\/\/gestpointgsm.com\/en\/product\/13t-pro-5g-512gb\/\">13T Pro 5G 512GB<\/a><\/p>","protected":false},"excerpt":{"rendered":"<p>13T Pro 5G 512GB<\/p>","protected":false},"featured_media":7654,"template":"","meta":{"_joinchat":[]},"product_cat":[850,15],"product_tag":[24],"class_list":["post-7667","product","type-product","status-publish","has-post-thumbnail","hentry","product_cat-xiaomi","product_cat-destacados","product_tag-xiaomi"],"yoast_head":"<!-- This site is optimized with the Yoast SEO plugin v27.3 - https:\/\/yoast.com\/product\/yoast-seo-wordpress\/ -->\n<title>\u00a1Vende tu Xiaomi 13T Pro 5G 512GB en Gestpoint GSM al mejor precio!<\/title>\n<meta name=\"description\" content=\"\u00a1Obt\u00e9n efectivo por tu nuevo Xiaomi 13T Pro 5G 512GB! Vende tu m\u00f3vil en Gestpoint GSM y gana dinero extra. \u00a1Aprovecha esta oportunidad! \u00a1No la dejes pasar!\" \/>\n<meta name=\"robots\" content=\"index, follow, max-snippet:-1, max-image-preview:large, max-video-preview:-1\" \/>\n<link rel=\"canonical\" href=\"https:\/\/gestpointgsm.com\/en\/product\/13t-pro-5g-512gb\/\" \/>\n<meta property=\"og:locale\" content=\"en_GB\" \/>\n<meta property=\"og:type\" content=\"article\" \/>\n<meta property=\"og:title\" content=\"\u00a1Vende tu Xiaomi 13T Pro 5G 512GB en Gestpoint GSM al mejor precio!\" \/>\n<meta property=\"og:description\" content=\"\u00a1Obt\u00e9n efectivo por tu nuevo Xiaomi 13T Pro 5G 512GB! Vende tu m\u00f3vil en Gestpoint GSM y gana dinero extra. \u00a1Aprovecha esta oportunidad! \u00a1No la dejes pasar!\" \/>\n<meta property=\"og:url\" content=\"https:\/\/gestpointgsm.com\/en\/product\/13t-pro-5g-512gb\/\" \/>\n<meta property=\"og:site_name\" content=\"Gestpoint GSM\" \/>\n<meta property=\"article:modified_time\" content=\"2024-10-15T12:01:24+00:00\" \/>\n<meta property=\"og:image\" content=\"https:\/\/gestpointgsm.com\/wp-content\/uploads\/2023\/10\/Xiaomi_13T_Pro_5G.jpg\" \/>\n\t<meta property=\"og:image:width\" content=\"160\" \/>\n\t<meta property=\"og:image:height\" content=\"212\" \/>\n\t<meta property=\"og:image:type\" content=\"image\/jpeg\" \/>\n<meta name=\"twitter:card\" content=\"summary_large_image\" \/>\n<meta name=\"twitter:label1\" content=\"Estimated reading time\" \/>\n\t<meta name=\"twitter:data1\" content=\"1 minute\" \/>\n<script type=\"application\/ld+json\" class=\"yoast-schema-graph\">{\"@context\":\"https:\\\/\\\/schema.org\",\"@graph\":[{\"@type\":\"WebPage\",\"@id\":\"https:\\\/\\\/gestpointgsm.com\\\/producto\\\/13t-pro-5g-512gb\\\/\",\"url\":\"https:\\\/\\\/gestpointgsm.com\\\/producto\\\/13t-pro-5g-512gb\\\/\",\"name\":\"\u00a1Vende tu Xiaomi 13T Pro 5G 512GB en Gestpoint GSM al mejor precio!\",\"isPartOf\":{\"@id\":\"https:\\\/\\\/gestpointgsm.com\\\/es\\\/#website\"},\"primaryImageOfPage\":{\"@id\":\"https:\\\/\\\/gestpointgsm.com\\\/producto\\\/13t-pro-5g-512gb\\\/#primaryimage\"},\"image\":{\"@id\":\"https:\\\/\\\/gestpointgsm.com\\\/producto\\\/13t-pro-5g-512gb\\\/#primaryimage\"},\"thumbnailUrl\":\"https:\\\/\\\/gestpointgsm.com\\\/wp-content\\\/uploads\\\/2023\\\/10\\\/Xiaomi_13T_Pro_5G.jpg\",\"datePublished\":\"2023-10-23T09:07:31+00:00\",\"dateModified\":\"2024-10-15T12:01:24+00:00\",\"description\":\"\u00a1Obt\u00e9n efectivo por tu nuevo Xiaomi 13T Pro 5G 512GB! Vende tu m\u00f3vil en Gestpoint GSM y gana dinero extra. \u00a1Aprovecha esta oportunidad! \u00a1No la dejes pasar!\",\"breadcrumb\":{\"@id\":\"https:\\\/\\\/gestpointgsm.com\\\/producto\\\/13t-pro-5g-512gb\\\/#breadcrumb\"},\"inLanguage\":\"en-GB\",\"potentialAction\":[{\"@type\":\"ReadAction\",\"target\":[\"https:\\\/\\\/gestpointgsm.com\\\/producto\\\/13t-pro-5g-512gb\\\/\"]}]},{\"@type\":\"ImageObject\",\"inLanguage\":\"en-GB\",\"@id\":\"https:\\\/\\\/gestpointgsm.com\\\/producto\\\/13t-pro-5g-512gb\\\/#primaryimage\",\"url\":\"https:\\\/\\\/gestpointgsm.com\\\/wp-content\\\/uploads\\\/2023\\\/10\\\/Xiaomi_13T_Pro_5G.jpg\",\"contentUrl\":\"https:\\\/\\\/gestpointgsm.com\\\/wp-content\\\/uploads\\\/2023\\\/10\\\/Xiaomi_13T_Pro_5G.jpg\",\"width\":160,\"height\":212},{\"@type\":\"BreadcrumbList\",\"@id\":\"https:\\\/\\\/gestpointgsm.com\\\/producto\\\/13t-pro-5g-512gb\\\/#breadcrumb\",\"itemListElement\":[{\"@type\":\"ListItem\",\"position\":1,\"name\":\"Portada\",\"item\":\"https:\\\/\\\/gestpointgsm.com\\\/es\\\/\"},{\"@type\":\"ListItem\",\"position\":2,\"name\":\"Tienda\",\"item\":\"https:\\\/\\\/gestpointgsm.com\\\/es\\\/tienda\\\/\"},{\"@type\":\"ListItem\",\"position\":3,\"name\":\"13T Pro 5G 512GB\"}]},{\"@type\":\"WebSite\",\"@id\":\"https:\\\/\\\/gestpointgsm.com\\\/es\\\/#website\",\"url\":\"https:\\\/\\\/gestpointgsm.com\\\/es\\\/\",\"name\":\"Gestpoint GSM\",\"description\":\"Gestpoint GSM es una empresa con m\u00e1s de 10 a\u00f1os de experiencia en la compra y venta de art\u00edculos de telefon\u00eda m\u00f3vil, accesorios, relojes inteligentes, entre otros.\",\"publisher\":{\"@id\":\"https:\\\/\\\/gestpointgsm.com\\\/es\\\/#organization\"},\"potentialAction\":[{\"@type\":\"SearchAction\",\"target\":{\"@type\":\"EntryPoint\",\"urlTemplate\":\"https:\\\/\\\/gestpointgsm.com\\\/es\\\/?s={search_term_string}\"},\"query-input\":{\"@type\":\"PropertyValueSpecification\",\"valueRequired\":true,\"valueName\":\"search_term_string\"}}],\"inLanguage\":\"en-GB\"},{\"@type\":\"Organization\",\"@id\":\"https:\\\/\\\/gestpointgsm.com\\\/es\\\/#organization\",\"name\":\"Gestpoint GSM\",\"url\":\"https:\\\/\\\/gestpointgsm.com\\\/es\\\/\",\"logo\":{\"@type\":\"ImageObject\",\"inLanguage\":\"en-GB\",\"@id\":\"https:\\\/\\\/gestpointgsm.com\\\/es\\\/#\\\/schema\\\/logo\\\/image\\\/\",\"url\":\"http:\\\/\\\/gestpointgsm.com\\\/wp-content\\\/uploads\\\/2023\\\/07\\\/ISOTIPO.png\",\"contentUrl\":\"http:\\\/\\\/gestpointgsm.com\\\/wp-content\\\/uploads\\\/2023\\\/07\\\/ISOTIPO.png\",\"width\":1920,\"height\":1080,\"caption\":\"Gestpoint GSM\"},\"image\":{\"@id\":\"https:\\\/\\\/gestpointgsm.com\\\/es\\\/#\\\/schema\\\/logo\\\/image\\\/\"}}]}<\/script>\n<!-- \/ Yoast SEO plugin. -->","yoast_head_json":{"title":"\u00a1Vende tu Xiaomi 13T Pro 5G 512GB en Gestpoint GSM al mejor precio!","description":"\u00a1Obt\u00e9n efectivo por tu nuevo Xiaomi 13T Pro 5G 512GB! Vende tu m\u00f3vil en Gestpoint GSM y gana dinero extra. \u00a1Aprovecha esta oportunidad! \u00a1No la dejes pasar!","robots":{"index":"index","follow":"follow","max-snippet":"max-snippet:-1","max-image-preview":"max-image-preview:large","max-video-preview":"max-video-preview:-1"},"canonical":"https:\/\/gestpointgsm.com\/en\/product\/13t-pro-5g-512gb\/","og_locale":"en_GB","og_type":"article","og_title":"\u00a1Vende tu Xiaomi 13T Pro 5G 512GB en Gestpoint GSM al mejor precio!","og_description":"\u00a1Obt\u00e9n efectivo por tu nuevo Xiaomi 13T Pro 5G 512GB! Vende tu m\u00f3vil en Gestpoint GSM y gana dinero extra. \u00a1Aprovecha esta oportunidad! \u00a1No la dejes pasar!","og_url":"https:\/\/gestpointgsm.com\/en\/product\/13t-pro-5g-512gb\/","og_site_name":"Gestpoint GSM","article_modified_time":"2024-10-15T12:01:24+00:00","og_image":[{"width":160,"height":212,"url":"https:\/\/gestpointgsm.com\/wp-content\/uploads\/2023\/10\/Xiaomi_13T_Pro_5G.jpg","type":"image\/jpeg"}],"twitter_card":"summary_large_image","twitter_misc":{"Estimated reading time":"1 minute"},"schema":{"@context":"https:\/\/schema.org","@graph":[{"@type":"WebPage","@id":"https:\/\/gestpointgsm.com\/producto\/13t-pro-5g-512gb\/","url":"https:\/\/gestpointgsm.com\/producto\/13t-pro-5g-512gb\/","name":"\u00a1Vende tu Xiaomi 13T Pro 5G 512GB en Gestpoint GSM al mejor precio!","isPartOf":{"@id":"https:\/\/gestpointgsm.com\/es\/#website"},"primaryImageOfPage":{"@id":"https:\/\/gestpointgsm.com\/producto\/13t-pro-5g-512gb\/#primaryimage"},"image":{"@id":"https:\/\/gestpointgsm.com\/producto\/13t-pro-5g-512gb\/#primaryimage"},"thumbnailUrl":"https:\/\/gestpointgsm.com\/wp-content\/uploads\/2023\/10\/Xiaomi_13T_Pro_5G.jpg","datePublished":"2023-10-23T09:07:31+00:00","dateModified":"2024-10-15T12:01:24+00:00","description":"\u00a1Obt\u00e9n efectivo por tu nuevo Xiaomi 13T Pro 5G 512GB! Vende tu m\u00f3vil en Gestpoint GSM y gana dinero extra. \u00a1Aprovecha esta oportunidad! \u00a1No la dejes pasar!","breadcrumb":{"@id":"https:\/\/gestpointgsm.com\/producto\/13t-pro-5g-512gb\/#breadcrumb"},"inLanguage":"en-GB","potentialAction":[{"@type":"ReadAction","target":["https:\/\/gestpointgsm.com\/producto\/13t-pro-5g-512gb\/"]}]},{"@type":"ImageObject","inLanguage":"en-GB","@id":"https:\/\/gestpointgsm.com\/producto\/13t-pro-5g-512gb\/#primaryimage","url":"https:\/\/gestpointgsm.com\/wp-content\/uploads\/2023\/10\/Xiaomi_13T_Pro_5G.jpg","contentUrl":"https:\/\/gestpointgsm.com\/wp-content\/uploads\/2023\/10\/Xiaomi_13T_Pro_5G.jpg","width":160,"height":212},{"@type":"BreadcrumbList","@id":"https:\/\/gestpointgsm.com\/producto\/13t-pro-5g-512gb\/#breadcrumb","itemListElement":[{"@type":"ListItem","position":1,"name":"Portada","item":"https:\/\/gestpointgsm.com\/es\/"},{"@type":"ListItem","position":2,"name":"Tienda","item":"https:\/\/gestpointgsm.com\/es\/tienda\/"},{"@type":"ListItem","position":3,"name":"13T Pro 5G 512GB"}]},{"@type":"WebSite","@id":"https:\/\/gestpointgsm.com\/es\/#website","url":"https:\/\/gestpointgsm.com\/es\/","name":"Gestpoint GSM","description":"Gestpoint GSM es una empresa con m\u00e1s de 10 a\u00f1os de experiencia en la compra y venta de art\u00edculos de telefon\u00eda m\u00f3vil, accesorios, relojes inteligentes, entre otros.","publisher":{"@id":"https:\/\/gestpointgsm.com\/es\/#organization"},"potentialAction":[{"@type":"SearchAction","target":{"@type":"EntryPoint","urlTemplate":"https:\/\/gestpointgsm.com\/es\/?s={search_term_string}"},"query-input":{"@type":"PropertyValueSpecification","valueRequired":true,"valueName":"search_term_string"}}],"inLanguage":"en-GB"},{"@type":"Organization","@id":"https:\/\/gestpointgsm.com\/es\/#organization","name":"Gestpoint GSM","url":"https:\/\/gestpointgsm.com\/es\/","logo":{"@type":"ImageObject","inLanguage":"en-GB","@id":"https:\/\/gestpointgsm.com\/es\/#\/schema\/logo\/image\/","url":"http:\/\/gestpointgsm.com\/wp-content\/uploads\/2023\/07\/ISOTIPO.png","contentUrl":"http:\/\/gestpointgsm.com\/wp-content\/uploads\/2023\/07\/ISOTIPO.png","width":1920,"height":1080,"caption":"Gestpoint GSM"},"image":{"@id":"https:\/\/gestpointgsm.com\/es\/#\/schema\/logo\/image\/"}}]}},"_links":{"self":[{"href":"https:\/\/gestpointgsm.com\/en\/wp-json\/wp\/v2\/product\/7667","targetHints":{"allow":["GET"]}}],"collection":[{"href":"https:\/\/gestpointgsm.com\/en\/wp-json\/wp\/v2\/product"}],"about":[{"href":"https:\/\/gestpointgsm.com\/en\/wp-json\/wp\/v2\/types\/product"}],"version-history":[{"count":2,"href":"https:\/\/gestpointgsm.com\/en\/wp-json\/wp\/v2\/product\/7667\/revisions"}],"predecessor-version":[{"id":10314,"href":"https:\/\/gestpointgsm.com\/en\/wp-json\/wp\/v2\/product\/7667\/revisions\/10314"}],"wp:featuredmedia":[{"embeddable":true,"href":"https:\/\/gestpointgsm.com\/en\/wp-json\/wp\/v2\/media\/7654"}],"wp:attachment":[{"href":"https:\/\/gestpointgsm.com\/en\/wp-json\/wp\/v2\/media?parent=7667"}],"wp:term":[{"taxonomy":"product_cat","embeddable":true,"href":"https:\/\/gestpointgsm.com\/en\/wp-json\/wp\/v2\/product_cat?post=7667"},{"taxonomy":"product_tag","embeddable":true,"href":"https:\/\/gestpointgsm.com\/en\/wp-json\/wp\/v2\/product_tag?post=7667"}],"curies":[{"name":"wp","href":"https:\/\/api.w.org\/{rel}","templated":true}]}}