{"id":7851,"date":"2023-10-25T14:03:34","date_gmt":"2023-10-25T14:03:34","guid":{"rendered":"https:\/\/gestpointgsm.com\/?post_type=product&#038;p=7851"},"modified":"2025-07-01T20:18:12","modified_gmt":"2025-07-01T20:18:12","slug":"galaxy-s23-ultra-5g-512gb","status":"publish","type":"product","link":"https:\/\/gestpointgsm.com\/en\/product\/galaxy-s23-ultra-5g-512gb\/","title":{"rendered":"Galaxy S23 Ultra 5G 512GB"},"content":{"rendered":"<div class=\"flex-1 overflow-hidden\">\n<div class=\"react-scroll-to-bottom--css-yofuh-79elbk h-full dark:bg-gray-800\">\n<div class=\"react-scroll-to-bottom--css-yofuh-1n7m0yu\">\n<div class=\"flex flex-col text-sm gizmo:pb-9 dark:bg-gray-800\">\n<div class=\"group final-completion w-full text-token-text-primary border-b border-black\/10 gizmo:border-0 dark:border-gray-900\/50 gizmo:dark:border-0 bg-gray-50 gizmo:bg-transparent dark:bg-[#444654] gizmo:dark:bg-transparent\" data-testid=\"conversation-turn-13\">\n<div class=\"p-4 gizmo:py-2 justify-center text-base md:gap-6 md:py-6 m-auto\">\n<div class=\"flex flex-1 gap-4 text-base mx-auto md:gap-6 gizmo:gap-3 gizmo:md:px-5 gizmo:lg:px-1 gizmo:xl:px-5 md:max-w-2xl lg:max-w-[38rem] gizmo:md:max-w-3xl gizmo:lg:max-w-[40rem] gizmo:xl:max-w-[48rem] xl:max-w-3xl }\">\n<div class=\"relative flex w-[calc(100%-50px)] flex-col gizmo:w-full lg:w-[calc(100%-115px)] agent-turn\">\n<div class=\"flex-col gap-1 md:gap-3\">\n<div class=\"flex flex-grow flex-col gap-3 max-w-full\">\n<div class=\"min-h-[20px] flex flex-col items-start gap-3 whitespace-pre-wrap break-words overflow-x-auto\">\n<div class=\"markdown prose w-full break-words dark:prose-invert light\">\n<p>Vender tu <a href=\"https:\/\/gestpointgsm.com\/product\/galaxy-s23-ultra-5g-512gb\/ \u200e\">Samsung Galaxy S23 Ultra 5G 512GB<\/a>\u00a0 en <a href=\"https:\/\/www.gestpointgsm.com\/\">Gestpoint GSM<\/a> es una decisi\u00f3n inteligente!<\/p>\n<p>Recuperar\u00e1s parte de tu inversi\u00f3n inicial, lo que es especialmente \u00fatil si est\u00e1s considerando adquirir el \u00faltimo modelo de tel\u00e9fono. Esto te permite acceder a estas innovaciones sin incurrir en un gasto excesivo al nuevo dispositivo sin gastar tanto dinero de tu bolsillo.<\/p>\n<p>Contribuir\u00e1s al bienestar del planeta al reducir la generaci\u00f3n de residuos electr\u00f3nicos. La reventa de dispositivos m\u00f3viles es un esfuerzo sostenible ya que est\u00e1s brindando a alguien m\u00e1s la oportunidad de acceder a un dispositivo de calidad a un precio m\u00e1s asequible. Esto puede ser especialmente beneficioso para personas que no pueden pagar un dispositivo nuevo de \u00faltima generaci\u00f3n.<\/p>\n<p>Adem\u00e1s, ganar\u00e1s espacio en tu vida. A veces, los dispositivos electr\u00f3nicos que te dan las compa\u00f1\u00edas de telefon\u00eda tienden a acumularse porque no los usas, ocupando espacio en tus cajones o en tus bolsillos. Adem\u00e1s los smartphones tienden a perder valor con el tiempo y venderlo mientras a\u00fan est\u00e9 sin abrir te permitir\u00e1 obtener un retorno financiero que puedes invertir en un modelo m\u00e1s reciente o en otras necesidades. Vender tu m\u00f3vil te ayudar\u00e1 a liberar espacio para lo nuevo.<\/p>\n<p>Vender tu m\u00f3vil tambi\u00e9n puede ayudarte a mantener tu vida sin desorden tecnol\u00f3gico. Con la constante llegada de nuevos modelos, puede ser tentador acumular dispositivos. Vender los modelos anteriores te permite mantener todo organizado y actualizado.<\/p>\n<p>En resumen, vender tu nuevo <a href=\"https:\/\/gestpointgsm.com\/product\/galaxy-s23-ultra-5g-512gb\/ \u200e\">Samsung Galaxy S23 Ultra 5G 512GB<\/a> es una idea inteligente y beneficiosa pore te permite mantenerte actualizado, recuperar parte de tu inversi\u00f3n, ayudar al medio ambiente, obtener ingresos adicionales y beneficiar a otros que buscan dispositivos de calidad a precios razonables. Es una decisi\u00f3n inteligente que tiene beneficios tanto personales como sociales. As\u00ed que, \u00a1No dudes en considerar la venta de tu m\u00f3vil como una estrategia inteligente!<\/p>\n<\/div>\n<\/div>\n<\/div>\n<\/div>\n<\/div>\n<\/div>\n<\/div>\n<\/div>\n<\/div>\n<\/div>\n<\/div>\n<\/div>\n","protected":false},"excerpt":{"rendered":"<p>Vender tu Samsung Galaxy S23 Ultra 5G 512GB\u00a0 en Gestpoint GSM es una decisi\u00f3n inteligente! Recuperar\u00e1s parte de tu inversi\u00f3n inicial, lo que es especialmente \u00fatil si est\u00e1s considerando adquirir el \u00faltimo modelo de tel\u00e9fono. Esto te permite acceder a estas innovaciones sin incurrir en un gasto excesivo al nuevo dispositivo sin gastar tanto dinero [&hellip;]<\/p>\n","protected":false},"featured_media":7850,"template":"","meta":{"_joinchat":[]},"product_cat":[1026,15],"product_tag":[278],"class_list":["post-7851","product","type-product","status-publish","has-post-thumbnail","hentry","product_cat-samsung","product_cat-destacados","product_tag-samsung"],"yoast_head":"<!-- This site is optimized with the Yoast SEO plugin v27.5 - https:\/\/yoast.com\/product\/yoast-seo-wordpress\/ -->\n<title>Vende tu Samsung Galaxy S23 Ultra 5G 512GB en Gestpoint GSM<\/title>\n<meta name=\"description\" content=\"\u00a1Obt\u00e9n efectivo por tu nuevo Samsung Galaxy S23 Ultra 5G 512GB! Gana dinero extra en Gestpoint GSM. \u00a1Aprovecha esta oportunidad! \u00a1No la dejes pasar!\" \/>\n<meta name=\"robots\" content=\"index, follow, max-snippet:-1, max-image-preview:large, max-video-preview:-1\" \/>\n<link rel=\"canonical\" href=\"https:\/\/gestpointgsm.com\/en\/product\/galaxy-s23-ultra-5g-512gb\/\" \/>\n<meta property=\"og:locale\" content=\"en_GB\" \/>\n<meta property=\"og:type\" content=\"article\" \/>\n<meta property=\"og:title\" content=\"Vende tu Samsung Galaxy S23 Ultra 5G 512GB en Gestpoint GSM\" \/>\n<meta property=\"og:description\" content=\"\u00a1Obt\u00e9n efectivo por tu nuevo Samsung Galaxy S23 Ultra 5G 512GB! Gana dinero extra en Gestpoint GSM. \u00a1Aprovecha esta oportunidad! \u00a1No la dejes pasar!\" \/>\n<meta property=\"og:url\" content=\"https:\/\/gestpointgsm.com\/en\/product\/galaxy-s23-ultra-5g-512gb\/\" \/>\n<meta property=\"og:site_name\" content=\"Gestpoint GSM\" \/>\n<meta property=\"article:modified_time\" content=\"2025-07-01T20:18:12+00:00\" \/>\n<meta property=\"og:image\" content=\"https:\/\/gestpointgsm.com\/wp-content\/uploads\/2023\/10\/Samsung_Galaxy_S23_Ultra_5G.jpg\" \/>\n\t<meta property=\"og:image:width\" content=\"160\" \/>\n\t<meta property=\"og:image:height\" content=\"212\" \/>\n\t<meta property=\"og:image:type\" content=\"image\/jpeg\" \/>\n<meta name=\"twitter:card\" content=\"summary_large_image\" \/>\n<meta name=\"twitter:label1\" content=\"Estimated reading time\" \/>\n\t<meta name=\"twitter:data1\" content=\"2 minutes\" \/>\n<script type=\"application\/ld+json\" class=\"yoast-schema-graph\">{\"@context\":\"https:\\\/\\\/schema.org\",\"@graph\":[{\"@type\":\"WebPage\",\"@id\":\"https:\\\/\\\/gestpointgsm.com\\\/producto\\\/galaxy-s23-ultra-5g-512gb\\\/\",\"url\":\"https:\\\/\\\/gestpointgsm.com\\\/producto\\\/galaxy-s23-ultra-5g-512gb\\\/\",\"name\":\"Vende tu Samsung Galaxy S23 Ultra 5G 512GB en Gestpoint GSM\",\"isPartOf\":{\"@id\":\"https:\\\/\\\/gestpointgsm.com\\\/es\\\/#website\"},\"primaryImageOfPage\":{\"@id\":\"https:\\\/\\\/gestpointgsm.com\\\/producto\\\/galaxy-s23-ultra-5g-512gb\\\/#primaryimage\"},\"image\":{\"@id\":\"https:\\\/\\\/gestpointgsm.com\\\/producto\\\/galaxy-s23-ultra-5g-512gb\\\/#primaryimage\"},\"thumbnailUrl\":\"https:\\\/\\\/gestpointgsm.com\\\/wp-content\\\/uploads\\\/2023\\\/10\\\/Samsung_Galaxy_S23_Ultra_5G.jpg\",\"datePublished\":\"2023-10-25T14:03:34+00:00\",\"dateModified\":\"2025-07-01T20:18:12+00:00\",\"description\":\"\u00a1Obt\u00e9n efectivo por tu nuevo Samsung Galaxy S23 Ultra 5G 512GB! Gana dinero extra en Gestpoint GSM. \u00a1Aprovecha esta oportunidad! \u00a1No la dejes pasar!\",\"breadcrumb\":{\"@id\":\"https:\\\/\\\/gestpointgsm.com\\\/producto\\\/galaxy-s23-ultra-5g-512gb\\\/#breadcrumb\"},\"inLanguage\":\"en-GB\",\"potentialAction\":[{\"@type\":\"ReadAction\",\"target\":[\"https:\\\/\\\/gestpointgsm.com\\\/producto\\\/galaxy-s23-ultra-5g-512gb\\\/\"]}]},{\"@type\":\"ImageObject\",\"inLanguage\":\"en-GB\",\"@id\":\"https:\\\/\\\/gestpointgsm.com\\\/producto\\\/galaxy-s23-ultra-5g-512gb\\\/#primaryimage\",\"url\":\"https:\\\/\\\/gestpointgsm.com\\\/wp-content\\\/uploads\\\/2023\\\/10\\\/Samsung_Galaxy_S23_Ultra_5G.jpg\",\"contentUrl\":\"https:\\\/\\\/gestpointgsm.com\\\/wp-content\\\/uploads\\\/2023\\\/10\\\/Samsung_Galaxy_S23_Ultra_5G.jpg\",\"width\":160,\"height\":212,\"caption\":\"Vende tu Samsung Galaxy S23 Ultra 5G de 512 gigas y obt\u00e9n ingresos adicionales y beneficia a otros que buscan dispositivos de calidad a precios razonables. \u00a1Aprovecha esta oportunidad! vender movil galaxy\"},{\"@type\":\"BreadcrumbList\",\"@id\":\"https:\\\/\\\/gestpointgsm.com\\\/producto\\\/galaxy-s23-ultra-5g-512gb\\\/#breadcrumb\",\"itemListElement\":[{\"@type\":\"ListItem\",\"position\":1,\"name\":\"Portada\",\"item\":\"https:\\\/\\\/gestpointgsm.com\\\/es\\\/\"},{\"@type\":\"ListItem\",\"position\":2,\"name\":\"Tienda\",\"item\":\"https:\\\/\\\/gestpointgsm.com\\\/es\\\/tienda\\\/\"},{\"@type\":\"ListItem\",\"position\":3,\"name\":\"Galaxy S23 Ultra 5G 512GB\"}]},{\"@type\":\"WebSite\",\"@id\":\"https:\\\/\\\/gestpointgsm.com\\\/es\\\/#website\",\"url\":\"https:\\\/\\\/gestpointgsm.com\\\/es\\\/\",\"name\":\"Gestpoint GSM\",\"description\":\"Gestpoint GSM es una empresa con m\u00e1s de 10 a\u00f1os de experiencia en la compra y venta de art\u00edculos de telefon\u00eda m\u00f3vil, accesorios, relojes inteligentes, entre otros.\",\"publisher\":{\"@id\":\"https:\\\/\\\/gestpointgsm.com\\\/es\\\/#organization\"},\"potentialAction\":[{\"@type\":\"SearchAction\",\"target\":{\"@type\":\"EntryPoint\",\"urlTemplate\":\"https:\\\/\\\/gestpointgsm.com\\\/es\\\/?s={search_term_string}\"},\"query-input\":{\"@type\":\"PropertyValueSpecification\",\"valueRequired\":true,\"valueName\":\"search_term_string\"}}],\"inLanguage\":\"en-GB\"},{\"@type\":\"Organization\",\"@id\":\"https:\\\/\\\/gestpointgsm.com\\\/es\\\/#organization\",\"name\":\"Gestpoint GSM\",\"url\":\"https:\\\/\\\/gestpointgsm.com\\\/es\\\/\",\"logo\":{\"@type\":\"ImageObject\",\"inLanguage\":\"en-GB\",\"@id\":\"https:\\\/\\\/gestpointgsm.com\\\/es\\\/#\\\/schema\\\/logo\\\/image\\\/\",\"url\":\"http:\\\/\\\/gestpointgsm.com\\\/wp-content\\\/uploads\\\/2023\\\/07\\\/ISOTIPO.png\",\"contentUrl\":\"http:\\\/\\\/gestpointgsm.com\\\/wp-content\\\/uploads\\\/2023\\\/07\\\/ISOTIPO.png\",\"width\":1920,\"height\":1080,\"caption\":\"Gestpoint GSM\"},\"image\":{\"@id\":\"https:\\\/\\\/gestpointgsm.com\\\/es\\\/#\\\/schema\\\/logo\\\/image\\\/\"}}]}<\/script>\n<!-- \/ Yoast SEO plugin. -->","yoast_head_json":{"title":"Vende tu Samsung Galaxy S23 Ultra 5G 512GB en Gestpoint GSM","description":"\u00a1Obt\u00e9n efectivo por tu nuevo Samsung Galaxy S23 Ultra 5G 512GB! Gana dinero extra en Gestpoint GSM. \u00a1Aprovecha esta oportunidad! \u00a1No la dejes pasar!","robots":{"index":"index","follow":"follow","max-snippet":"max-snippet:-1","max-image-preview":"max-image-preview:large","max-video-preview":"max-video-preview:-1"},"canonical":"https:\/\/gestpointgsm.com\/en\/product\/galaxy-s23-ultra-5g-512gb\/","og_locale":"en_GB","og_type":"article","og_title":"Vende tu Samsung Galaxy S23 Ultra 5G 512GB en Gestpoint GSM","og_description":"\u00a1Obt\u00e9n efectivo por tu nuevo Samsung Galaxy S23 Ultra 5G 512GB! Gana dinero extra en Gestpoint GSM. \u00a1Aprovecha esta oportunidad! \u00a1No la dejes pasar!","og_url":"https:\/\/gestpointgsm.com\/en\/product\/galaxy-s23-ultra-5g-512gb\/","og_site_name":"Gestpoint GSM","article_modified_time":"2025-07-01T20:18:12+00:00","og_image":[{"width":160,"height":212,"url":"https:\/\/gestpointgsm.com\/wp-content\/uploads\/2023\/10\/Samsung_Galaxy_S23_Ultra_5G.jpg","type":"image\/jpeg"}],"twitter_card":"summary_large_image","twitter_misc":{"Estimated reading time":"2 minutes"},"schema":{"@context":"https:\/\/schema.org","@graph":[{"@type":"WebPage","@id":"https:\/\/gestpointgsm.com\/producto\/galaxy-s23-ultra-5g-512gb\/","url":"https:\/\/gestpointgsm.com\/producto\/galaxy-s23-ultra-5g-512gb\/","name":"Vende tu Samsung Galaxy S23 Ultra 5G 512GB en Gestpoint GSM","isPartOf":{"@id":"https:\/\/gestpointgsm.com\/es\/#website"},"primaryImageOfPage":{"@id":"https:\/\/gestpointgsm.com\/producto\/galaxy-s23-ultra-5g-512gb\/#primaryimage"},"image":{"@id":"https:\/\/gestpointgsm.com\/producto\/galaxy-s23-ultra-5g-512gb\/#primaryimage"},"thumbnailUrl":"https:\/\/gestpointgsm.com\/wp-content\/uploads\/2023\/10\/Samsung_Galaxy_S23_Ultra_5G.jpg","datePublished":"2023-10-25T14:03:34+00:00","dateModified":"2025-07-01T20:18:12+00:00","description":"\u00a1Obt\u00e9n efectivo por tu nuevo Samsung Galaxy S23 Ultra 5G 512GB! Gana dinero extra en Gestpoint GSM. \u00a1Aprovecha esta oportunidad! \u00a1No la dejes pasar!","breadcrumb":{"@id":"https:\/\/gestpointgsm.com\/producto\/galaxy-s23-ultra-5g-512gb\/#breadcrumb"},"inLanguage":"en-GB","potentialAction":[{"@type":"ReadAction","target":["https:\/\/gestpointgsm.com\/producto\/galaxy-s23-ultra-5g-512gb\/"]}]},{"@type":"ImageObject","inLanguage":"en-GB","@id":"https:\/\/gestpointgsm.com\/producto\/galaxy-s23-ultra-5g-512gb\/#primaryimage","url":"https:\/\/gestpointgsm.com\/wp-content\/uploads\/2023\/10\/Samsung_Galaxy_S23_Ultra_5G.jpg","contentUrl":"https:\/\/gestpointgsm.com\/wp-content\/uploads\/2023\/10\/Samsung_Galaxy_S23_Ultra_5G.jpg","width":160,"height":212,"caption":"Vende tu Samsung Galaxy S23 Ultra 5G de 512 gigas y obt\u00e9n ingresos adicionales y beneficia a otros que buscan dispositivos de calidad a precios razonables. \u00a1Aprovecha esta oportunidad! vender movil galaxy"},{"@type":"BreadcrumbList","@id":"https:\/\/gestpointgsm.com\/producto\/galaxy-s23-ultra-5g-512gb\/#breadcrumb","itemListElement":[{"@type":"ListItem","position":1,"name":"Portada","item":"https:\/\/gestpointgsm.com\/es\/"},{"@type":"ListItem","position":2,"name":"Tienda","item":"https:\/\/gestpointgsm.com\/es\/tienda\/"},{"@type":"ListItem","position":3,"name":"Galaxy S23 Ultra 5G 512GB"}]},{"@type":"WebSite","@id":"https:\/\/gestpointgsm.com\/es\/#website","url":"https:\/\/gestpointgsm.com\/es\/","name":"Gestpoint GSM","description":"Gestpoint GSM es una empresa con m\u00e1s de 10 a\u00f1os de experiencia en la compra y venta de art\u00edculos de telefon\u00eda m\u00f3vil, accesorios, relojes inteligentes, entre otros.","publisher":{"@id":"https:\/\/gestpointgsm.com\/es\/#organization"},"potentialAction":[{"@type":"SearchAction","target":{"@type":"EntryPoint","urlTemplate":"https:\/\/gestpointgsm.com\/es\/?s={search_term_string}"},"query-input":{"@type":"PropertyValueSpecification","valueRequired":true,"valueName":"search_term_string"}}],"inLanguage":"en-GB"},{"@type":"Organization","@id":"https:\/\/gestpointgsm.com\/es\/#organization","name":"Gestpoint GSM","url":"https:\/\/gestpointgsm.com\/es\/","logo":{"@type":"ImageObject","inLanguage":"en-GB","@id":"https:\/\/gestpointgsm.com\/es\/#\/schema\/logo\/image\/","url":"http:\/\/gestpointgsm.com\/wp-content\/uploads\/2023\/07\/ISOTIPO.png","contentUrl":"http:\/\/gestpointgsm.com\/wp-content\/uploads\/2023\/07\/ISOTIPO.png","width":1920,"height":1080,"caption":"Gestpoint GSM"},"image":{"@id":"https:\/\/gestpointgsm.com\/es\/#\/schema\/logo\/image\/"}}]}},"_links":{"self":[{"href":"https:\/\/gestpointgsm.com\/en\/wp-json\/wp\/v2\/product\/7851","targetHints":{"allow":["GET"]}}],"collection":[{"href":"https:\/\/gestpointgsm.com\/en\/wp-json\/wp\/v2\/product"}],"about":[{"href":"https:\/\/gestpointgsm.com\/en\/wp-json\/wp\/v2\/types\/product"}],"version-history":[{"count":1,"href":"https:\/\/gestpointgsm.com\/en\/wp-json\/wp\/v2\/product\/7851\/revisions"}],"predecessor-version":[{"id":10338,"href":"https:\/\/gestpointgsm.com\/en\/wp-json\/wp\/v2\/product\/7851\/revisions\/10338"}],"wp:featuredmedia":[{"embeddable":true,"href":"https:\/\/gestpointgsm.com\/en\/wp-json\/wp\/v2\/media\/7850"}],"wp:attachment":[{"href":"https:\/\/gestpointgsm.com\/en\/wp-json\/wp\/v2\/media?parent=7851"}],"wp:term":[{"taxonomy":"product_cat","embeddable":true,"href":"https:\/\/gestpointgsm.com\/en\/wp-json\/wp\/v2\/product_cat?post=7851"},{"taxonomy":"product_tag","embeddable":true,"href":"https:\/\/gestpointgsm.com\/en\/wp-json\/wp\/v2\/product_tag?post=7851"}],"curies":[{"name":"wp","href":"https:\/\/api.w.org\/{rel}","templated":true}]}}