{"id":16,"date":"2022-02-06T08:21:03","date_gmt":"2022-02-06T08:21:03","guid":{"rendered":"https:\/\/xstore.8theme.com\/elementor\/demos\/minimal-electronics\/my-account\/"},"modified":"2023-11-17T13:50:42","modified_gmt":"2023-11-17T13:50:42","slug":"mi-cuenta","status":"publish","type":"page","link":"https:\/\/gestpointgsm.com\/es\/mi-cuenta\/","title":{"rendered":"Mi cuenta"},"content":{"rendered":"\t\t<div data-elementor-type=\"wp-page\" data-elementor-id=\"16\" class=\"elementor elementor-16\" data-elementor-post-type=\"page\">\n\t\t\t\t\t\t<section class=\"elementor-section elementor-top-section elementor-element elementor-element-2dab740e elementor-section-boxed elementor-section-height-default elementor-section-height-default\" data-id=\"2dab740e\" data-element_type=\"section\" data-e-type=\"section\" data-settings=\"{&quot;background_background&quot;:&quot;classic&quot;}\">\n\t\t\t\t\t\t\t<div class=\"elementor-background-overlay\"><\/div>\n\t\t\t\t\t\t\t<div class=\"elementor-container elementor-column-gap-default\">\n\t\t\t\t\t<div class=\"elementor-column elementor-col-100 elementor-top-column elementor-element elementor-element-221f631a\" data-id=\"221f631a\" data-element_type=\"column\" data-e-type=\"column\">\n\t\t\t<div class=\"elementor-widget-wrap elementor-element-populated\">\n\t\t\t\t\t\t<section class=\"elementor-section elementor-inner-section elementor-element elementor-element-3bfbaa88 elementor-section-boxed elementor-section-height-default elementor-section-height-default\" data-id=\"3bfbaa88\" data-element_type=\"section\" data-e-type=\"section\">\n\t\t\t\t\t\t<div class=\"elementor-container elementor-column-gap-default\">\n\t\t\t\t\t<div class=\"elementor-column elementor-col-100 elementor-inner-column elementor-element elementor-element-6c437ab9\" data-id=\"6c437ab9\" data-element_type=\"column\" data-e-type=\"column\">\n\t\t\t<div class=\"elementor-widget-wrap elementor-element-populated\">\n\t\t\t\t\t\t<div class=\"elementor-element elementor-element-72beaaba elementor-widget elementor-widget-heading\" data-id=\"72beaaba\" data-element_type=\"widget\" data-e-type=\"widget\" data-widget_type=\"heading.default\">\n\t\t\t\t<div class=\"elementor-widget-container\">\n\t\t\t\t\t<h1 class=\"elementor-heading-title elementor-size-default\">Mi cuenta<\/h1>\t\t\t\t<\/div>\n\t\t\t\t<\/div>\n\t\t\t\t\t<\/div>\n\t\t<\/div>\n\t\t\t\t\t<\/div>\n\t\t<\/section>\n\t\t\t\t<div class=\"elementor-element elementor-element-2b93154e e-my-account-tabs-vertical elementor-widget elementor-widget-woocommerce-my-account\" data-id=\"2b93154e\" data-element_type=\"widget\" data-e-type=\"widget\" data-settings=\"{&quot;customize_dashboard_check&quot;:&quot;yes&quot;}\" data-widget_type=\"woocommerce-my-account.default\">\n\t\t\t\t<div class=\"elementor-widget-container\">\n\t\t\t\t\t<div class=\"e-my-account-tab e-my-account-tab__ \">\t\t\t<div class=\"woocommerce\"><\/div>\t\t<\/div>\n\t\t\t\t\t\t<\/div>\n\t\t\t\t<\/div>\n\t\t\t\t\t<\/div>\n\t\t<\/div>\n\t\t\t\t\t<\/div>\n\t\t<\/section>\n\t\t\t\t<\/div>\n\t\t","protected":false},"excerpt":{"rendered":"<p>Tablero Pedidos Descargas Direcciones Detalles de la cuenta Cerrar Sesi\u00f3n Hola soporte (\u00bfno eres soporte? Cerrar sesi\u00f3n) Desde el escritorio de tu cuenta puedes ver tus pedidos recientes, gestionar tu direcci\u00f3n de facturaci\u00f3n y editar tu contrase\u00f1a y los detalles de tu cuenta.<\/p>\n","protected":false},"author":1,"featured_media":0,"parent":0,"menu_order":0,"comment_status":"closed","ping_status":"closed","template":"elementor_header_footer","meta":{"_joinchat":[],"footnotes":""},"class_list":["post-16","page","type-page","status-publish","hentry"],"yoast_head":"<!-- This site is optimized with the Yoast SEO plugin v27.3 - https:\/\/yoast.com\/product\/yoast-seo-wordpress\/ -->\n<title>Vende tu dispositivo en Gestpoint GSM<\/title>\n<meta name=\"description\" content=\"\u00a1Obt\u00e9n efectivo por tu dispositivo! Gana dinero extra en Gestpoint GSM \u00a1Aprovecha esta oportunidad no la dejes perder!\" \/>\n<meta name=\"robots\" content=\"index, follow, max-snippet:-1, max-image-preview:large, max-video-preview:-1\" \/>\n<link rel=\"canonical\" href=\"https:\/\/gestpointgsm.com\/es\/mi-cuenta\/\" \/>\n<meta property=\"og:locale\" content=\"es_ES\" \/>\n<meta property=\"og:type\" content=\"article\" \/>\n<meta property=\"og:title\" content=\"Vende tu dispositivo en Gestpoint GSM\" \/>\n<meta property=\"og:description\" content=\"\u00a1Obt\u00e9n efectivo por tu dispositivo! Gana dinero extra en Gestpoint GSM \u00a1Aprovecha esta oportunidad no la dejes perder!\" \/>\n<meta property=\"og:url\" content=\"https:\/\/gestpointgsm.com\/es\/mi-cuenta\/\" \/>\n<meta property=\"og:site_name\" content=\"Gestpoint GSM\" \/>\n<meta property=\"article:modified_time\" content=\"2023-11-17T13:50:42+00:00\" \/>\n<meta name=\"twitter:card\" content=\"summary_large_image\" \/>\n<meta name=\"twitter:label1\" content=\"Tiempo de lectura\" \/>\n\t<meta name=\"twitter:data1\" content=\"1 minuto\" \/>\n<script type=\"application\/ld+json\" class=\"yoast-schema-graph\">{\"@context\":\"https:\\\/\\\/schema.org\",\"@graph\":[{\"@type\":\"WebPage\",\"@id\":\"https:\\\/\\\/gestpointgsm.com\\\/es\\\/mi-cuenta\\\/\",\"url\":\"https:\\\/\\\/gestpointgsm.com\\\/es\\\/mi-cuenta\\\/\",\"name\":\"Vende tu dispositivo en Gestpoint GSM\",\"isPartOf\":{\"@id\":\"https:\\\/\\\/gestpointgsm.com\\\/es\\\/#website\"},\"datePublished\":\"2022-02-06T08:21:03+00:00\",\"dateModified\":\"2023-11-17T13:50:42+00:00\",\"description\":\"\u00a1Obt\u00e9n efectivo por tu dispositivo! Gana dinero extra en Gestpoint GSM \u00a1Aprovecha esta oportunidad no la dejes perder!\",\"breadcrumb\":{\"@id\":\"https:\\\/\\\/gestpointgsm.com\\\/es\\\/mi-cuenta\\\/#breadcrumb\"},\"inLanguage\":\"es\",\"potentialAction\":[{\"@type\":\"ReadAction\",\"target\":[\"https:\\\/\\\/gestpointgsm.com\\\/es\\\/mi-cuenta\\\/\"]}]},{\"@type\":\"BreadcrumbList\",\"@id\":\"https:\\\/\\\/gestpointgsm.com\\\/es\\\/mi-cuenta\\\/#breadcrumb\",\"itemListElement\":[{\"@type\":\"ListItem\",\"position\":1,\"name\":\"Portada\",\"item\":\"https:\\\/\\\/gestpointgsm.com\\\/es\\\/\"},{\"@type\":\"ListItem\",\"position\":2,\"name\":\"Mi cuenta\"}]},{\"@type\":\"WebSite\",\"@id\":\"https:\\\/\\\/gestpointgsm.com\\\/es\\\/#website\",\"url\":\"https:\\\/\\\/gestpointgsm.com\\\/es\\\/\",\"name\":\"Gestpoint GSM\",\"description\":\"Gestpoint GSM es una empresa con m\u00e1s de 10 a\u00f1os de experiencia en la compra y venta de art\u00edculos de telefon\u00eda m\u00f3vil, accesorios, relojes inteligentes, entre otros.\",\"publisher\":{\"@id\":\"https:\\\/\\\/gestpointgsm.com\\\/es\\\/#organization\"},\"potentialAction\":[{\"@type\":\"SearchAction\",\"target\":{\"@type\":\"EntryPoint\",\"urlTemplate\":\"https:\\\/\\\/gestpointgsm.com\\\/es\\\/?s={search_term_string}\"},\"query-input\":{\"@type\":\"PropertyValueSpecification\",\"valueRequired\":true,\"valueName\":\"search_term_string\"}}],\"inLanguage\":\"es\"},{\"@type\":\"Organization\",\"@id\":\"https:\\\/\\\/gestpointgsm.com\\\/es\\\/#organization\",\"name\":\"Gestpoint GSM\",\"url\":\"https:\\\/\\\/gestpointgsm.com\\\/es\\\/\",\"logo\":{\"@type\":\"ImageObject\",\"inLanguage\":\"es\",\"@id\":\"https:\\\/\\\/gestpointgsm.com\\\/es\\\/#\\\/schema\\\/logo\\\/image\\\/\",\"url\":\"http:\\\/\\\/gestpointgsm.com\\\/wp-content\\\/uploads\\\/2023\\\/07\\\/ISOTIPO.png\",\"contentUrl\":\"http:\\\/\\\/gestpointgsm.com\\\/wp-content\\\/uploads\\\/2023\\\/07\\\/ISOTIPO.png\",\"width\":1920,\"height\":1080,\"caption\":\"Gestpoint GSM\"},\"image\":{\"@id\":\"https:\\\/\\\/gestpointgsm.com\\\/es\\\/#\\\/schema\\\/logo\\\/image\\\/\"}}]}<\/script>\n<!-- \/ Yoast SEO plugin. -->","yoast_head_json":{"title":"Vende tu dispositivo en Gestpoint GSM","description":"\u00a1Obt\u00e9n efectivo por tu dispositivo! Gana dinero extra en Gestpoint GSM \u00a1Aprovecha esta oportunidad no la dejes perder!","robots":{"index":"index","follow":"follow","max-snippet":"max-snippet:-1","max-image-preview":"max-image-preview:large","max-video-preview":"max-video-preview:-1"},"canonical":"https:\/\/gestpointgsm.com\/es\/mi-cuenta\/","og_locale":"es_ES","og_type":"article","og_title":"Vende tu dispositivo en Gestpoint GSM","og_description":"\u00a1Obt\u00e9n efectivo por tu dispositivo! Gana dinero extra en Gestpoint GSM \u00a1Aprovecha esta oportunidad no la dejes perder!","og_url":"https:\/\/gestpointgsm.com\/es\/mi-cuenta\/","og_site_name":"Gestpoint GSM","article_modified_time":"2023-11-17T13:50:42+00:00","twitter_card":"summary_large_image","twitter_misc":{"Tiempo de lectura":"1 minuto"},"schema":{"@context":"https:\/\/schema.org","@graph":[{"@type":"WebPage","@id":"https:\/\/gestpointgsm.com\/es\/mi-cuenta\/","url":"https:\/\/gestpointgsm.com\/es\/mi-cuenta\/","name":"Vende tu dispositivo en Gestpoint GSM","isPartOf":{"@id":"https:\/\/gestpointgsm.com\/es\/#website"},"datePublished":"2022-02-06T08:21:03+00:00","dateModified":"2023-11-17T13:50:42+00:00","description":"\u00a1Obt\u00e9n efectivo por tu dispositivo! Gana dinero extra en Gestpoint GSM \u00a1Aprovecha esta oportunidad no la dejes perder!","breadcrumb":{"@id":"https:\/\/gestpointgsm.com\/es\/mi-cuenta\/#breadcrumb"},"inLanguage":"es","potentialAction":[{"@type":"ReadAction","target":["https:\/\/gestpointgsm.com\/es\/mi-cuenta\/"]}]},{"@type":"BreadcrumbList","@id":"https:\/\/gestpointgsm.com\/es\/mi-cuenta\/#breadcrumb","itemListElement":[{"@type":"ListItem","position":1,"name":"Portada","item":"https:\/\/gestpointgsm.com\/es\/"},{"@type":"ListItem","position":2,"name":"Mi cuenta"}]},{"@type":"WebSite","@id":"https:\/\/gestpointgsm.com\/es\/#website","url":"https:\/\/gestpointgsm.com\/es\/","name":"Gestpoint GSM","description":"Gestpoint GSM es una empresa con m\u00e1s de 10 a\u00f1os de experiencia en la compra y venta de art\u00edculos de telefon\u00eda m\u00f3vil, accesorios, relojes inteligentes, entre otros.","publisher":{"@id":"https:\/\/gestpointgsm.com\/es\/#organization"},"potentialAction":[{"@type":"SearchAction","target":{"@type":"EntryPoint","urlTemplate":"https:\/\/gestpointgsm.com\/es\/?s={search_term_string}"},"query-input":{"@type":"PropertyValueSpecification","valueRequired":true,"valueName":"search_term_string"}}],"inLanguage":"es"},{"@type":"Organization","@id":"https:\/\/gestpointgsm.com\/es\/#organization","name":"Gestpoint GSM","url":"https:\/\/gestpointgsm.com\/es\/","logo":{"@type":"ImageObject","inLanguage":"es","@id":"https:\/\/gestpointgsm.com\/es\/#\/schema\/logo\/image\/","url":"http:\/\/gestpointgsm.com\/wp-content\/uploads\/2023\/07\/ISOTIPO.png","contentUrl":"http:\/\/gestpointgsm.com\/wp-content\/uploads\/2023\/07\/ISOTIPO.png","width":1920,"height":1080,"caption":"Gestpoint GSM"},"image":{"@id":"https:\/\/gestpointgsm.com\/es\/#\/schema\/logo\/image\/"}}]}},"_links":{"self":[{"href":"https:\/\/gestpointgsm.com\/es\/wp-json\/wp\/v2\/pages\/16","targetHints":{"allow":["GET"]}}],"collection":[{"href":"https:\/\/gestpointgsm.com\/es\/wp-json\/wp\/v2\/pages"}],"about":[{"href":"https:\/\/gestpointgsm.com\/es\/wp-json\/wp\/v2\/types\/page"}],"author":[{"embeddable":true,"href":"https:\/\/gestpointgsm.com\/es\/wp-json\/wp\/v2\/users\/1"}],"replies":[{"embeddable":true,"href":"https:\/\/gestpointgsm.com\/es\/wp-json\/wp\/v2\/comments?post=16"}],"version-history":[{"count":14,"href":"https:\/\/gestpointgsm.com\/es\/wp-json\/wp\/v2\/pages\/16\/revisions"}],"predecessor-version":[{"id":10059,"href":"https:\/\/gestpointgsm.com\/es\/wp-json\/wp\/v2\/pages\/16\/revisions\/10059"}],"wp:attachment":[{"href":"https:\/\/gestpointgsm.com\/es\/wp-json\/wp\/v2\/media?parent=16"}],"curies":[{"name":"wp","href":"https:\/\/api.w.org\/{rel}","templated":true}]}}