{"id":1978,"date":"2022-12-13T17:28:53","date_gmt":"2022-12-13T17:28:53","guid":{"rendered":"https:\/\/www.desarrollodigitalizarte.com\/gestpoint\/?page_id=1978"},"modified":"2023-12-26T12:33:50","modified_gmt":"2023-12-26T12:33:50","slug":"politica-de-privacidad","status":"publish","type":"page","link":"https:\/\/gestpointgsm.com\/es\/politica-de-privacidad\/","title":{"rendered":"Pol\u00edtica de privacidad"},"content":{"rendered":"\t\t<div data-elementor-type=\"wp-page\" data-elementor-id=\"1978\" class=\"elementor elementor-1978\" data-elementor-post-type=\"page\">\n\t\t\t\t\t\t<section class=\"elementor-section elementor-top-section elementor-element elementor-element-750ed210 elementor-section-boxed elementor-section-height-default elementor-section-height-default\" data-id=\"750ed210\" data-element_type=\"section\" data-e-type=\"section\">\n\t\t\t\t\t\t<div class=\"elementor-container elementor-column-gap-default\">\n\t\t\t\t\t<div class=\"elementor-column elementor-col-100 elementor-top-column elementor-element elementor-element-612408ae\" data-id=\"612408ae\" data-element_type=\"column\" data-e-type=\"column\">\n\t\t\t<div class=\"elementor-widget-wrap elementor-element-populated\">\n\t\t\t\t\t\t<div class=\"elementor-element elementor-element-9ccd093 elementor-widget elementor-widget-text-editor\" data-id=\"9ccd093\" data-element_type=\"widget\" data-e-type=\"widget\" data-widget_type=\"text-editor.default\">\n\t\t\t\t<div class=\"elementor-widget-container\">\n\t\t\t\t\t\t\t\t\t\n<h1 class=\"wp-block-heading\" data-pm-slice=\"1 1 []\">Pol\u00edtica de privacidad<\/h1>\n<h2 data-pm-slice=\"1 1 []\">\u00a0<\/h2>\n<h2 data-pm-slice=\"1 1 []\">Pol\u00edtica de seguridad:<\/h2>\n<p>\u00a0<\/p>\n<p>GEST POINT GSM S.L. garantiza la confidencialidad de los datos de car\u00e1cter personal facilitados por los usuarios\/clientes que son recogidos por un servidor seguro, sin que nadie pueda ver o capturar los datos introducidos.<\/p>\n<p>El tratamiento de los datos personales se efect\u00faa de conformidad con lo dispuesto en la Ley Org\u00e1nica 15\/1999, de 13 de Diciembre, sobre Protecci\u00f3n de Datos de Car\u00e1cter Personal, informando al usuario\/cliente de la posible incorporaci\u00f3n de sus datos en ficheros, del tratamiento inform\u00e1tico a que van a ser sometidos, as\u00ed como de la finalidad para la que son recogidos y tratados y de sus derechos de acceso, rectificaci\u00f3n, cancelaci\u00f3n y oposici\u00f3n.<\/p>\n<p>GEST POINT GSM S.L. como responsable del fichero, cuenta con los medios t\u00e9cnicos, organizativos y humanos necesarios para garantizar la seguridad y protecci\u00f3n de sus sistemas de informaci\u00f3n as\u00ed como de los datos e informaci\u00f3n de los clientes que en ellos se almacenan.<\/p>\n<p>\u00a0<\/p>\n<h2>Tratamiento de datos:<\/h2>\n<p>\u00a0<\/p>\n<p>La recogida de datos se realizar\u00e1 dando estricto cumplimiento a lo regulado al respecto en la Ley Org\u00e1nica 15\/1999, de 13 de Diciembre, sobre Protecci\u00f3n de Datos de Car\u00e1cter Personal, y en especial por lo que a los menores se refiere, ya que referida recogida quedar\u00e1 limitada seg\u00fan la legalidad vigente a los 16 a\u00f1os, otorgando en el supuesto de recogida de datos pertenecientes a usuarios\/clientes menores de la edad se\u00f1alada, el ejercicio del derecho de acceso, cancelaci\u00f3n, rectificaci\u00f3n y oposici\u00f3n de los datos de sus hijos o tutelados, previa acreditaci\u00f3n de dicha relaci\u00f3n.<\/p>\n<p>Los datos que como consecuencia de la cumplimentaci\u00f3n de los distintos impresos se incorporen a la presente web site, ser\u00e1n recogidos para poder gestionar el proceso de compra de sus tel\u00e9fonos y realizar el correspondiente cargo en su cuenta bancaria. Igualmente, y siempre que usted haya otorgado previamente su consentimiento, dichos datos podr\u00e1n ser utilizados para el env\u00edo de comunicaciones comerciales sobre nuestros productos y servicios.<\/p>\n<p>El usuario\/cliente podr\u00e1 ejercer en cualquier momento su derecho de acceso, rectificaci\u00f3n, cancelaci\u00f3n y oposici\u00f3n de sus datos, y revocar la autorizaci\u00f3n concedida para que GEST POINT GSM S.L. env\u00ede por v\u00eda electr\u00f3nica ofertas o comunicaciones publicitarias y promocionales, notific\u00e1ndolo a la siguiente direcci\u00f3n de correo electr\u00f3nico <a href=\"mailto:info@gestpointgsm.com\">info@gestpointgsm.com<\/a>.<\/p>\n<p>\u00a0<\/p>\n<h2>Limitaci\u00f3n de responsabilidad:<\/h2>\n<p>\u00a0<\/p>\n<p>GEST POINT GSM S.L. no garantiza que el acceso a la web site sea ininterrumpido o que est\u00e9 libre de error; como tampoco se responsabiliza ni garantiza que el contenido o software al que se pueda acceder a trav\u00e9s de esta web site sea ininterrumpido, est\u00e9 libre de error o cause un da\u00f1o al usuario.<\/p>\n<p>GEST POINT GSM S.L.no se responsabiliza ni garantiza el aprovechamiento de la informaci\u00f3n, o contenido de esta website que se pudiera canalizar para prop\u00f3sitos particulares y en ning\u00fan caso ser\u00e1 responsable por las p\u00e9rdidas o da\u00f1os de cualquier tipo que surjan por el acceso y el uso de la p\u00e1gina web, como por ejemplo, virus inform\u00e1ticos o alg\u00fan otro tipo de componente da\u00f1ino.<\/p>\n<p>\u00a0<\/p>\n<h2>Modificaci\u00f3n:<\/h2>\n<p>\u00a0<\/p>\n<p>GEST POINT GSM S.L. se reserva todos los derechos para modificar, modificar o cancelar los t\u00e9rminos \u00a0y condiciones aplicables a la web site, no asumiendo responsabilidad alguna sobre su actualizaci\u00f3n, as\u00ed como la facultad de efectuar cuantas modificaciones en la configuraci\u00f3n o presentaci\u00f3n de la web estime convenientes, en cualquier momento y sin previo aviso.<\/p>\n<p>\u00a0<\/p>\n<h2>Comunicaciones realizadas en entorno seguro:<\/h2>\n<p>\u00a0<\/p>\n<p>Desde el momento en que ha entrado en nuestra web site, Usted se encuentra en un entorno seguro.<\/p>\n<p>GEST POINT GSM S.L. dispone de un servidor seguro que permite que las comunicaciones se realicen <strong>con un elevado nivel de seguridad.<\/strong><\/p>\n<p>Asimismo, le indicamos que siempre debe comprobar que est\u00e1 introduciendo sus datos bajo una conexi\u00f3n segura (cuando en su navegador aparezca el s\u00edmbolo de un candado cerrado). Si realiza una conexi\u00f3n con GEST POINT GSM S.L desde un ordenador de uso p\u00fablico, o compartido, debe borrar la memoria cach\u00e9 del navegador (archivos temporales de Internet) para eliminar cualquier dato introducido. Es conveniente que acceda a GEST POINT GSM S.L. directamente desde su navegador (tecleando la direcci\u00f3n <a class=\"ProsemirrorEditor-link\" href=\"http:\/\/www.gestpointgsm.com\/\">www.gestpointgsm.com<\/a>) y no desde enlaces de p\u00e1ginas que le ofrezcan escasa confianza.<\/p>\n\t\t\t\t\t\t\t\t<\/div>\n\t\t\t\t<\/div>\n\t\t\t\t\t<\/div>\n\t\t<\/div>\n\t\t\t\t\t<\/div>\n\t\t<\/section>\n\t\t\t\t<\/div>\n\t\t","protected":false},"excerpt":{"rendered":"<p>Pol\u00edtica de privacidad \u00a0 Pol\u00edtica de seguridad: \u00a0 GEST POINT GSM S.L. garantiza la confidencialidad de los datos de car\u00e1cter personal facilitados por los usuarios\/clientes que son recogidos por un servidor seguro, sin que nadie pueda ver o capturar los datos introducidos. El tratamiento de los datos personales se efect\u00faa de conformidad con lo dispuesto [&hellip;]<\/p>\n","protected":false},"author":1,"featured_media":0,"parent":0,"menu_order":0,"comment_status":"closed","ping_status":"closed","template":"","meta":{"_joinchat":[],"footnotes":""},"class_list":["post-1978","page","type-page","status-publish","hentry"],"yoast_head":"<!-- This site is optimized with the Yoast SEO plugin v27.5 - https:\/\/yoast.com\/product\/yoast-seo-wordpress\/ -->\n<title>Vende tu dispositivo en Gestpoint GSM<\/title>\n<meta name=\"description\" content=\"\u00a1Obt\u00e9n efectivo por tu dispositivo! Gana dinero extra en Gestpoint GSM \u00a1Aprovecha esta oportunidad no la dejes perder!\" \/>\n<meta name=\"robots\" content=\"index, follow, max-snippet:-1, max-image-preview:large, max-video-preview:-1\" \/>\n<link rel=\"canonical\" href=\"https:\/\/gestpointgsm.com\/es\/politica-de-privacidad\/\" \/>\n<meta property=\"og:locale\" content=\"es_ES\" \/>\n<meta property=\"og:type\" content=\"article\" \/>\n<meta property=\"og:title\" content=\"Vende tu dispositivo en Gestpoint GSM\" \/>\n<meta property=\"og:description\" content=\"\u00a1Obt\u00e9n efectivo por tu dispositivo! Gana dinero extra en Gestpoint GSM \u00a1Aprovecha esta oportunidad no la dejes perder!\" \/>\n<meta property=\"og:url\" content=\"https:\/\/gestpointgsm.com\/es\/politica-de-privacidad\/\" \/>\n<meta property=\"og:site_name\" content=\"Gestpoint GSM\" \/>\n<meta property=\"article:modified_time\" content=\"2023-12-26T12:33:50+00:00\" \/>\n<meta name=\"twitter:card\" content=\"summary_large_image\" \/>\n<meta name=\"twitter:label1\" content=\"Tiempo de lectura\" \/>\n\t<meta name=\"twitter:data1\" content=\"4 minutos\" \/>\n<script type=\"application\/ld+json\" class=\"yoast-schema-graph\">{\"@context\":\"https:\\\/\\\/schema.org\",\"@graph\":[{\"@type\":\"WebPage\",\"@id\":\"https:\\\/\\\/gestpointgsm.com\\\/es\\\/politica-de-privacidad\\\/\",\"url\":\"https:\\\/\\\/gestpointgsm.com\\\/es\\\/politica-de-privacidad\\\/\",\"name\":\"Vende tu dispositivo en Gestpoint GSM\",\"isPartOf\":{\"@id\":\"https:\\\/\\\/gestpointgsm.com\\\/es\\\/#website\"},\"datePublished\":\"2022-12-13T17:28:53+00:00\",\"dateModified\":\"2023-12-26T12:33:50+00:00\",\"description\":\"\u00a1Obt\u00e9n efectivo por tu dispositivo! Gana dinero extra en Gestpoint GSM \u00a1Aprovecha esta oportunidad no la dejes perder!\",\"breadcrumb\":{\"@id\":\"https:\\\/\\\/gestpointgsm.com\\\/es\\\/politica-de-privacidad\\\/#breadcrumb\"},\"inLanguage\":\"es\",\"potentialAction\":[{\"@type\":\"ReadAction\",\"target\":[\"https:\\\/\\\/gestpointgsm.com\\\/es\\\/politica-de-privacidad\\\/\"]}]},{\"@type\":\"BreadcrumbList\",\"@id\":\"https:\\\/\\\/gestpointgsm.com\\\/es\\\/politica-de-privacidad\\\/#breadcrumb\",\"itemListElement\":[{\"@type\":\"ListItem\",\"position\":1,\"name\":\"Portada\",\"item\":\"https:\\\/\\\/gestpointgsm.com\\\/es\\\/\"},{\"@type\":\"ListItem\",\"position\":2,\"name\":\"Pol\u00edtica de privacidad\"}]},{\"@type\":\"WebSite\",\"@id\":\"https:\\\/\\\/gestpointgsm.com\\\/es\\\/#website\",\"url\":\"https:\\\/\\\/gestpointgsm.com\\\/es\\\/\",\"name\":\"Gestpoint GSM\",\"description\":\"Gestpoint GSM es una empresa con m\u00e1s de 10 a\u00f1os de experiencia en la compra y venta de art\u00edculos de telefon\u00eda m\u00f3vil, accesorios, relojes inteligentes, entre otros.\",\"publisher\":{\"@id\":\"https:\\\/\\\/gestpointgsm.com\\\/es\\\/#organization\"},\"potentialAction\":[{\"@type\":\"SearchAction\",\"target\":{\"@type\":\"EntryPoint\",\"urlTemplate\":\"https:\\\/\\\/gestpointgsm.com\\\/es\\\/?s={search_term_string}\"},\"query-input\":{\"@type\":\"PropertyValueSpecification\",\"valueRequired\":true,\"valueName\":\"search_term_string\"}}],\"inLanguage\":\"es\"},{\"@type\":\"Organization\",\"@id\":\"https:\\\/\\\/gestpointgsm.com\\\/es\\\/#organization\",\"name\":\"Gestpoint GSM\",\"url\":\"https:\\\/\\\/gestpointgsm.com\\\/es\\\/\",\"logo\":{\"@type\":\"ImageObject\",\"inLanguage\":\"es\",\"@id\":\"https:\\\/\\\/gestpointgsm.com\\\/es\\\/#\\\/schema\\\/logo\\\/image\\\/\",\"url\":\"http:\\\/\\\/gestpointgsm.com\\\/wp-content\\\/uploads\\\/2023\\\/07\\\/ISOTIPO.png\",\"contentUrl\":\"http:\\\/\\\/gestpointgsm.com\\\/wp-content\\\/uploads\\\/2023\\\/07\\\/ISOTIPO.png\",\"width\":1920,\"height\":1080,\"caption\":\"Gestpoint GSM\"},\"image\":{\"@id\":\"https:\\\/\\\/gestpointgsm.com\\\/es\\\/#\\\/schema\\\/logo\\\/image\\\/\"}}]}<\/script>\n<!-- \/ Yoast SEO plugin. -->","yoast_head_json":{"title":"Vende tu dispositivo en Gestpoint GSM","description":"\u00a1Obt\u00e9n efectivo por tu dispositivo! Gana dinero extra en Gestpoint GSM \u00a1Aprovecha esta oportunidad no la dejes perder!","robots":{"index":"index","follow":"follow","max-snippet":"max-snippet:-1","max-image-preview":"max-image-preview:large","max-video-preview":"max-video-preview:-1"},"canonical":"https:\/\/gestpointgsm.com\/es\/politica-de-privacidad\/","og_locale":"es_ES","og_type":"article","og_title":"Vende tu dispositivo en Gestpoint GSM","og_description":"\u00a1Obt\u00e9n efectivo por tu dispositivo! Gana dinero extra en Gestpoint GSM \u00a1Aprovecha esta oportunidad no la dejes perder!","og_url":"https:\/\/gestpointgsm.com\/es\/politica-de-privacidad\/","og_site_name":"Gestpoint GSM","article_modified_time":"2023-12-26T12:33:50+00:00","twitter_card":"summary_large_image","twitter_misc":{"Tiempo de lectura":"4 minutos"},"schema":{"@context":"https:\/\/schema.org","@graph":[{"@type":"WebPage","@id":"https:\/\/gestpointgsm.com\/es\/politica-de-privacidad\/","url":"https:\/\/gestpointgsm.com\/es\/politica-de-privacidad\/","name":"Vende tu dispositivo en Gestpoint GSM","isPartOf":{"@id":"https:\/\/gestpointgsm.com\/es\/#website"},"datePublished":"2022-12-13T17:28:53+00:00","dateModified":"2023-12-26T12:33:50+00:00","description":"\u00a1Obt\u00e9n efectivo por tu dispositivo! Gana dinero extra en Gestpoint GSM \u00a1Aprovecha esta oportunidad no la dejes perder!","breadcrumb":{"@id":"https:\/\/gestpointgsm.com\/es\/politica-de-privacidad\/#breadcrumb"},"inLanguage":"es","potentialAction":[{"@type":"ReadAction","target":["https:\/\/gestpointgsm.com\/es\/politica-de-privacidad\/"]}]},{"@type":"BreadcrumbList","@id":"https:\/\/gestpointgsm.com\/es\/politica-de-privacidad\/#breadcrumb","itemListElement":[{"@type":"ListItem","position":1,"name":"Portada","item":"https:\/\/gestpointgsm.com\/es\/"},{"@type":"ListItem","position":2,"name":"Pol\u00edtica de privacidad"}]},{"@type":"WebSite","@id":"https:\/\/gestpointgsm.com\/es\/#website","url":"https:\/\/gestpointgsm.com\/es\/","name":"Gestpoint GSM","description":"Gestpoint GSM es una empresa con m\u00e1s de 10 a\u00f1os de experiencia en la compra y venta de art\u00edculos de telefon\u00eda m\u00f3vil, accesorios, relojes inteligentes, entre otros.","publisher":{"@id":"https:\/\/gestpointgsm.com\/es\/#organization"},"potentialAction":[{"@type":"SearchAction","target":{"@type":"EntryPoint","urlTemplate":"https:\/\/gestpointgsm.com\/es\/?s={search_term_string}"},"query-input":{"@type":"PropertyValueSpecification","valueRequired":true,"valueName":"search_term_string"}}],"inLanguage":"es"},{"@type":"Organization","@id":"https:\/\/gestpointgsm.com\/es\/#organization","name":"Gestpoint GSM","url":"https:\/\/gestpointgsm.com\/es\/","logo":{"@type":"ImageObject","inLanguage":"es","@id":"https:\/\/gestpointgsm.com\/es\/#\/schema\/logo\/image\/","url":"http:\/\/gestpointgsm.com\/wp-content\/uploads\/2023\/07\/ISOTIPO.png","contentUrl":"http:\/\/gestpointgsm.com\/wp-content\/uploads\/2023\/07\/ISOTIPO.png","width":1920,"height":1080,"caption":"Gestpoint GSM"},"image":{"@id":"https:\/\/gestpointgsm.com\/es\/#\/schema\/logo\/image\/"}}]}},"_links":{"self":[{"href":"https:\/\/gestpointgsm.com\/es\/wp-json\/wp\/v2\/pages\/1978","targetHints":{"allow":["GET"]}}],"collection":[{"href":"https:\/\/gestpointgsm.com\/es\/wp-json\/wp\/v2\/pages"}],"about":[{"href":"https:\/\/gestpointgsm.com\/es\/wp-json\/wp\/v2\/types\/page"}],"author":[{"embeddable":true,"href":"https:\/\/gestpointgsm.com\/es\/wp-json\/wp\/v2\/users\/1"}],"replies":[{"embeddable":true,"href":"https:\/\/gestpointgsm.com\/es\/wp-json\/wp\/v2\/comments?post=1978"}],"version-history":[{"count":9,"href":"https:\/\/gestpointgsm.com\/es\/wp-json\/wp\/v2\/pages\/1978\/revisions"}],"predecessor-version":[{"id":9731,"href":"https:\/\/gestpointgsm.com\/es\/wp-json\/wp\/v2\/pages\/1978\/revisions\/9731"}],"wp:attachment":[{"href":"https:\/\/gestpointgsm.com\/es\/wp-json\/wp\/v2\/media?parent=1978"}],"curies":[{"name":"wp","href":"https:\/\/api.w.org\/{rel}","templated":true}]}}