{"id":3,"date":"2022-11-22T04:18:52","date_gmt":"2022-11-22T04:18:52","guid":{"rendered":"https:\/\/www.desarrollodigitalizarte.com\/gestpoint\/?page_id=3"},"modified":"2022-12-13T17:38:17","modified_gmt":"2022-12-13T17:38:17","slug":"politica-de-cookies","status":"publish","type":"page","link":"https:\/\/gestpointgsm.com\/es\/politica-de-cookies\/","title":{"rendered":"Pol\u00edtica de cookies"},"content":{"rendered":"\t\t<div data-elementor-type=\"wp-page\" data-elementor-id=\"3\" class=\"elementor elementor-3\" data-elementor-post-type=\"page\">\n\t\t\t\t\t\t<section class=\"elementor-section elementor-top-section elementor-element elementor-element-750ed210 elementor-section-boxed elementor-section-height-default elementor-section-height-default\" data-id=\"750ed210\" data-element_type=\"section\" data-e-type=\"section\">\n\t\t\t\t\t\t<div class=\"elementor-container elementor-column-gap-default\">\n\t\t\t\t\t<div class=\"elementor-column elementor-col-100 elementor-top-column elementor-element elementor-element-612408ae\" data-id=\"612408ae\" data-element_type=\"column\" data-e-type=\"column\">\n\t\t\t<div class=\"elementor-widget-wrap elementor-element-populated\">\n\t\t\t\t\t\t<div class=\"elementor-element elementor-element-9ccd093 elementor-widget elementor-widget-text-editor\" data-id=\"9ccd093\" data-element_type=\"widget\" data-e-type=\"widget\" data-widget_type=\"text-editor.default\">\n\t\t\t\t<div class=\"elementor-widget-container\">\n\t\t\t\t\t\t\t\t\t<p><\/p>\n<h1 class=\"wp-block-heading\" data-pm-slice=\"1 1 []\">Pol\u00edtica de cookies<\/h1><div><br><\/div>\n<p><strong>Utilizaci\u00f3n de cookies<\/strong><\/p>\n<p>Para la utilizaci\u00f3n de nuestro sitio web es necesario el uso de cookies. Las cookies se utilizan con la finalidad de facilitar el acceso y la navegaci\u00f3n de los usuarios al sitio web y para poder mostrarles el contenido m\u00e1s relevante en cada momento. Si lo deseas puede configurar tu navegador para ser avisado en pantalla de la recepci\u00f3n de cookies y para impedir la instalaci\u00f3n de cookies en tu disco duro. Por favor, consulta las instrucciones y manuales de tu navegador para ampliar esta informaci\u00f3n.<\/p>\n<p><strong>1. Qu\u00e9 son las cookies<\/strong><\/p>\n<p>Casi todos los sitios web utilizan cookies, es decir, almacenan una peque\u00f1a informaci\u00f3n de la utilizaci\u00f3n realizada por el usuario en el sitio web. Una cookie es un peque\u00f1o archivo de texto o dispositivo de uso generalizado que se descarga en el equipo terminal del usuario cuando navega por los sitios web con la finalidad de almacenar datos que podr\u00e1n ser actualizados y recuperados posteriormente, para mejorar el proceso de uso de dicha web, recoger datos estad\u00edsticos de utilizaci\u00f3n y\/o mostrar el contenido m\u00e1s relevante al usuario.<\/p>\n<p><strong>2. Tipolog\u00eda de cookies<\/strong><\/p>\n<p>Las cookies utilizadas en <a class=\"ProsemirrorEditor-link\" href=\"https:\/\/www.gestpointgsm.com\/\">https:\/\/www.gestpointgsm.com\/<\/a> son propias y de terceros:<\/p>\n<p>\u2022&nbsp;<em>Cookies \u201cestrictamente necesarias\u201d<\/em><\/p>\n<p>Son cookies imprescindibles para la navegaci\u00f3n por el sitio web, ya que facilitan al usuario la utilizaci\u00f3n de todas las funcionalidades ofrecidas o herramientas como, por ejemplo, identificar la sesi\u00f3n, acceder a su zona de usuario o recordar en la cesta los elementos que integran un pedido, entre otros. Sin estas cookies, las funciones mencionadas quedar\u00edan inhabilitadas parcialmente o en su totalidad.<\/p>\n<p><em>\u2022 Cookies sobre comportamiento<\/em><\/p>\n<p>Son cookies cuyo objetivo es la recopilaci\u00f3n de informaci\u00f3n relativa a los usos de navegaci\u00f3n del usuario, como por ejemplo las p\u00e1ginas que son m\u00e1s visitadas, el tiempo de duraci\u00f3n de la visita o el valor de la compra, entre otros, con el objetivo de introducir mejoras en el sitio web en base a la informaci\u00f3n recopilada por estas cookies.<\/p>\n<p>La informaci\u00f3n recopilada por estas cookies es an\u00f3nima, no pudiendo identificar al usuario personalmente y por lo tanto se utiliza exclusivamente para el correcto funcionamiento del sitio web.<\/p>\n<p><em>\u2022 Cookies de funcionalidad<\/em><\/p>\n<p>Son cookies que permiten recordar al sitio web las decisiones que el usuario toma, por ejemplo: los productos que ha visitado para mostrarle una recomendaci\u00f3n personalizada o el tipo de navegador mediante el cual se accede al sitio web, entre otros. El objetivo es la prestaci\u00f3n de un servicio m\u00e1s personalizado.<\/p>\n<p>La informaci\u00f3n recopilada por estas cookies es an\u00f3nima no pudiendo identificar al usuario personalmente y por lo tanto se utiliza exclusivamente para el funcionamiento del sitio web.<\/p>\n<p><em>\u2022 Cookies de personalizaci\u00f3n y de publicidad<\/em><\/p>\n<p>Son cookies que se utilizan por los operadores publicitarios con el permiso del titular del sitio web, las cuales recogen informaci\u00f3n sobre las preferencias y elecciones del usuario en su navegaci\u00f3n por el sitio web. Son \u00fatiles para las redes de publicidad, quienes las utilizan para m\u00e1s tarde mostrar al usuario anuncios mucho m\u00e1s personalizados y relevantes en otros sitios web.<\/p>\n<p><strong>3. Cookies que se instalan al navegar por <a class=\"ProsemirrorEditor-link\" href=\"https:\/\/www.gestpointgsm.com\/\">https:\/\/www.gestpointgsm.com\/<\/a><\/strong><\/p>\n<p><em>\u2022&nbsp;Cookies de Google Analytics:<\/em>&nbsp;Google Analytics es la herramienta que utilizamos para recabar y analizar informaci\u00f3n de navegaci\u00f3n de los usuarios. Google puede utilizar estos datos para mejorar sus propios servicios y para ofrecer servicios a otras empresas. En ning\u00fan caso se recaba informaci\u00f3n personal como el nombre, la direcci\u00f3n de correo electr\u00f3nico o direcciones de facturaci\u00f3n. Es posible que algunas cookies de Google Analytics se identifiquen como .google.com y otras como .doubleclick.net, ya que Doubleclick es una empresa perteneciente a Google Inc. &nbsp;<\/p>\n<p><em>\u2022&nbsp;Cookies de Google Tag Manager:<\/em>&nbsp;Google Tag Manager es una herramienta que nos permite gestionar varios c\u00f3digos de tracking desde un s\u00f3lo punto centralizado. Por ese motivo, Google Tag Manager recoge informaci\u00f3n sobre la navegaci\u00f3n de los usuarios en la web. Es posible que algunas cookies de Google Tag Manager se identifiquen como .google.com y otras como .google.es. En ning\u00fan caso se recaba informaci\u00f3n personal como el nombre, la direcci\u00f3n de correo electr\u00f3nico o direcciones de facturaci\u00f3n.<\/p>\n<p><em>\u2022&nbsp;Cookies de Google Adwords:<\/em>&nbsp;En <a class=\"ProsemirrorEditor-link\" href=\"https:\/\/www.gestpointgsm.com\/\">https:\/\/www.gestpointgsm.com\/<\/a> utilizamos esta plataforma para anunciarnos en el buscador Google. Las cookies recogen informaci\u00f3n estad\u00edstica de tu navegaci\u00f3n en nuestra web, para poderte mostrar anuncios relevantes a tus preferencias (por ejemplo, remarketing, anuncios que ves una vez has visitado ciertos productos o secciones de <a class=\"ProsemirrorEditor-link\" href=\"https:\/\/www.gestpointgsm.com\/\">https:\/\/www.gestpointgsm.com\/<\/a>), en Google o las webs colaboradoras de Google. Es posible que algunas cookies de Google Adwords se identifiquen como .google.com y otras como .doubleclick.net, ya que Doubleclick es una empresa perteneciente a Google Inc. En ning\u00fan caso se recaba informaci\u00f3n personal como el nombre, la direcci\u00f3n de correo electr\u00f3nico o direcciones de facturaci\u00f3n.<\/p>\n<p><em>\u2022&nbsp;Cookies de&nbsp;<a class=\"ProsemirrorEditor-link\" href=\"http:\/\/www.addthis.com\/\">Addthis<\/a>:<\/em>&nbsp;utilizamos esta herramienta de la empresa Add This para facilitarte que compartas el contenido de <a class=\"ProsemirrorEditor-link\" href=\"https:\/\/www.gestpointgsm.com\/\">https:\/\/www.gestpointgsm.com\/<\/a> en tus redes sociales. Esta herramienta instala una cookie para su correcto funcionamiento, creada y le\u00edda por AddThis con el fin de asegurarse de que se vea el recuento actualizado si compartes un art\u00edculo de la tienda a trav\u00e9s de Twitter, Facebook, etc.&nbsp;Dicha cookie puede identificarse como .addthis.com.<\/p>\n<p><strong>4. Procedimiento de oposici\u00f3n a la instalaci\u00f3n de las cookies<\/strong><\/p>\n<p>La mayor\u00eda de navegadores instalados en los dispositivos, aceptan la utilizaci\u00f3n de cookies autom\u00e1ticamente. Sin embargo, el usuario tiene la posibilidad de decidir si mantiene las cookies habilitadas o no en el dispositivo desde el cual navega. El hecho de deshabilitar las cookies puede implicar la p\u00e9rdida de un funcionamiento \u00f3ptimo del sitio web, quedando inhabilitadas algunas de las caracter\u00edsticas o servicios prestados por la misma, pudiendo llegar al extremo de no poder hacer uso de la misma por incapacidad t\u00e9cnica. Sin embargo, incluso habiendo desactivado todas las cookies, el navegador web recoge determinada informaci\u00f3n esencial para el funcionamiento b\u00e1sico del sitio web.<\/p>\n<p>Para permitir, conocer, bloquear o eliminar las cookies instaladas en tu equipo puedes hacerlo mediante la configuraci\u00f3n de las opciones del navegador instalado en su ordenador.<\/p>\n<p>A continuaci\u00f3n te indicamos las direcciones donde puedes encontrar la informaci\u00f3n sobre como configurar las cookies en los navegadores m\u00e1s habituales:<\/p>\n<p>Firefox desde aqu\u00ed:&nbsp;<a class=\"ProsemirrorEditor-link\" href=\"http:\/\/support.mozilla.org\/es\/products\/firefox\/cookies\">http:\/\/support.mozilla.org\/es\/products\/firefox\/cookies<\/a><\/p>\n<p>Chrome desde aqu\u00ed:&nbsp;<a class=\"ProsemirrorEditor-link\" href=\"http:\/\/support.google.com\/chrome\/bin\/answer.py?hl=es&amp;answer=95647\">http:\/\/support.google.com\/chrome\/bin\/answer.py?hl=es&amp;answer=95647<\/a><\/p>\n<p>Explorer desde aqu\u00ed:&nbsp;<a class=\"ProsemirrorEditor-link\" href=\"http:\/\/windows.microsoft.com\/es-es\/windows7\/how-to-manage-cookies-in-internet-explorer-9\">http:\/\/windows.microsoft.com\/es-es\/windows7\/how-to-manage-cookies-in-internet-explorer-9<\/a><\/p>\n<p>Safari desde aqu\u00ed:&nbsp;<a class=\"ProsemirrorEditor-link\" href=\"http:\/\/support.apple.com\/kb\/ph5042\">http:\/\/support.apple.com\/kb\/ph5042<\/a><\/p>\n<p>Opera desde aqu\u00ed:&nbsp;<a class=\"ProsemirrorEditor-link\" href=\"http:\/\/help.opera.com\/Windows\/11.50\/es-ES\/cookies.html\">http:\/\/help.opera.com\/Windows\/11.50\/es-ES\/cookies.html<\/a><\/p>\n<p><\/p>\t\t\t\t\t\t\t\t<\/div>\n\t\t\t\t<\/div>\n\t\t\t\t\t<\/div>\n\t\t<\/div>\n\t\t\t\t\t<\/div>\n\t\t<\/section>\n\t\t\t\t<\/div>\n\t\t","protected":false},"excerpt":{"rendered":"<p>Pol\u00edtica de cookies Utilizaci\u00f3n de cookies Para la utilizaci\u00f3n de nuestro sitio web es necesario el uso de cookies. Las cookies se utilizan con la finalidad de facilitar el acceso y la navegaci\u00f3n de los usuarios al sitio web y para poder mostrarles el contenido m\u00e1s relevante en cada momento. Si lo deseas puede configurar [&hellip;]<\/p>\n","protected":false},"author":1,"featured_media":0,"parent":0,"menu_order":0,"comment_status":"closed","ping_status":"closed","template":"","meta":{"_joinchat":[],"footnotes":""},"class_list":["post-3","page","type-page","status-publish","hentry"],"yoast_head":"<!-- This site is optimized with the Yoast SEO plugin v27.3 - https:\/\/yoast.com\/product\/yoast-seo-wordpress\/ -->\n<title>Vende tu dispositivo en Gestpoint GSM<\/title>\n<meta name=\"description\" content=\"\u00a1Obt\u00e9n efectivo por tu dispositivo! Gana dinero extra en Gestpoint GSM \u00a1Aprovecha esta oportunidad no la dejes perder!\" \/>\n<meta name=\"robots\" content=\"index, follow, max-snippet:-1, max-image-preview:large, max-video-preview:-1\" \/>\n<link rel=\"canonical\" href=\"https:\/\/gestpointgsm.com\/es\/politica-de-cookies\/\" \/>\n<meta property=\"og:locale\" content=\"es_ES\" \/>\n<meta property=\"og:type\" content=\"article\" \/>\n<meta property=\"og:title\" content=\"Vende tu dispositivo en Gestpoint GSM\" \/>\n<meta property=\"og:description\" content=\"\u00a1Obt\u00e9n efectivo por tu dispositivo! Gana dinero extra en Gestpoint GSM \u00a1Aprovecha esta oportunidad no la dejes perder!\" \/>\n<meta property=\"og:url\" content=\"https:\/\/gestpointgsm.com\/es\/politica-de-cookies\/\" \/>\n<meta property=\"og:site_name\" content=\"Gestpoint GSM\" \/>\n<meta property=\"article:modified_time\" content=\"2022-12-13T17:38:17+00:00\" \/>\n<meta name=\"twitter:card\" content=\"summary_large_image\" \/>\n<meta name=\"twitter:label1\" content=\"Tiempo de lectura\" \/>\n\t<meta name=\"twitter:data1\" content=\"6 minutos\" \/>\n<script type=\"application\/ld+json\" class=\"yoast-schema-graph\">{\"@context\":\"https:\\\/\\\/schema.org\",\"@graph\":[{\"@type\":\"WebPage\",\"@id\":\"https:\\\/\\\/gestpointgsm.com\\\/es\\\/politica-de-cookies\\\/\",\"url\":\"https:\\\/\\\/gestpointgsm.com\\\/es\\\/politica-de-cookies\\\/\",\"name\":\"Vende tu dispositivo en Gestpoint GSM\",\"isPartOf\":{\"@id\":\"https:\\\/\\\/gestpointgsm.com\\\/es\\\/#website\"},\"datePublished\":\"2022-11-22T04:18:52+00:00\",\"dateModified\":\"2022-12-13T17:38:17+00:00\",\"description\":\"\u00a1Obt\u00e9n efectivo por tu dispositivo! Gana dinero extra en Gestpoint GSM \u00a1Aprovecha esta oportunidad no la dejes perder!\",\"breadcrumb\":{\"@id\":\"https:\\\/\\\/gestpointgsm.com\\\/es\\\/politica-de-cookies\\\/#breadcrumb\"},\"inLanguage\":\"es\",\"potentialAction\":[{\"@type\":\"ReadAction\",\"target\":[\"https:\\\/\\\/gestpointgsm.com\\\/es\\\/politica-de-cookies\\\/\"]}]},{\"@type\":\"BreadcrumbList\",\"@id\":\"https:\\\/\\\/gestpointgsm.com\\\/es\\\/politica-de-cookies\\\/#breadcrumb\",\"itemListElement\":[{\"@type\":\"ListItem\",\"position\":1,\"name\":\"Portada\",\"item\":\"https:\\\/\\\/gestpointgsm.com\\\/es\\\/\"},{\"@type\":\"ListItem\",\"position\":2,\"name\":\"Pol\u00edtica de cookies\"}]},{\"@type\":\"WebSite\",\"@id\":\"https:\\\/\\\/gestpointgsm.com\\\/es\\\/#website\",\"url\":\"https:\\\/\\\/gestpointgsm.com\\\/es\\\/\",\"name\":\"Gestpoint GSM\",\"description\":\"Gestpoint GSM es una empresa con m\u00e1s de 10 a\u00f1os de experiencia en la compra y venta de art\u00edculos de telefon\u00eda m\u00f3vil, accesorios, relojes inteligentes, entre otros.\",\"publisher\":{\"@id\":\"https:\\\/\\\/gestpointgsm.com\\\/es\\\/#organization\"},\"potentialAction\":[{\"@type\":\"SearchAction\",\"target\":{\"@type\":\"EntryPoint\",\"urlTemplate\":\"https:\\\/\\\/gestpointgsm.com\\\/es\\\/?s={search_term_string}\"},\"query-input\":{\"@type\":\"PropertyValueSpecification\",\"valueRequired\":true,\"valueName\":\"search_term_string\"}}],\"inLanguage\":\"es\"},{\"@type\":\"Organization\",\"@id\":\"https:\\\/\\\/gestpointgsm.com\\\/es\\\/#organization\",\"name\":\"Gestpoint GSM\",\"url\":\"https:\\\/\\\/gestpointgsm.com\\\/es\\\/\",\"logo\":{\"@type\":\"ImageObject\",\"inLanguage\":\"es\",\"@id\":\"https:\\\/\\\/gestpointgsm.com\\\/es\\\/#\\\/schema\\\/logo\\\/image\\\/\",\"url\":\"http:\\\/\\\/gestpointgsm.com\\\/wp-content\\\/uploads\\\/2023\\\/07\\\/ISOTIPO.png\",\"contentUrl\":\"http:\\\/\\\/gestpointgsm.com\\\/wp-content\\\/uploads\\\/2023\\\/07\\\/ISOTIPO.png\",\"width\":1920,\"height\":1080,\"caption\":\"Gestpoint GSM\"},\"image\":{\"@id\":\"https:\\\/\\\/gestpointgsm.com\\\/es\\\/#\\\/schema\\\/logo\\\/image\\\/\"}}]}<\/script>\n<!-- \/ Yoast SEO plugin. -->","yoast_head_json":{"title":"Vende tu dispositivo en Gestpoint GSM","description":"\u00a1Obt\u00e9n efectivo por tu dispositivo! Gana dinero extra en Gestpoint GSM \u00a1Aprovecha esta oportunidad no la dejes perder!","robots":{"index":"index","follow":"follow","max-snippet":"max-snippet:-1","max-image-preview":"max-image-preview:large","max-video-preview":"max-video-preview:-1"},"canonical":"https:\/\/gestpointgsm.com\/es\/politica-de-cookies\/","og_locale":"es_ES","og_type":"article","og_title":"Vende tu dispositivo en Gestpoint GSM","og_description":"\u00a1Obt\u00e9n efectivo por tu dispositivo! Gana dinero extra en Gestpoint GSM \u00a1Aprovecha esta oportunidad no la dejes perder!","og_url":"https:\/\/gestpointgsm.com\/es\/politica-de-cookies\/","og_site_name":"Gestpoint GSM","article_modified_time":"2022-12-13T17:38:17+00:00","twitter_card":"summary_large_image","twitter_misc":{"Tiempo de lectura":"6 minutos"},"schema":{"@context":"https:\/\/schema.org","@graph":[{"@type":"WebPage","@id":"https:\/\/gestpointgsm.com\/es\/politica-de-cookies\/","url":"https:\/\/gestpointgsm.com\/es\/politica-de-cookies\/","name":"Vende tu dispositivo en Gestpoint GSM","isPartOf":{"@id":"https:\/\/gestpointgsm.com\/es\/#website"},"datePublished":"2022-11-22T04:18:52+00:00","dateModified":"2022-12-13T17:38:17+00:00","description":"\u00a1Obt\u00e9n efectivo por tu dispositivo! Gana dinero extra en Gestpoint GSM \u00a1Aprovecha esta oportunidad no la dejes perder!","breadcrumb":{"@id":"https:\/\/gestpointgsm.com\/es\/politica-de-cookies\/#breadcrumb"},"inLanguage":"es","potentialAction":[{"@type":"ReadAction","target":["https:\/\/gestpointgsm.com\/es\/politica-de-cookies\/"]}]},{"@type":"BreadcrumbList","@id":"https:\/\/gestpointgsm.com\/es\/politica-de-cookies\/#breadcrumb","itemListElement":[{"@type":"ListItem","position":1,"name":"Portada","item":"https:\/\/gestpointgsm.com\/es\/"},{"@type":"ListItem","position":2,"name":"Pol\u00edtica de cookies"}]},{"@type":"WebSite","@id":"https:\/\/gestpointgsm.com\/es\/#website","url":"https:\/\/gestpointgsm.com\/es\/","name":"Gestpoint GSM","description":"Gestpoint GSM es una empresa con m\u00e1s de 10 a\u00f1os de experiencia en la compra y venta de art\u00edculos de telefon\u00eda m\u00f3vil, accesorios, relojes inteligentes, entre otros.","publisher":{"@id":"https:\/\/gestpointgsm.com\/es\/#organization"},"potentialAction":[{"@type":"SearchAction","target":{"@type":"EntryPoint","urlTemplate":"https:\/\/gestpointgsm.com\/es\/?s={search_term_string}"},"query-input":{"@type":"PropertyValueSpecification","valueRequired":true,"valueName":"search_term_string"}}],"inLanguage":"es"},{"@type":"Organization","@id":"https:\/\/gestpointgsm.com\/es\/#organization","name":"Gestpoint GSM","url":"https:\/\/gestpointgsm.com\/es\/","logo":{"@type":"ImageObject","inLanguage":"es","@id":"https:\/\/gestpointgsm.com\/es\/#\/schema\/logo\/image\/","url":"http:\/\/gestpointgsm.com\/wp-content\/uploads\/2023\/07\/ISOTIPO.png","contentUrl":"http:\/\/gestpointgsm.com\/wp-content\/uploads\/2023\/07\/ISOTIPO.png","width":1920,"height":1080,"caption":"Gestpoint GSM"},"image":{"@id":"https:\/\/gestpointgsm.com\/es\/#\/schema\/logo\/image\/"}}]}},"_links":{"self":[{"href":"https:\/\/gestpointgsm.com\/es\/wp-json\/wp\/v2\/pages\/3","targetHints":{"allow":["GET"]}}],"collection":[{"href":"https:\/\/gestpointgsm.com\/es\/wp-json\/wp\/v2\/pages"}],"about":[{"href":"https:\/\/gestpointgsm.com\/es\/wp-json\/wp\/v2\/types\/page"}],"author":[{"embeddable":true,"href":"https:\/\/gestpointgsm.com\/es\/wp-json\/wp\/v2\/users\/1"}],"replies":[{"embeddable":true,"href":"https:\/\/gestpointgsm.com\/es\/wp-json\/wp\/v2\/comments?post=3"}],"version-history":[{"count":0,"href":"https:\/\/gestpointgsm.com\/es\/wp-json\/wp\/v2\/pages\/3\/revisions"}],"wp:attachment":[{"href":"https:\/\/gestpointgsm.com\/es\/wp-json\/wp\/v2\/media?parent=3"}],"curies":[{"name":"wp","href":"https:\/\/api.w.org\/{rel}","templated":true}]}}