{"id":4546,"date":"2023-07-18T06:53:01","date_gmt":"2023-07-18T06:53:01","guid":{"rendered":"https:\/\/tienda.gestpointgsm.com\/?page_id=4546"},"modified":"2023-11-11T17:41:14","modified_gmt":"2023-11-11T17:41:14","slug":"servicios","status":"publish","type":"page","link":"https:\/\/gestpointgsm.com\/es\/servicios\/","title":{"rendered":"Servicios"},"content":{"rendered":"\t\t<div data-elementor-type=\"wp-page\" data-elementor-id=\"4546\" class=\"elementor elementor-4546\" data-elementor-post-type=\"page\">\n\t\t\t\t\t\t<section class=\"elementor-section elementor-top-section elementor-element elementor-element-6d46115 elementor-section-boxed elementor-section-height-default elementor-section-height-default\" data-id=\"6d46115\" data-element_type=\"section\" data-e-type=\"section\" data-settings=\"{&quot;background_background&quot;:&quot;classic&quot;}\">\n\t\t\t\t\t\t\t<div class=\"elementor-background-overlay\"><\/div>\n\t\t\t\t\t\t\t<div class=\"elementor-container elementor-column-gap-default\">\n\t\t\t\t\t<div class=\"elementor-column elementor-col-100 elementor-top-column elementor-element elementor-element-afb7375\" data-id=\"afb7375\" data-element_type=\"column\" data-e-type=\"column\">\n\t\t\t<div class=\"elementor-widget-wrap elementor-element-populated\">\n\t\t\t\t\t\t<div class=\"elementor-element elementor-element-0149b78 elementor-invisible elementor-widget elementor-widget-heading\" data-id=\"0149b78\" data-element_type=\"widget\" data-e-type=\"widget\" data-settings=\"{&quot;_animation&quot;:&quot;fadeInUp&quot;}\" data-widget_type=\"heading.default\">\n\t\t\t\t<div class=\"elementor-widget-container\">\n\t\t\t\t\t<h1 class=\"elementor-heading-title elementor-size-default\">Servicios<\/h1>\t\t\t\t<\/div>\n\t\t\t\t<\/div>\n\t\t\t\t<div class=\"elementor-element elementor-element-b656803 elementor-invisible elementor-widget elementor-widget-heading\" data-id=\"b656803\" data-element_type=\"widget\" data-e-type=\"widget\" data-settings=\"{&quot;_animation&quot;:&quot;fadeInUp&quot;,&quot;_animation_delay&quot;:200}\" data-widget_type=\"heading.default\">\n\t\t\t\t<div class=\"elementor-widget-container\">\n\t\t\t\t\t<h4 class=\"elementor-heading-title elementor-size-default\">\u00a1Comprar y vender nunca ha sido tan f\u00e1cil!\n<\/h4>\t\t\t\t<\/div>\n\t\t\t\t<\/div>\n\t\t\t\t\t<\/div>\n\t\t<\/div>\n\t\t\t\t\t<\/div>\n\t\t<\/section>\n\t\t\t\t<section class=\"elementor-section elementor-top-section elementor-element elementor-element-6c6fafa elementor-section-content-middle elementor-section-boxed elementor-section-height-default elementor-section-height-default\" data-id=\"6c6fafa\" data-element_type=\"section\" data-e-type=\"section\">\n\t\t\t\t\t\t<div class=\"elementor-container elementor-column-gap-default\">\n\t\t\t\t\t<div class=\"elementor-column elementor-col-50 elementor-top-column elementor-element elementor-element-d47d9a1\" data-id=\"d47d9a1\" data-element_type=\"column\" data-e-type=\"column\">\n\t\t\t<div class=\"elementor-widget-wrap elementor-element-populated\">\n\t\t\t\t\t\t<div class=\"elementor-element elementor-element-0d6f778 elementor-widget elementor-widget-image\" data-id=\"0d6f778\" data-element_type=\"widget\" data-e-type=\"widget\" data-widget_type=\"image.default\">\n\t\t\t\t<div class=\"elementor-widget-container\">\n\t\t\t\t\t\t\t\t\t\t\t\t\t\t\t<img fetchpriority=\"high\" decoding=\"async\" width=\"550\" height=\"400\" src=\"https:\/\/gestpointgsm.com\/wp-content\/uploads\/2023\/08\/Venta-directa-en-plataformas-v2.jpg\" class=\"attachment-large size-large wp-image-5171\" alt=\"Venta directa en plataformas\" srcset=\"https:\/\/gestpointgsm.com\/wp-content\/uploads\/2023\/08\/Venta-directa-en-plataformas-v2.jpg 550w, https:\/\/gestpointgsm.com\/wp-content\/uploads\/2023\/08\/Venta-directa-en-plataformas-v2-300x218.jpg 300w, https:\/\/gestpointgsm.com\/wp-content\/uploads\/2023\/08\/Venta-directa-en-plataformas-v2-18x12.jpg 18w, https:\/\/gestpointgsm.com\/wp-content\/uploads\/2023\/08\/Venta-directa-en-plataformas-v2-1x1.jpg 1w, https:\/\/gestpointgsm.com\/wp-content\/uploads\/2023\/08\/Venta-directa-en-plataformas-v2-10x7.jpg 10w\" sizes=\"(max-width: 550px) 100vw, 550px\" \/>\t\t\t\t\t\t\t\t\t\t\t\t\t\t\t<\/div>\n\t\t\t\t<\/div>\n\t\t\t\t\t<\/div>\n\t\t<\/div>\n\t\t\t\t<div class=\"elementor-column elementor-col-50 elementor-top-column elementor-element elementor-element-cc6d737\" data-id=\"cc6d737\" data-element_type=\"column\" data-e-type=\"column\">\n\t\t\t<div class=\"elementor-widget-wrap elementor-element-populated\">\n\t\t\t\t\t\t<div class=\"elementor-element elementor-element-ae3054c elementor-position-inline-start elementor-view-default elementor-mobile-position-block-start elementor-widget elementor-widget-icon-box\" data-id=\"ae3054c\" data-element_type=\"widget\" data-e-type=\"widget\" data-widget_type=\"icon-box.default\">\n\t\t\t\t<div class=\"elementor-widget-container\">\n\t\t\t\t\t\t\t<div class=\"elementor-icon-box-wrapper\">\n\n\t\t\t\t\t\t<div class=\"elementor-icon-box-icon\">\n\t\t\t\t<span  class=\"elementor-icon\">\n\t\t\t\t<i aria-hidden=\"true\" class=\"icofont icofont-mp3-player\"><\/i>\t\t\t\t<\/span>\n\t\t\t<\/div>\n\t\t\t\n\t\t\t\t\t\t<div class=\"elementor-icon-box-content\">\n\n\t\t\t\t\t\t\t\t\t<div class=\"elementor-icon-box-title\">\n\t\t\t\t\t\t<span  >\n\t\t\t\t\t\t\tVentas y soporte\t\t\t\t\t\t<\/span>\n\t\t\t\t\t<\/div>\n\t\t\t\t\n\t\t\t\t\t\t\t\t\t<p class=\"elementor-icon-box-description\">\n\t\t\t\t\t\t\nVentas y soporte t\u00e9cnico B2B de dispositivos de telecomunicaci\u00f3n, IT, etc. a nivel mundial.\t\t\t\t\t<\/p>\n\t\t\t\t\n\t\t\t<\/div>\n\t\t\t\n\t\t<\/div>\n\t\t\t\t\t\t<\/div>\n\t\t\t\t<\/div>\n\t\t\t\t\t<\/div>\n\t\t<\/div>\n\t\t\t\t\t<\/div>\n\t\t<\/section>\n\t\t\t\t<section class=\"elementor-section elementor-top-section elementor-element elementor-element-36661a6 elementor-section-content-middle elementor-reverse-tablet elementor-reverse-mobile elementor-section-boxed elementor-section-height-default elementor-section-height-default\" data-id=\"36661a6\" data-element_type=\"section\" data-e-type=\"section\">\n\t\t\t\t\t\t<div class=\"elementor-container elementor-column-gap-default\">\n\t\t\t\t\t<div class=\"elementor-column elementor-col-50 elementor-top-column elementor-element elementor-element-335c9df\" data-id=\"335c9df\" data-element_type=\"column\" data-e-type=\"column\">\n\t\t\t<div class=\"elementor-widget-wrap elementor-element-populated\">\n\t\t\t\t\t\t<div class=\"elementor-element elementor-element-b916d72 elementor-position-inline-start elementor-view-default elementor-mobile-position-block-start elementor-widget elementor-widget-icon-box\" data-id=\"b916d72\" data-element_type=\"widget\" data-e-type=\"widget\" data-widget_type=\"icon-box.default\">\n\t\t\t\t<div class=\"elementor-widget-container\">\n\t\t\t\t\t\t\t<div class=\"elementor-icon-box-wrapper\">\n\n\t\t\t\t\t\t<div class=\"elementor-icon-box-icon\">\n\t\t\t\t<span  class=\"elementor-icon\">\n\t\t\t\t<i aria-hidden=\"true\" class=\"icofont icofont-mp3-player\"><\/i>\t\t\t\t<\/span>\n\t\t\t<\/div>\n\t\t\t\n\t\t\t\t\t\t<div class=\"elementor-icon-box-content\">\n\n\t\t\t\t\t\t\t\t\t<div class=\"elementor-icon-box-title\">\n\t\t\t\t\t\t<span  >\n\t\t\t\t\t\t\tLog\u00edstica\t\t\t\t\t\t<\/span>\n\t\t\t\t\t<\/div>\n\t\t\t\t\n\t\t\t\t\t\t\t\t\t<p class=\"elementor-icon-box-description\">\n\t\t\t\t\t\t\nServicios de log\u00edstica y fulfillment para terceros a nivel europeo desde nuestras instalaciones en San Fernando de Henares (M\u00e1s de 6000 m2 de instalaciones log\u00edsticas, m\u00e1s de 5000 env\u00edos B2C diarios a toda Europa).\t\t\t\t\t<\/p>\n\t\t\t\t\n\t\t\t<\/div>\n\t\t\t\n\t\t<\/div>\n\t\t\t\t\t\t<\/div>\n\t\t\t\t<\/div>\n\t\t\t\t\t<\/div>\n\t\t<\/div>\n\t\t\t\t<div class=\"elementor-column elementor-col-50 elementor-top-column elementor-element elementor-element-13c3e97\" data-id=\"13c3e97\" data-element_type=\"column\" data-e-type=\"column\">\n\t\t\t<div class=\"elementor-widget-wrap elementor-element-populated\">\n\t\t\t\t\t\t<div class=\"elementor-element elementor-element-9ad7d37 elementor-widget elementor-widget-image\" data-id=\"9ad7d37\" data-element_type=\"widget\" data-e-type=\"widget\" data-widget_type=\"image.default\">\n\t\t\t\t<div class=\"elementor-widget-container\">\n\t\t\t\t\t\t\t\t\t\t\t\t\t\t\t<img decoding=\"async\" width=\"550\" height=\"440\" src=\"https:\/\/gestpointgsm.com\/wp-content\/uploads\/2023\/08\/Distribucion-Mayorista-V2.jpg\" class=\"attachment-large size-large wp-image-5209\" alt=\"Distribuci\u00f3n Mayorista\" srcset=\"https:\/\/gestpointgsm.com\/wp-content\/uploads\/2023\/08\/Distribucion-Mayorista-V2.jpg 550w, https:\/\/gestpointgsm.com\/wp-content\/uploads\/2023\/08\/Distribucion-Mayorista-V2-300x240.jpg 300w, https:\/\/gestpointgsm.com\/wp-content\/uploads\/2023\/08\/Distribucion-Mayorista-V2-15x12.jpg 15w, https:\/\/gestpointgsm.com\/wp-content\/uploads\/2023\/08\/Distribucion-Mayorista-V2-1x1.jpg 1w, https:\/\/gestpointgsm.com\/wp-content\/uploads\/2023\/08\/Distribucion-Mayorista-V2-10x8.jpg 10w\" sizes=\"(max-width: 550px) 100vw, 550px\" \/>\t\t\t\t\t\t\t\t\t\t\t\t\t\t\t<\/div>\n\t\t\t\t<\/div>\n\t\t\t\t\t<\/div>\n\t\t<\/div>\n\t\t\t\t\t<\/div>\n\t\t<\/section>\n\t\t\t\t<section class=\"elementor-section elementor-top-section elementor-element elementor-element-618782f elementor-section-content-middle elementor-section-boxed elementor-section-height-default elementor-section-height-default\" data-id=\"618782f\" data-element_type=\"section\" data-e-type=\"section\">\n\t\t\t\t\t\t<div class=\"elementor-container elementor-column-gap-default\">\n\t\t\t\t\t<div class=\"elementor-column elementor-col-50 elementor-top-column elementor-element elementor-element-f1ecc20\" data-id=\"f1ecc20\" data-element_type=\"column\" data-e-type=\"column\">\n\t\t\t<div class=\"elementor-widget-wrap elementor-element-populated\">\n\t\t\t\t\t\t<div class=\"elementor-element elementor-element-058b8f2 elementor-widget elementor-widget-image\" data-id=\"058b8f2\" data-element_type=\"widget\" data-e-type=\"widget\" data-widget_type=\"image.default\">\n\t\t\t\t<div class=\"elementor-widget-container\">\n\t\t\t\t\t\t\t\t\t\t\t\t\t\t\t<img decoding=\"async\" width=\"550\" height=\"470\" src=\"https:\/\/gestpointgsm.com\/wp-content\/uploads\/2023\/08\/Compra-de-moviles-v2.jpg\" class=\"attachment-large size-large wp-image-5164\" alt=\"Compra de m\u00f3viles\" srcset=\"https:\/\/gestpointgsm.com\/wp-content\/uploads\/2023\/08\/Compra-de-moviles-v2.jpg 550w, https:\/\/gestpointgsm.com\/wp-content\/uploads\/2023\/08\/Compra-de-moviles-v2-300x256.jpg 300w, https:\/\/gestpointgsm.com\/wp-content\/uploads\/2023\/08\/Compra-de-moviles-v2-14x12.jpg 14w, https:\/\/gestpointgsm.com\/wp-content\/uploads\/2023\/08\/Compra-de-moviles-v2-1x1.jpg 1w, https:\/\/gestpointgsm.com\/wp-content\/uploads\/2023\/08\/Compra-de-moviles-v2-10x10.jpg 10w\" sizes=\"(max-width: 550px) 100vw, 550px\" \/>\t\t\t\t\t\t\t\t\t\t\t\t\t\t\t<\/div>\n\t\t\t\t<\/div>\n\t\t\t\t\t<\/div>\n\t\t<\/div>\n\t\t\t\t<div class=\"elementor-column elementor-col-50 elementor-top-column elementor-element elementor-element-0a7a97f\" data-id=\"0a7a97f\" data-element_type=\"column\" data-e-type=\"column\">\n\t\t\t<div class=\"elementor-widget-wrap elementor-element-populated\">\n\t\t\t\t\t\t<div class=\"elementor-element elementor-element-3f65b7d elementor-position-inline-start elementor-view-default elementor-mobile-position-block-start elementor-widget elementor-widget-icon-box\" data-id=\"3f65b7d\" data-element_type=\"widget\" data-e-type=\"widget\" data-widget_type=\"icon-box.default\">\n\t\t\t\t<div class=\"elementor-widget-container\">\n\t\t\t\t\t\t\t<div class=\"elementor-icon-box-wrapper\">\n\n\t\t\t\t\t\t<div class=\"elementor-icon-box-icon\">\n\t\t\t\t<span  class=\"elementor-icon\">\n\t\t\t\t<i aria-hidden=\"true\" class=\"icofont icofont-headphone-alt-1\"><\/i>\t\t\t\t<\/span>\n\t\t\t<\/div>\n\t\t\t\n\t\t\t\t\t\t<div class=\"elementor-icon-box-content\">\n\n\t\t\t\t\t\t\t\t\t<div class=\"elementor-icon-box-title\">\n\t\t\t\t\t\t<span  >\n\t\t\t\t\t\t\tDistribuci\u00f3n\t\t\t\t\t\t<\/span>\n\t\t\t\t\t<\/div>\n\t\t\t\t\n\t\t\t\t\t\t\t\t\t<p class=\"elementor-icon-box-description\">\n\t\t\t\t\t\tDistribuci\u00f3n online de todo tipo de productos en m\u00e1s de 15 pa\u00edses.\t\t\t\t\t<\/p>\n\t\t\t\t\n\t\t\t<\/div>\n\t\t\t\n\t\t<\/div>\n\t\t\t\t\t\t<\/div>\n\t\t\t\t<\/div>\n\t\t\t\t\t<\/div>\n\t\t<\/div>\n\t\t\t\t\t<\/div>\n\t\t<\/section>\n\t\t\t\t<\/div>\n\t\t","protected":false},"excerpt":{"rendered":"<p>\u00a1Comprar y vender nunca ha sido tan f\u00e1cil! Ventas y soporte Ventas y soporte t\u00e9cnico B2B de dispositivos de telecomunicaci\u00f3n, IT, etc. a nivel mundial. Log\u00edstica Servicios de log\u00edstica y fulfillment para terceros a nivel europeo desde nuestras instalaciones en San Fernando de Henares (M\u00e1s de 6000 m2 de instalaciones log\u00edsticas, m\u00e1s de 5000 env\u00edos [&hellip;]<\/p>\n","protected":false},"author":1,"featured_media":0,"parent":0,"menu_order":0,"comment_status":"closed","ping_status":"closed","template":"elementor_header_footer","meta":{"_joinchat":[],"footnotes":""},"class_list":["post-4546","page","type-page","status-publish","hentry"],"yoast_head":"<!-- This site is optimized with the Yoast SEO plugin v27.5 - https:\/\/yoast.com\/product\/yoast-seo-wordpress\/ -->\n<title>Vende tu dispositivo en Gestpoint GSM<\/title>\n<meta name=\"description\" content=\"Ofrecemos servicios integrales, desde la compra y venta al por mayor, hasta la venta de nuestros productos en plataformas especializadas.\" \/>\n<meta name=\"robots\" content=\"index, follow, max-snippet:-1, max-image-preview:large, max-video-preview:-1\" \/>\n<link rel=\"canonical\" href=\"https:\/\/gestpointgsm.com\/es\/servicios\/\" \/>\n<meta property=\"og:locale\" content=\"es_ES\" \/>\n<meta property=\"og:type\" content=\"article\" \/>\n<meta property=\"og:title\" content=\"Vende tu dispositivo en Gestpoint GSM\" \/>\n<meta property=\"og:description\" content=\"Ofrecemos servicios integrales, desde la compra y venta al por mayor, hasta la venta de nuestros productos en plataformas especializadas.\" \/>\n<meta property=\"og:url\" content=\"https:\/\/gestpointgsm.com\/es\/servicios\/\" \/>\n<meta property=\"og:site_name\" content=\"Gestpoint GSM\" \/>\n<meta property=\"article:modified_time\" content=\"2023-11-11T17:41:14+00:00\" \/>\n<meta property=\"og:image\" content=\"http:\/\/gestpointgsm.com\/wp-content\/uploads\/2023\/08\/Venta-directa-en-plataformas-v2.jpg\" \/>\n<meta name=\"twitter:card\" content=\"summary_large_image\" \/>\n<meta name=\"twitter:label1\" content=\"Tiempo de lectura\" \/>\n\t<meta name=\"twitter:data1\" content=\"2 minutos\" \/>\n<script type=\"application\/ld+json\" class=\"yoast-schema-graph\">{\"@context\":\"https:\\\/\\\/schema.org\",\"@graph\":[{\"@type\":\"WebPage\",\"@id\":\"https:\\\/\\\/gestpointgsm.com\\\/es\\\/servicios\\\/\",\"url\":\"https:\\\/\\\/gestpointgsm.com\\\/es\\\/servicios\\\/\",\"name\":\"Vende tu dispositivo en Gestpoint GSM\",\"isPartOf\":{\"@id\":\"https:\\\/\\\/gestpointgsm.com\\\/es\\\/#website\"},\"primaryImageOfPage\":{\"@id\":\"https:\\\/\\\/gestpointgsm.com\\\/es\\\/servicios\\\/#primaryimage\"},\"image\":{\"@id\":\"https:\\\/\\\/gestpointgsm.com\\\/es\\\/servicios\\\/#primaryimage\"},\"thumbnailUrl\":\"http:\\\/\\\/gestpointgsm.com\\\/wp-content\\\/uploads\\\/2023\\\/08\\\/Venta-directa-en-plataformas-v2.jpg\",\"datePublished\":\"2023-07-18T06:53:01+00:00\",\"dateModified\":\"2023-11-11T17:41:14+00:00\",\"description\":\"Ofrecemos servicios integrales, desde la compra y venta al por mayor, hasta la venta de nuestros productos en plataformas especializadas.\",\"breadcrumb\":{\"@id\":\"https:\\\/\\\/gestpointgsm.com\\\/es\\\/servicios\\\/#breadcrumb\"},\"inLanguage\":\"es\",\"potentialAction\":[{\"@type\":\"ReadAction\",\"target\":[\"https:\\\/\\\/gestpointgsm.com\\\/es\\\/servicios\\\/\"]}]},{\"@type\":\"ImageObject\",\"inLanguage\":\"es\",\"@id\":\"https:\\\/\\\/gestpointgsm.com\\\/es\\\/servicios\\\/#primaryimage\",\"url\":\"http:\\\/\\\/gestpointgsm.com\\\/wp-content\\\/uploads\\\/2023\\\/08\\\/Venta-directa-en-plataformas-v2.jpg\",\"contentUrl\":\"http:\\\/\\\/gestpointgsm.com\\\/wp-content\\\/uploads\\\/2023\\\/08\\\/Venta-directa-en-plataformas-v2.jpg\"},{\"@type\":\"BreadcrumbList\",\"@id\":\"https:\\\/\\\/gestpointgsm.com\\\/es\\\/servicios\\\/#breadcrumb\",\"itemListElement\":[{\"@type\":\"ListItem\",\"position\":1,\"name\":\"Portada\",\"item\":\"https:\\\/\\\/gestpointgsm.com\\\/es\\\/\"},{\"@type\":\"ListItem\",\"position\":2,\"name\":\"Servicios\"}]},{\"@type\":\"WebSite\",\"@id\":\"https:\\\/\\\/gestpointgsm.com\\\/es\\\/#website\",\"url\":\"https:\\\/\\\/gestpointgsm.com\\\/es\\\/\",\"name\":\"Gestpoint GSM\",\"description\":\"Gestpoint GSM es una empresa con m\u00e1s de 10 a\u00f1os de experiencia en la compra y venta de art\u00edculos de telefon\u00eda m\u00f3vil, accesorios, relojes inteligentes, entre otros.\",\"publisher\":{\"@id\":\"https:\\\/\\\/gestpointgsm.com\\\/es\\\/#organization\"},\"potentialAction\":[{\"@type\":\"SearchAction\",\"target\":{\"@type\":\"EntryPoint\",\"urlTemplate\":\"https:\\\/\\\/gestpointgsm.com\\\/es\\\/?s={search_term_string}\"},\"query-input\":{\"@type\":\"PropertyValueSpecification\",\"valueRequired\":true,\"valueName\":\"search_term_string\"}}],\"inLanguage\":\"es\"},{\"@type\":\"Organization\",\"@id\":\"https:\\\/\\\/gestpointgsm.com\\\/es\\\/#organization\",\"name\":\"Gestpoint GSM\",\"url\":\"https:\\\/\\\/gestpointgsm.com\\\/es\\\/\",\"logo\":{\"@type\":\"ImageObject\",\"inLanguage\":\"es\",\"@id\":\"https:\\\/\\\/gestpointgsm.com\\\/es\\\/#\\\/schema\\\/logo\\\/image\\\/\",\"url\":\"http:\\\/\\\/gestpointgsm.com\\\/wp-content\\\/uploads\\\/2023\\\/07\\\/ISOTIPO.png\",\"contentUrl\":\"http:\\\/\\\/gestpointgsm.com\\\/wp-content\\\/uploads\\\/2023\\\/07\\\/ISOTIPO.png\",\"width\":1920,\"height\":1080,\"caption\":\"Gestpoint GSM\"},\"image\":{\"@id\":\"https:\\\/\\\/gestpointgsm.com\\\/es\\\/#\\\/schema\\\/logo\\\/image\\\/\"}}]}<\/script>\n<!-- \/ Yoast SEO plugin. -->","yoast_head_json":{"title":"Vende tu dispositivo en Gestpoint GSM","description":"Ofrecemos servicios integrales, desde la compra y venta al por mayor, hasta la venta de nuestros productos en plataformas especializadas.","robots":{"index":"index","follow":"follow","max-snippet":"max-snippet:-1","max-image-preview":"max-image-preview:large","max-video-preview":"max-video-preview:-1"},"canonical":"https:\/\/gestpointgsm.com\/es\/servicios\/","og_locale":"es_ES","og_type":"article","og_title":"Vende tu dispositivo en Gestpoint GSM","og_description":"Ofrecemos servicios integrales, desde la compra y venta al por mayor, hasta la venta de nuestros productos en plataformas especializadas.","og_url":"https:\/\/gestpointgsm.com\/es\/servicios\/","og_site_name":"Gestpoint GSM","article_modified_time":"2023-11-11T17:41:14+00:00","og_image":[{"url":"http:\/\/gestpointgsm.com\/wp-content\/uploads\/2023\/08\/Venta-directa-en-plataformas-v2.jpg","type":"","width":"","height":""}],"twitter_card":"summary_large_image","twitter_misc":{"Tiempo de lectura":"2 minutos"},"schema":{"@context":"https:\/\/schema.org","@graph":[{"@type":"WebPage","@id":"https:\/\/gestpointgsm.com\/es\/servicios\/","url":"https:\/\/gestpointgsm.com\/es\/servicios\/","name":"Vende tu dispositivo en Gestpoint GSM","isPartOf":{"@id":"https:\/\/gestpointgsm.com\/es\/#website"},"primaryImageOfPage":{"@id":"https:\/\/gestpointgsm.com\/es\/servicios\/#primaryimage"},"image":{"@id":"https:\/\/gestpointgsm.com\/es\/servicios\/#primaryimage"},"thumbnailUrl":"http:\/\/gestpointgsm.com\/wp-content\/uploads\/2023\/08\/Venta-directa-en-plataformas-v2.jpg","datePublished":"2023-07-18T06:53:01+00:00","dateModified":"2023-11-11T17:41:14+00:00","description":"Ofrecemos servicios integrales, desde la compra y venta al por mayor, hasta la venta de nuestros productos en plataformas especializadas.","breadcrumb":{"@id":"https:\/\/gestpointgsm.com\/es\/servicios\/#breadcrumb"},"inLanguage":"es","potentialAction":[{"@type":"ReadAction","target":["https:\/\/gestpointgsm.com\/es\/servicios\/"]}]},{"@type":"ImageObject","inLanguage":"es","@id":"https:\/\/gestpointgsm.com\/es\/servicios\/#primaryimage","url":"http:\/\/gestpointgsm.com\/wp-content\/uploads\/2023\/08\/Venta-directa-en-plataformas-v2.jpg","contentUrl":"http:\/\/gestpointgsm.com\/wp-content\/uploads\/2023\/08\/Venta-directa-en-plataformas-v2.jpg"},{"@type":"BreadcrumbList","@id":"https:\/\/gestpointgsm.com\/es\/servicios\/#breadcrumb","itemListElement":[{"@type":"ListItem","position":1,"name":"Portada","item":"https:\/\/gestpointgsm.com\/es\/"},{"@type":"ListItem","position":2,"name":"Servicios"}]},{"@type":"WebSite","@id":"https:\/\/gestpointgsm.com\/es\/#website","url":"https:\/\/gestpointgsm.com\/es\/","name":"Gestpoint GSM","description":"Gestpoint GSM es una empresa con m\u00e1s de 10 a\u00f1os de experiencia en la compra y venta de art\u00edculos de telefon\u00eda m\u00f3vil, accesorios, relojes inteligentes, entre otros.","publisher":{"@id":"https:\/\/gestpointgsm.com\/es\/#organization"},"potentialAction":[{"@type":"SearchAction","target":{"@type":"EntryPoint","urlTemplate":"https:\/\/gestpointgsm.com\/es\/?s={search_term_string}"},"query-input":{"@type":"PropertyValueSpecification","valueRequired":true,"valueName":"search_term_string"}}],"inLanguage":"es"},{"@type":"Organization","@id":"https:\/\/gestpointgsm.com\/es\/#organization","name":"Gestpoint GSM","url":"https:\/\/gestpointgsm.com\/es\/","logo":{"@type":"ImageObject","inLanguage":"es","@id":"https:\/\/gestpointgsm.com\/es\/#\/schema\/logo\/image\/","url":"http:\/\/gestpointgsm.com\/wp-content\/uploads\/2023\/07\/ISOTIPO.png","contentUrl":"http:\/\/gestpointgsm.com\/wp-content\/uploads\/2023\/07\/ISOTIPO.png","width":1920,"height":1080,"caption":"Gestpoint GSM"},"image":{"@id":"https:\/\/gestpointgsm.com\/es\/#\/schema\/logo\/image\/"}}]}},"_links":{"self":[{"href":"https:\/\/gestpointgsm.com\/es\/wp-json\/wp\/v2\/pages\/4546","targetHints":{"allow":["GET"]}}],"collection":[{"href":"https:\/\/gestpointgsm.com\/es\/wp-json\/wp\/v2\/pages"}],"about":[{"href":"https:\/\/gestpointgsm.com\/es\/wp-json\/wp\/v2\/types\/page"}],"author":[{"embeddable":true,"href":"https:\/\/gestpointgsm.com\/es\/wp-json\/wp\/v2\/users\/1"}],"replies":[{"embeddable":true,"href":"https:\/\/gestpointgsm.com\/es\/wp-json\/wp\/v2\/comments?post=4546"}],"version-history":[{"count":141,"href":"https:\/\/gestpointgsm.com\/es\/wp-json\/wp\/v2\/pages\/4546\/revisions"}],"predecessor-version":[{"id":8438,"href":"https:\/\/gestpointgsm.com\/es\/wp-json\/wp\/v2\/pages\/4546\/revisions\/8438"}],"wp:attachment":[{"href":"https:\/\/gestpointgsm.com\/es\/wp-json\/wp\/v2\/media?parent=4546"}],"curies":[{"name":"wp","href":"https:\/\/api.w.org\/{rel}","templated":true}]}}