{"id":4560,"date":"2023-07-18T07:08:07","date_gmt":"2023-07-18T07:08:07","guid":{"rendered":"https:\/\/tienda.gestpointgsm.com\/?page_id=4560"},"modified":"2023-11-24T09:40:49","modified_gmt":"2023-11-24T09:40:49","slug":"quieres-comprar-online","status":"publish","type":"page","link":"https:\/\/gestpointgsm.com\/es\/quieres-comprar-online\/","title":{"rendered":"\u00bfQuieres comprar online?"},"content":{"rendered":"\t\t<div data-elementor-type=\"wp-page\" data-elementor-id=\"4560\" class=\"elementor elementor-4560\" data-elementor-post-type=\"page\">\n\t\t\t\t\t\t<section class=\"elementor-section elementor-top-section elementor-element elementor-element-e584552 elementor-section-boxed elementor-section-height-default elementor-section-height-default\" data-id=\"e584552\" data-element_type=\"section\" data-e-type=\"section\" data-settings=\"{&quot;background_background&quot;:&quot;classic&quot;}\">\n\t\t\t\t\t\t\t<div class=\"elementor-background-overlay\"><\/div>\n\t\t\t\t\t\t\t<div class=\"elementor-container elementor-column-gap-default\">\n\t\t\t\t\t<div class=\"elementor-column elementor-col-100 elementor-top-column elementor-element elementor-element-a156e79\" data-id=\"a156e79\" data-element_type=\"column\" data-e-type=\"column\">\n\t\t\t<div class=\"elementor-widget-wrap elementor-element-populated\">\n\t\t\t\t\t\t<div class=\"elementor-element elementor-element-6feba65 elementor-invisible elementor-widget elementor-widget-heading\" data-id=\"6feba65\" data-element_type=\"widget\" data-e-type=\"widget\" data-settings=\"{&quot;_animation&quot;:&quot;fadeInUp&quot;}\" data-widget_type=\"heading.default\">\n\t\t\t\t<div class=\"elementor-widget-container\">\n\t\t\t\t\t<h1 class=\"elementor-heading-title elementor-size-default\">\u00bfQuieres comprar online?<\/h1>\t\t\t\t<\/div>\n\t\t\t\t<\/div>\n\t\t\t\t<div class=\"elementor-element elementor-element-07f2899 elementor-invisible elementor-widget elementor-widget-heading\" data-id=\"07f2899\" data-element_type=\"widget\" data-e-type=\"widget\" data-settings=\"{&quot;_animation&quot;:&quot;fadeInUp&quot;,&quot;_animation_delay&quot;:200}\" data-widget_type=\"heading.default\">\n\t\t\t\t<div class=\"elementor-widget-container\">\n\t\t\t\t\t<h4 class=\"elementor-heading-title elementor-size-default\">\u00a1Comprar y vender nunca ha sido tan f\u00e1cil!\n<\/h4>\t\t\t\t<\/div>\n\t\t\t\t<\/div>\n\t\t\t\t\t<\/div>\n\t\t<\/div>\n\t\t\t\t\t<\/div>\n\t\t<\/section>\n\t\t\t\t<section class=\"elementor-section elementor-top-section elementor-element elementor-element-f3550ed elementor-section-boxed elementor-section-height-default elementor-section-height-default\" data-id=\"f3550ed\" data-element_type=\"section\" data-e-type=\"section\">\n\t\t\t\t\t\t<div class=\"elementor-container elementor-column-gap-default\">\n\t\t\t\t\t<div class=\"elementor-column elementor-col-50 elementor-top-column elementor-element elementor-element-fb4d3ee\" data-id=\"fb4d3ee\" data-element_type=\"column\" data-e-type=\"column\">\n\t\t\t<div class=\"elementor-widget-wrap elementor-element-populated\">\n\t\t\t\t\t\t<div class=\"elementor-element elementor-element-086b4fe elementor-widget__width-initial elementor-widget elementor-widget-image\" data-id=\"086b4fe\" data-element_type=\"widget\" data-e-type=\"widget\" data-widget_type=\"image.default\">\n\t\t\t\t<div class=\"elementor-widget-container\">\n\t\t\t\t\t\t\t\t\t\t\t\t\t\t\t<img fetchpriority=\"high\" decoding=\"async\" width=\"400\" height=\"483\" src=\"https:\/\/gestpointgsm.com\/wp-content\/uploads\/2023\/08\/Quieres-comprar-online.jpg\" class=\"attachment-large size-large wp-image-5146\" alt=\"\u00bfQuieres comprar online?\" srcset=\"https:\/\/gestpointgsm.com\/wp-content\/uploads\/2023\/08\/Quieres-comprar-online.jpg 400w, https:\/\/gestpointgsm.com\/wp-content\/uploads\/2023\/08\/Quieres-comprar-online-248x300.jpg 248w, https:\/\/gestpointgsm.com\/wp-content\/uploads\/2023\/08\/Quieres-comprar-online-10x12.jpg 10w, https:\/\/gestpointgsm.com\/wp-content\/uploads\/2023\/08\/Quieres-comprar-online-1x1.jpg 1w, https:\/\/gestpointgsm.com\/wp-content\/uploads\/2023\/08\/Quieres-comprar-online-8x10.jpg 8w\" sizes=\"(max-width: 400px) 100vw, 400px\" \/>\t\t\t\t\t\t\t\t\t\t\t\t\t\t\t<\/div>\n\t\t\t\t<\/div>\n\t\t\t\t\t<\/div>\n\t\t<\/div>\n\t\t\t\t<div class=\"elementor-column elementor-col-50 elementor-top-column elementor-element elementor-element-78fc7c1\" data-id=\"78fc7c1\" data-element_type=\"column\" data-e-type=\"column\">\n\t\t\t<div class=\"elementor-widget-wrap elementor-element-populated\">\n\t\t\t\t\t\t<div class=\"elementor-element elementor-element-1e77eb0 elementor-widget elementor-widget-text-editor\" data-id=\"1e77eb0\" data-element_type=\"widget\" data-e-type=\"widget\" data-widget_type=\"text-editor.default\">\n\t\t\t\t<div class=\"elementor-widget-container\">\n\t\t\t\t\t\t\t\t\t<p style=\"text-align: center;\">Nuestros centros log\u00edsticos albergan una<strong> amplia y diversa l\u00ednea de productos<\/strong>, respaldada por un <strong>equipo altamente especializado<\/strong> en el \u00e1mbito de las ventas en l\u00ednea. Este equipo se dedica \u00edntegramente a la comercializaci\u00f3n de estas marcas, presentando un cat\u00e1logo que abarca desde productos completamente nuevos hasta aquellos usados en perfectas condiciones para comprar online.<\/p><p style=\"text-align: center;\">Es fundamental destacar que esta<strong> amplia gama de productos<\/strong> est\u00e1 disponible para comprar online directamente a trav\u00e9s de las plataformas que gestionamos, <strong>Backmarket, PC Componentes, MediaMarkt, Kaufland, Cdiscount, Ebay<\/strong>, entre otras reconocidas opciones.<\/p><p style=\"text-align: center;\">GestPoint GSM se compromete a ofrecer una selecci\u00f3n diversa y completa de productos a trav\u00e9s de plataformas l\u00edderes en el mercado, <strong>brindando a nuestros clientes una experiencia de compra s\u00f3lida y confiable<\/strong>.<\/p>\t\t\t\t\t\t\t\t<\/div>\n\t\t\t\t<\/div>\n\t\t\t\t\t<\/div>\n\t\t<\/div>\n\t\t\t\t\t<\/div>\n\t\t<\/section>\n\t\t\t\t<section class=\"elementor-section elementor-top-section elementor-element elementor-element-e6097a9 elementor-section-boxed elementor-section-height-default elementor-section-height-default\" data-id=\"e6097a9\" data-element_type=\"section\" data-e-type=\"section\">\n\t\t\t\t\t\t<div class=\"elementor-container elementor-column-gap-default\">\n\t\t\t\t\t<div class=\"elementor-column elementor-col-33 elementor-top-column elementor-element elementor-element-59e3cc4\" data-id=\"59e3cc4\" data-element_type=\"column\" data-e-type=\"column\">\n\t\t\t<div class=\"elementor-widget-wrap elementor-element-populated\">\n\t\t\t\t\t\t<div class=\"elementor-element elementor-element-12c4087 elementor-widget elementor-widget-image\" data-id=\"12c4087\" data-element_type=\"widget\" data-e-type=\"widget\" data-widget_type=\"image.default\">\n\t\t\t\t<div class=\"elementor-widget-container\">\n\t\t\t\t\t\t\t\t\t\t\t\t\t\t\t\t<a href=\"https:\/\/www.backmarket.es\/es-es\/s\/gest-point-gsm-sl\/4abc51d8-4d5c-4800-a09b-a0c6d1d37c6f\" target=\"_blank\">\n\t\t\t\t\t\t\t<img decoding=\"async\" width=\"800\" height=\"242\" src=\"https:\/\/gestpointgsm.com\/wp-content\/uploads\/2023\/08\/Back_Market-1024x310.png\" class=\"attachment-large size-large wp-image-5060\" alt=\"Back Market\" srcset=\"https:\/\/gestpointgsm.com\/wp-content\/uploads\/2023\/08\/Back_Market-1024x310.png 1024w, https:\/\/gestpointgsm.com\/wp-content\/uploads\/2023\/08\/Back_Market-600x182.png 600w, https:\/\/gestpointgsm.com\/wp-content\/uploads\/2023\/08\/Back_Market-300x91.png 300w, https:\/\/gestpointgsm.com\/wp-content\/uploads\/2023\/08\/Back_Market-768x233.png 768w, https:\/\/gestpointgsm.com\/wp-content\/uploads\/2023\/08\/Back_Market-1536x465.png 1536w, https:\/\/gestpointgsm.com\/wp-content\/uploads\/2023\/08\/Back_Market-2048x620.png 2048w, https:\/\/gestpointgsm.com\/wp-content\/uploads\/2023\/08\/Back_Market-18x5.png 18w, https:\/\/gestpointgsm.com\/wp-content\/uploads\/2023\/08\/Back_Market-1x1.png 1w, https:\/\/gestpointgsm.com\/wp-content\/uploads\/2023\/08\/Back_Market-10x3.png 10w\" sizes=\"(max-width: 800px) 100vw, 800px\" \/>\t\t\t\t\t\t\t\t<\/a>\n\t\t\t\t\t\t\t\t\t\t\t\t\t\t\t<\/div>\n\t\t\t\t<\/div>\n\t\t\t\t\t<\/div>\n\t\t<\/div>\n\t\t\t\t<div class=\"elementor-column elementor-col-33 elementor-top-column elementor-element elementor-element-8d427b7\" data-id=\"8d427b7\" data-element_type=\"column\" data-e-type=\"column\">\n\t\t\t<div class=\"elementor-widget-wrap elementor-element-populated\">\n\t\t\t\t\t\t<div class=\"elementor-element elementor-element-e74b9c6 elementor-widget elementor-widget-image\" data-id=\"e74b9c6\" data-element_type=\"widget\" data-e-type=\"widget\" data-widget_type=\"image.default\">\n\t\t\t\t<div class=\"elementor-widget-container\">\n\t\t\t\t\t\t\t\t\t\t\t\t\t\t\t\t<a href=\"https:\/\/www.pccomponentes.com\/tiendas\/gest-point-gsm-store\" target=\"_blank\">\n\t\t\t\t\t\t\t<img decoding=\"async\" width=\"800\" height=\"288\" src=\"https:\/\/gestpointgsm.com\/wp-content\/uploads\/2023\/08\/Logo-Pc-Componentes-1024x368.png\" class=\"attachment-large size-large wp-image-5046\" alt=\"Logo Pc Componentes\" srcset=\"https:\/\/gestpointgsm.com\/wp-content\/uploads\/2023\/08\/Logo-Pc-Componentes-1024x368.png 1024w, https:\/\/gestpointgsm.com\/wp-content\/uploads\/2023\/08\/Logo-Pc-Componentes-600x216.png 600w, https:\/\/gestpointgsm.com\/wp-content\/uploads\/2023\/08\/Logo-Pc-Componentes-300x108.png 300w, https:\/\/gestpointgsm.com\/wp-content\/uploads\/2023\/08\/Logo-Pc-Componentes-768x276.png 768w, https:\/\/gestpointgsm.com\/wp-content\/uploads\/2023\/08\/Logo-Pc-Componentes-18x6.png 18w, https:\/\/gestpointgsm.com\/wp-content\/uploads\/2023\/08\/Logo-Pc-Componentes-1x1.png 1w, https:\/\/gestpointgsm.com\/wp-content\/uploads\/2023\/08\/Logo-Pc-Componentes-10x4.png 10w, https:\/\/gestpointgsm.com\/wp-content\/uploads\/2023\/08\/Logo-Pc-Componentes.png 1200w\" sizes=\"(max-width: 800px) 100vw, 800px\" \/>\t\t\t\t\t\t\t\t<\/a>\n\t\t\t\t\t\t\t\t\t\t\t\t\t\t\t<\/div>\n\t\t\t\t<\/div>\n\t\t\t\t\t<\/div>\n\t\t<\/div>\n\t\t\t\t<div class=\"elementor-column elementor-col-33 elementor-top-column elementor-element elementor-element-adbc302\" data-id=\"adbc302\" data-element_type=\"column\" data-e-type=\"column\">\n\t\t\t<div class=\"elementor-widget-wrap elementor-element-populated\">\n\t\t\t\t\t\t<div class=\"elementor-element elementor-element-41e1146 elementor-widget elementor-widget-image\" data-id=\"41e1146\" data-element_type=\"widget\" data-e-type=\"widget\" data-widget_type=\"image.default\">\n\t\t\t\t<div class=\"elementor-widget-container\">\n\t\t\t\t\t\t\t\t\t\t\t\t\t\t\t\t<a href=\"https:\/\/www.cdiscount.com\/mpv-105123-gestpoint-gsm.html#_his_\" target=\"_blank\">\n\t\t\t\t\t\t\t<img loading=\"lazy\" decoding=\"async\" width=\"800\" height=\"126\" src=\"https:\/\/gestpointgsm.com\/wp-content\/uploads\/2023\/08\/Cdiscount-1024x161.png\" class=\"attachment-large size-large wp-image-5059\" alt=\"Cdiscount\" srcset=\"https:\/\/gestpointgsm.com\/wp-content\/uploads\/2023\/08\/Cdiscount-1024x161.png 1024w, https:\/\/gestpointgsm.com\/wp-content\/uploads\/2023\/08\/Cdiscount-600x94.png 600w, https:\/\/gestpointgsm.com\/wp-content\/uploads\/2023\/08\/Cdiscount-300x47.png 300w, https:\/\/gestpointgsm.com\/wp-content\/uploads\/2023\/08\/Cdiscount-768x121.png 768w, https:\/\/gestpointgsm.com\/wp-content\/uploads\/2023\/08\/Cdiscount-1536x242.png 1536w, https:\/\/gestpointgsm.com\/wp-content\/uploads\/2023\/08\/Cdiscount-2048x322.png 2048w, https:\/\/gestpointgsm.com\/wp-content\/uploads\/2023\/08\/Cdiscount-18x3.png 18w, https:\/\/gestpointgsm.com\/wp-content\/uploads\/2023\/08\/Cdiscount-1x1.png 1w, https:\/\/gestpointgsm.com\/wp-content\/uploads\/2023\/08\/Cdiscount-10x2.png 10w\" sizes=\"(max-width: 800px) 100vw, 800px\" \/>\t\t\t\t\t\t\t\t<\/a>\n\t\t\t\t\t\t\t\t\t\t\t\t\t\t\t<\/div>\n\t\t\t\t<\/div>\n\t\t\t\t\t<\/div>\n\t\t<\/div>\n\t\t\t\t\t<\/div>\n\t\t<\/section>\n\t\t\t\t<\/div>\n\t\t","protected":false},"excerpt":{"rendered":"<p>\u00a1Comprar y vender nunca ha sido tan f\u00e1cil! Nuestros centros log\u00edsticos albergan una amplia y diversa l\u00ednea de productos, respaldada por un equipo altamente especializado en el \u00e1mbito de las ventas en l\u00ednea. Este equipo se dedica \u00edntegramente a la comercializaci\u00f3n de estas marcas, presentando un cat\u00e1logo que abarca desde productos completamente nuevos hasta aquellos [&hellip;]<\/p>\n","protected":false},"author":1,"featured_media":0,"parent":0,"menu_order":0,"comment_status":"closed","ping_status":"closed","template":"","meta":{"_joinchat":[],"footnotes":""},"class_list":["post-4560","page","type-page","status-publish","hentry"],"yoast_head":"<!-- This site is optimized with the Yoast SEO plugin v27.5 - https:\/\/yoast.com\/product\/yoast-seo-wordpress\/ -->\n<title>Vende tu dispositivo en Gestpoint GSM<\/title>\n<meta name=\"description\" content=\"GestPoint GSM ofrece una selecci\u00f3n diversa y completa de productos para comprar online a trav\u00e9s de plataformas l\u00edderes en el mercado.\" \/>\n<meta name=\"robots\" content=\"index, follow, max-snippet:-1, max-image-preview:large, max-video-preview:-1\" \/>\n<link rel=\"canonical\" href=\"https:\/\/gestpointgsm.com\/es\/quieres-comprar-online\/\" \/>\n<meta property=\"og:locale\" content=\"es_ES\" \/>\n<meta property=\"og:type\" content=\"article\" \/>\n<meta property=\"og:title\" content=\"Vende tu dispositivo en Gestpoint GSM\" \/>\n<meta property=\"og:description\" content=\"GestPoint GSM ofrece una selecci\u00f3n diversa y completa de productos para comprar online a trav\u00e9s de plataformas l\u00edderes en el mercado.\" \/>\n<meta property=\"og:url\" content=\"https:\/\/gestpointgsm.com\/es\/quieres-comprar-online\/\" \/>\n<meta property=\"og:site_name\" content=\"Gestpoint GSM\" \/>\n<meta property=\"article:modified_time\" content=\"2023-11-24T09:40:49+00:00\" \/>\n<meta property=\"og:image\" content=\"http:\/\/gestpointgsm.com\/wp-content\/uploads\/2023\/08\/Quieres-comprar-online.jpg\" \/>\n<meta name=\"twitter:card\" content=\"summary_large_image\" \/>\n<meta name=\"twitter:label1\" content=\"Tiempo de lectura\" \/>\n\t<meta name=\"twitter:data1\" content=\"2 minutos\" \/>\n<script type=\"application\/ld+json\" class=\"yoast-schema-graph\">{\"@context\":\"https:\\\/\\\/schema.org\",\"@graph\":[{\"@type\":\"WebPage\",\"@id\":\"https:\\\/\\\/gestpointgsm.com\\\/es\\\/quieres-comprar-online\\\/\",\"url\":\"https:\\\/\\\/gestpointgsm.com\\\/es\\\/quieres-comprar-online\\\/\",\"name\":\"Vende tu dispositivo en Gestpoint GSM\",\"isPartOf\":{\"@id\":\"https:\\\/\\\/gestpointgsm.com\\\/es\\\/#website\"},\"primaryImageOfPage\":{\"@id\":\"https:\\\/\\\/gestpointgsm.com\\\/es\\\/quieres-comprar-online\\\/#primaryimage\"},\"image\":{\"@id\":\"https:\\\/\\\/gestpointgsm.com\\\/es\\\/quieres-comprar-online\\\/#primaryimage\"},\"thumbnailUrl\":\"http:\\\/\\\/gestpointgsm.com\\\/wp-content\\\/uploads\\\/2023\\\/08\\\/Quieres-comprar-online.jpg\",\"datePublished\":\"2023-07-18T07:08:07+00:00\",\"dateModified\":\"2023-11-24T09:40:49+00:00\",\"description\":\"GestPoint GSM ofrece una selecci\u00f3n diversa y completa de productos para comprar online a trav\u00e9s de plataformas l\u00edderes en el mercado.\",\"breadcrumb\":{\"@id\":\"https:\\\/\\\/gestpointgsm.com\\\/es\\\/quieres-comprar-online\\\/#breadcrumb\"},\"inLanguage\":\"es\",\"potentialAction\":[{\"@type\":\"ReadAction\",\"target\":[\"https:\\\/\\\/gestpointgsm.com\\\/es\\\/quieres-comprar-online\\\/\"]}]},{\"@type\":\"ImageObject\",\"inLanguage\":\"es\",\"@id\":\"https:\\\/\\\/gestpointgsm.com\\\/es\\\/quieres-comprar-online\\\/#primaryimage\",\"url\":\"http:\\\/\\\/gestpointgsm.com\\\/wp-content\\\/uploads\\\/2023\\\/08\\\/Quieres-comprar-online.jpg\",\"contentUrl\":\"http:\\\/\\\/gestpointgsm.com\\\/wp-content\\\/uploads\\\/2023\\\/08\\\/Quieres-comprar-online.jpg\"},{\"@type\":\"BreadcrumbList\",\"@id\":\"https:\\\/\\\/gestpointgsm.com\\\/es\\\/quieres-comprar-online\\\/#breadcrumb\",\"itemListElement\":[{\"@type\":\"ListItem\",\"position\":1,\"name\":\"Portada\",\"item\":\"https:\\\/\\\/gestpointgsm.com\\\/es\\\/\"},{\"@type\":\"ListItem\",\"position\":2,\"name\":\"\u00bfQuieres comprar online?\"}]},{\"@type\":\"WebSite\",\"@id\":\"https:\\\/\\\/gestpointgsm.com\\\/es\\\/#website\",\"url\":\"https:\\\/\\\/gestpointgsm.com\\\/es\\\/\",\"name\":\"Gestpoint GSM\",\"description\":\"Gestpoint GSM es una empresa con m\u00e1s de 10 a\u00f1os de experiencia en la compra y venta de art\u00edculos de telefon\u00eda m\u00f3vil, accesorios, relojes inteligentes, entre otros.\",\"publisher\":{\"@id\":\"https:\\\/\\\/gestpointgsm.com\\\/es\\\/#organization\"},\"potentialAction\":[{\"@type\":\"SearchAction\",\"target\":{\"@type\":\"EntryPoint\",\"urlTemplate\":\"https:\\\/\\\/gestpointgsm.com\\\/es\\\/?s={search_term_string}\"},\"query-input\":{\"@type\":\"PropertyValueSpecification\",\"valueRequired\":true,\"valueName\":\"search_term_string\"}}],\"inLanguage\":\"es\"},{\"@type\":\"Organization\",\"@id\":\"https:\\\/\\\/gestpointgsm.com\\\/es\\\/#organization\",\"name\":\"Gestpoint GSM\",\"url\":\"https:\\\/\\\/gestpointgsm.com\\\/es\\\/\",\"logo\":{\"@type\":\"ImageObject\",\"inLanguage\":\"es\",\"@id\":\"https:\\\/\\\/gestpointgsm.com\\\/es\\\/#\\\/schema\\\/logo\\\/image\\\/\",\"url\":\"http:\\\/\\\/gestpointgsm.com\\\/wp-content\\\/uploads\\\/2023\\\/07\\\/ISOTIPO.png\",\"contentUrl\":\"http:\\\/\\\/gestpointgsm.com\\\/wp-content\\\/uploads\\\/2023\\\/07\\\/ISOTIPO.png\",\"width\":1920,\"height\":1080,\"caption\":\"Gestpoint GSM\"},\"image\":{\"@id\":\"https:\\\/\\\/gestpointgsm.com\\\/es\\\/#\\\/schema\\\/logo\\\/image\\\/\"}}]}<\/script>\n<!-- \/ Yoast SEO plugin. -->","yoast_head_json":{"title":"Vende tu dispositivo en Gestpoint GSM","description":"GestPoint GSM ofrece una selecci\u00f3n diversa y completa de productos para comprar online a trav\u00e9s de plataformas l\u00edderes en el mercado.","robots":{"index":"index","follow":"follow","max-snippet":"max-snippet:-1","max-image-preview":"max-image-preview:large","max-video-preview":"max-video-preview:-1"},"canonical":"https:\/\/gestpointgsm.com\/es\/quieres-comprar-online\/","og_locale":"es_ES","og_type":"article","og_title":"Vende tu dispositivo en Gestpoint GSM","og_description":"GestPoint GSM ofrece una selecci\u00f3n diversa y completa de productos para comprar online a trav\u00e9s de plataformas l\u00edderes en el mercado.","og_url":"https:\/\/gestpointgsm.com\/es\/quieres-comprar-online\/","og_site_name":"Gestpoint GSM","article_modified_time":"2023-11-24T09:40:49+00:00","og_image":[{"url":"http:\/\/gestpointgsm.com\/wp-content\/uploads\/2023\/08\/Quieres-comprar-online.jpg","type":"","width":"","height":""}],"twitter_card":"summary_large_image","twitter_misc":{"Tiempo de lectura":"2 minutos"},"schema":{"@context":"https:\/\/schema.org","@graph":[{"@type":"WebPage","@id":"https:\/\/gestpointgsm.com\/es\/quieres-comprar-online\/","url":"https:\/\/gestpointgsm.com\/es\/quieres-comprar-online\/","name":"Vende tu dispositivo en Gestpoint GSM","isPartOf":{"@id":"https:\/\/gestpointgsm.com\/es\/#website"},"primaryImageOfPage":{"@id":"https:\/\/gestpointgsm.com\/es\/quieres-comprar-online\/#primaryimage"},"image":{"@id":"https:\/\/gestpointgsm.com\/es\/quieres-comprar-online\/#primaryimage"},"thumbnailUrl":"http:\/\/gestpointgsm.com\/wp-content\/uploads\/2023\/08\/Quieres-comprar-online.jpg","datePublished":"2023-07-18T07:08:07+00:00","dateModified":"2023-11-24T09:40:49+00:00","description":"GestPoint GSM ofrece una selecci\u00f3n diversa y completa de productos para comprar online a trav\u00e9s de plataformas l\u00edderes en el mercado.","breadcrumb":{"@id":"https:\/\/gestpointgsm.com\/es\/quieres-comprar-online\/#breadcrumb"},"inLanguage":"es","potentialAction":[{"@type":"ReadAction","target":["https:\/\/gestpointgsm.com\/es\/quieres-comprar-online\/"]}]},{"@type":"ImageObject","inLanguage":"es","@id":"https:\/\/gestpointgsm.com\/es\/quieres-comprar-online\/#primaryimage","url":"http:\/\/gestpointgsm.com\/wp-content\/uploads\/2023\/08\/Quieres-comprar-online.jpg","contentUrl":"http:\/\/gestpointgsm.com\/wp-content\/uploads\/2023\/08\/Quieres-comprar-online.jpg"},{"@type":"BreadcrumbList","@id":"https:\/\/gestpointgsm.com\/es\/quieres-comprar-online\/#breadcrumb","itemListElement":[{"@type":"ListItem","position":1,"name":"Portada","item":"https:\/\/gestpointgsm.com\/es\/"},{"@type":"ListItem","position":2,"name":"\u00bfQuieres comprar online?"}]},{"@type":"WebSite","@id":"https:\/\/gestpointgsm.com\/es\/#website","url":"https:\/\/gestpointgsm.com\/es\/","name":"Gestpoint GSM","description":"Gestpoint GSM es una empresa con m\u00e1s de 10 a\u00f1os de experiencia en la compra y venta de art\u00edculos de telefon\u00eda m\u00f3vil, accesorios, relojes inteligentes, entre otros.","publisher":{"@id":"https:\/\/gestpointgsm.com\/es\/#organization"},"potentialAction":[{"@type":"SearchAction","target":{"@type":"EntryPoint","urlTemplate":"https:\/\/gestpointgsm.com\/es\/?s={search_term_string}"},"query-input":{"@type":"PropertyValueSpecification","valueRequired":true,"valueName":"search_term_string"}}],"inLanguage":"es"},{"@type":"Organization","@id":"https:\/\/gestpointgsm.com\/es\/#organization","name":"Gestpoint GSM","url":"https:\/\/gestpointgsm.com\/es\/","logo":{"@type":"ImageObject","inLanguage":"es","@id":"https:\/\/gestpointgsm.com\/es\/#\/schema\/logo\/image\/","url":"http:\/\/gestpointgsm.com\/wp-content\/uploads\/2023\/07\/ISOTIPO.png","contentUrl":"http:\/\/gestpointgsm.com\/wp-content\/uploads\/2023\/07\/ISOTIPO.png","width":1920,"height":1080,"caption":"Gestpoint GSM"},"image":{"@id":"https:\/\/gestpointgsm.com\/es\/#\/schema\/logo\/image\/"}}]}},"_links":{"self":[{"href":"https:\/\/gestpointgsm.com\/es\/wp-json\/wp\/v2\/pages\/4560","targetHints":{"allow":["GET"]}}],"collection":[{"href":"https:\/\/gestpointgsm.com\/es\/wp-json\/wp\/v2\/pages"}],"about":[{"href":"https:\/\/gestpointgsm.com\/es\/wp-json\/wp\/v2\/types\/page"}],"author":[{"embeddable":true,"href":"https:\/\/gestpointgsm.com\/es\/wp-json\/wp\/v2\/users\/1"}],"replies":[{"embeddable":true,"href":"https:\/\/gestpointgsm.com\/es\/wp-json\/wp\/v2\/comments?post=4560"}],"version-history":[{"count":60,"href":"https:\/\/gestpointgsm.com\/es\/wp-json\/wp\/v2\/pages\/4560\/revisions"}],"predecessor-version":[{"id":8778,"href":"https:\/\/gestpointgsm.com\/es\/wp-json\/wp\/v2\/pages\/4560\/revisions\/8778"}],"wp:attachment":[{"href":"https:\/\/gestpointgsm.com\/es\/wp-json\/wp\/v2\/media?parent=4560"}],"curies":[{"name":"wp","href":"https:\/\/api.w.org\/{rel}","templated":true}]}}