{"id":7029,"date":"2023-08-21T15:19:28","date_gmt":"2023-08-21T15:19:28","guid":{"rendered":"https:\/\/gestpointgsm.com\/?post_type=product&#038;p=7029"},"modified":"2023-10-24T10:29:07","modified_gmt":"2023-10-24T10:29:07","slug":"2053x","status":"publish","type":"product","link":"https:\/\/gestpointgsm.com\/es\/producto\/2053x\/","title":{"rendered":"2053X"},"content":{"rendered":"<p><a href=\"https:\/\/gestpointgsm.com\/product\/2053x\/ \u200e\">2053X<\/a><\/p>\n","protected":false},"excerpt":{"rendered":"<p>2053X<\/p>\n","protected":false},"featured_media":6773,"template":"","meta":{"_joinchat":[]},"product_cat":[1019],"product_tag":[50],"class_list":["post-7029","product","type-product","status-publish","has-post-thumbnail","hentry","product_cat-alcatel","product_tag-alcatel"],"yoast_head":"<!-- This site is optimized with the Yoast SEO plugin v27.3 - https:\/\/yoast.com\/product\/yoast-seo-wordpress\/ -->\n<title>Vende tu nuevo Alcatel 2053X en Gestpoint GSM<\/title>\n<meta name=\"description\" content=\"\u00a1Obt\u00e9n efectivo por tu Alcatel 2053X! Vende tu m\u00f3vil en Gestpoint GSM y gana dinero extra. \u00a1Aprovecha esta oportunidad! \u00a1No la dejes perder!\" \/>\n<meta name=\"robots\" content=\"index, follow, max-snippet:-1, max-image-preview:large, max-video-preview:-1\" \/>\n<link rel=\"canonical\" href=\"https:\/\/gestpointgsm.com\/es\/producto\/2053x\/\" \/>\n<meta property=\"og:locale\" content=\"es_ES\" \/>\n<meta property=\"og:type\" content=\"article\" \/>\n<meta property=\"og:title\" content=\"Vende tu nuevo Alcatel 2053X en Gestpoint GSM\" \/>\n<meta property=\"og:description\" content=\"\u00a1Obt\u00e9n efectivo por tu Alcatel 2053X! Vende tu m\u00f3vil en Gestpoint GSM y gana dinero extra. \u00a1Aprovecha esta oportunidad! \u00a1No la dejes perder!\" \/>\n<meta property=\"og:url\" content=\"https:\/\/gestpointgsm.com\/es\/producto\/2053x\/\" \/>\n<meta property=\"og:site_name\" content=\"Gestpoint GSM\" \/>\n<meta property=\"article:modified_time\" content=\"2023-10-24T10:29:07+00:00\" \/>\n<meta property=\"og:image\" content=\"https:\/\/gestpointgsm.com\/wp-content\/uploads\/2023\/08\/Alcatel_2053X-1.jpg\" \/>\n\t<meta property=\"og:image:width\" content=\"1600\" \/>\n\t<meta property=\"og:image:height\" content=\"1600\" \/>\n\t<meta property=\"og:image:type\" content=\"image\/jpeg\" \/>\n<meta name=\"twitter:card\" content=\"summary_large_image\" \/>\n<meta name=\"twitter:label1\" content=\"Tiempo de lectura\" \/>\n\t<meta name=\"twitter:data1\" content=\"1 minuto\" \/>\n<script type=\"application\/ld+json\" class=\"yoast-schema-graph\">{\"@context\":\"https:\\\/\\\/schema.org\",\"@graph\":[{\"@type\":\"WebPage\",\"@id\":\"https:\\\/\\\/gestpointgsm.com\\\/producto\\\/2053x\\\/\",\"url\":\"https:\\\/\\\/gestpointgsm.com\\\/producto\\\/2053x\\\/\",\"name\":\"Vende tu nuevo Alcatel 2053X en Gestpoint GSM\",\"isPartOf\":{\"@id\":\"https:\\\/\\\/gestpointgsm.com\\\/es\\\/#website\"},\"primaryImageOfPage\":{\"@id\":\"https:\\\/\\\/gestpointgsm.com\\\/producto\\\/2053x\\\/#primaryimage\"},\"image\":{\"@id\":\"https:\\\/\\\/gestpointgsm.com\\\/producto\\\/2053x\\\/#primaryimage\"},\"thumbnailUrl\":\"https:\\\/\\\/gestpointgsm.com\\\/wp-content\\\/uploads\\\/2023\\\/08\\\/Alcatel_2053X-1.jpg\",\"datePublished\":\"2023-08-21T15:19:28+00:00\",\"dateModified\":\"2023-10-24T10:29:07+00:00\",\"description\":\"\u00a1Obt\u00e9n efectivo por tu Alcatel 2053X! Vende tu m\u00f3vil en Gestpoint GSM y gana dinero extra. \u00a1Aprovecha esta oportunidad! \u00a1No la dejes perder!\",\"breadcrumb\":{\"@id\":\"https:\\\/\\\/gestpointgsm.com\\\/producto\\\/2053x\\\/#breadcrumb\"},\"inLanguage\":\"es\",\"potentialAction\":[{\"@type\":\"ReadAction\",\"target\":[\"https:\\\/\\\/gestpointgsm.com\\\/producto\\\/2053x\\\/\"]}]},{\"@type\":\"ImageObject\",\"inLanguage\":\"es\",\"@id\":\"https:\\\/\\\/gestpointgsm.com\\\/producto\\\/2053x\\\/#primaryimage\",\"url\":\"https:\\\/\\\/gestpointgsm.com\\\/wp-content\\\/uploads\\\/2023\\\/08\\\/Alcatel_2053X-1.jpg\",\"contentUrl\":\"https:\\\/\\\/gestpointgsm.com\\\/wp-content\\\/uploads\\\/2023\\\/08\\\/Alcatel_2053X-1.jpg\",\"width\":1600,\"height\":1600},{\"@type\":\"BreadcrumbList\",\"@id\":\"https:\\\/\\\/gestpointgsm.com\\\/producto\\\/2053x\\\/#breadcrumb\",\"itemListElement\":[{\"@type\":\"ListItem\",\"position\":1,\"name\":\"Portada\",\"item\":\"https:\\\/\\\/gestpointgsm.com\\\/es\\\/\"},{\"@type\":\"ListItem\",\"position\":2,\"name\":\"Tienda\",\"item\":\"https:\\\/\\\/gestpointgsm.com\\\/es\\\/tienda\\\/\"},{\"@type\":\"ListItem\",\"position\":3,\"name\":\"2053X\"}]},{\"@type\":\"WebSite\",\"@id\":\"https:\\\/\\\/gestpointgsm.com\\\/es\\\/#website\",\"url\":\"https:\\\/\\\/gestpointgsm.com\\\/es\\\/\",\"name\":\"Gestpoint GSM\",\"description\":\"Gestpoint GSM es una empresa con m\u00e1s de 10 a\u00f1os de experiencia en la compra y venta de art\u00edculos de telefon\u00eda m\u00f3vil, accesorios, relojes inteligentes, entre otros.\",\"publisher\":{\"@id\":\"https:\\\/\\\/gestpointgsm.com\\\/es\\\/#organization\"},\"potentialAction\":[{\"@type\":\"SearchAction\",\"target\":{\"@type\":\"EntryPoint\",\"urlTemplate\":\"https:\\\/\\\/gestpointgsm.com\\\/es\\\/?s={search_term_string}\"},\"query-input\":{\"@type\":\"PropertyValueSpecification\",\"valueRequired\":true,\"valueName\":\"search_term_string\"}}],\"inLanguage\":\"es\"},{\"@type\":\"Organization\",\"@id\":\"https:\\\/\\\/gestpointgsm.com\\\/es\\\/#organization\",\"name\":\"Gestpoint GSM\",\"url\":\"https:\\\/\\\/gestpointgsm.com\\\/es\\\/\",\"logo\":{\"@type\":\"ImageObject\",\"inLanguage\":\"es\",\"@id\":\"https:\\\/\\\/gestpointgsm.com\\\/es\\\/#\\\/schema\\\/logo\\\/image\\\/\",\"url\":\"http:\\\/\\\/gestpointgsm.com\\\/wp-content\\\/uploads\\\/2023\\\/07\\\/ISOTIPO.png\",\"contentUrl\":\"http:\\\/\\\/gestpointgsm.com\\\/wp-content\\\/uploads\\\/2023\\\/07\\\/ISOTIPO.png\",\"width\":1920,\"height\":1080,\"caption\":\"Gestpoint GSM\"},\"image\":{\"@id\":\"https:\\\/\\\/gestpointgsm.com\\\/es\\\/#\\\/schema\\\/logo\\\/image\\\/\"}}]}<\/script>\n<!-- \/ Yoast SEO plugin. -->","yoast_head_json":{"title":"Vende tu nuevo Alcatel 2053X en Gestpoint GSM","description":"\u00a1Obt\u00e9n efectivo por tu Alcatel 2053X! Vende tu m\u00f3vil en Gestpoint GSM y gana dinero extra. \u00a1Aprovecha esta oportunidad! \u00a1No la dejes perder!","robots":{"index":"index","follow":"follow","max-snippet":"max-snippet:-1","max-image-preview":"max-image-preview:large","max-video-preview":"max-video-preview:-1"},"canonical":"https:\/\/gestpointgsm.com\/es\/producto\/2053x\/","og_locale":"es_ES","og_type":"article","og_title":"Vende tu nuevo Alcatel 2053X en Gestpoint GSM","og_description":"\u00a1Obt\u00e9n efectivo por tu Alcatel 2053X! Vende tu m\u00f3vil en Gestpoint GSM y gana dinero extra. \u00a1Aprovecha esta oportunidad! \u00a1No la dejes perder!","og_url":"https:\/\/gestpointgsm.com\/es\/producto\/2053x\/","og_site_name":"Gestpoint GSM","article_modified_time":"2023-10-24T10:29:07+00:00","og_image":[{"width":1600,"height":1600,"url":"https:\/\/gestpointgsm.com\/wp-content\/uploads\/2023\/08\/Alcatel_2053X-1.jpg","type":"image\/jpeg"}],"twitter_card":"summary_large_image","twitter_misc":{"Tiempo de lectura":"1 minuto"},"schema":{"@context":"https:\/\/schema.org","@graph":[{"@type":"WebPage","@id":"https:\/\/gestpointgsm.com\/producto\/2053x\/","url":"https:\/\/gestpointgsm.com\/producto\/2053x\/","name":"Vende tu nuevo Alcatel 2053X en Gestpoint GSM","isPartOf":{"@id":"https:\/\/gestpointgsm.com\/es\/#website"},"primaryImageOfPage":{"@id":"https:\/\/gestpointgsm.com\/producto\/2053x\/#primaryimage"},"image":{"@id":"https:\/\/gestpointgsm.com\/producto\/2053x\/#primaryimage"},"thumbnailUrl":"https:\/\/gestpointgsm.com\/wp-content\/uploads\/2023\/08\/Alcatel_2053X-1.jpg","datePublished":"2023-08-21T15:19:28+00:00","dateModified":"2023-10-24T10:29:07+00:00","description":"\u00a1Obt\u00e9n efectivo por tu Alcatel 2053X! Vende tu m\u00f3vil en Gestpoint GSM y gana dinero extra. \u00a1Aprovecha esta oportunidad! \u00a1No la dejes perder!","breadcrumb":{"@id":"https:\/\/gestpointgsm.com\/producto\/2053x\/#breadcrumb"},"inLanguage":"es","potentialAction":[{"@type":"ReadAction","target":["https:\/\/gestpointgsm.com\/producto\/2053x\/"]}]},{"@type":"ImageObject","inLanguage":"es","@id":"https:\/\/gestpointgsm.com\/producto\/2053x\/#primaryimage","url":"https:\/\/gestpointgsm.com\/wp-content\/uploads\/2023\/08\/Alcatel_2053X-1.jpg","contentUrl":"https:\/\/gestpointgsm.com\/wp-content\/uploads\/2023\/08\/Alcatel_2053X-1.jpg","width":1600,"height":1600},{"@type":"BreadcrumbList","@id":"https:\/\/gestpointgsm.com\/producto\/2053x\/#breadcrumb","itemListElement":[{"@type":"ListItem","position":1,"name":"Portada","item":"https:\/\/gestpointgsm.com\/es\/"},{"@type":"ListItem","position":2,"name":"Tienda","item":"https:\/\/gestpointgsm.com\/es\/tienda\/"},{"@type":"ListItem","position":3,"name":"2053X"}]},{"@type":"WebSite","@id":"https:\/\/gestpointgsm.com\/es\/#website","url":"https:\/\/gestpointgsm.com\/es\/","name":"Gestpoint GSM","description":"Gestpoint GSM es una empresa con m\u00e1s de 10 a\u00f1os de experiencia en la compra y venta de art\u00edculos de telefon\u00eda m\u00f3vil, accesorios, relojes inteligentes, entre otros.","publisher":{"@id":"https:\/\/gestpointgsm.com\/es\/#organization"},"potentialAction":[{"@type":"SearchAction","target":{"@type":"EntryPoint","urlTemplate":"https:\/\/gestpointgsm.com\/es\/?s={search_term_string}"},"query-input":{"@type":"PropertyValueSpecification","valueRequired":true,"valueName":"search_term_string"}}],"inLanguage":"es"},{"@type":"Organization","@id":"https:\/\/gestpointgsm.com\/es\/#organization","name":"Gestpoint GSM","url":"https:\/\/gestpointgsm.com\/es\/","logo":{"@type":"ImageObject","inLanguage":"es","@id":"https:\/\/gestpointgsm.com\/es\/#\/schema\/logo\/image\/","url":"http:\/\/gestpointgsm.com\/wp-content\/uploads\/2023\/07\/ISOTIPO.png","contentUrl":"http:\/\/gestpointgsm.com\/wp-content\/uploads\/2023\/07\/ISOTIPO.png","width":1920,"height":1080,"caption":"Gestpoint GSM"},"image":{"@id":"https:\/\/gestpointgsm.com\/es\/#\/schema\/logo\/image\/"}}]}},"_links":{"self":[{"href":"https:\/\/gestpointgsm.com\/es\/wp-json\/wp\/v2\/product\/7029","targetHints":{"allow":["GET"]}}],"collection":[{"href":"https:\/\/gestpointgsm.com\/es\/wp-json\/wp\/v2\/product"}],"about":[{"href":"https:\/\/gestpointgsm.com\/es\/wp-json\/wp\/v2\/types\/product"}],"version-history":[{"count":1,"href":"https:\/\/gestpointgsm.com\/es\/wp-json\/wp\/v2\/product\/7029\/revisions"}],"predecessor-version":[{"id":7839,"href":"https:\/\/gestpointgsm.com\/es\/wp-json\/wp\/v2\/product\/7029\/revisions\/7839"}],"wp:featuredmedia":[{"embeddable":true,"href":"https:\/\/gestpointgsm.com\/es\/wp-json\/wp\/v2\/media\/6773"}],"wp:attachment":[{"href":"https:\/\/gestpointgsm.com\/es\/wp-json\/wp\/v2\/media?parent=7029"}],"wp:term":[{"taxonomy":"product_cat","embeddable":true,"href":"https:\/\/gestpointgsm.com\/es\/wp-json\/wp\/v2\/product_cat?post=7029"},{"taxonomy":"product_tag","embeddable":true,"href":"https:\/\/gestpointgsm.com\/es\/wp-json\/wp\/v2\/product_tag?post=7029"}],"curies":[{"name":"wp","href":"https:\/\/api.w.org\/{rel}","templated":true}]}}