{"id":7226,"date":"2023-08-21T15:22:53","date_gmt":"2023-08-21T15:22:53","guid":{"rendered":"https:\/\/gestpointgsm.com\/?post_type=product&#038;p=7226"},"modified":"2023-10-23T12:47:31","modified_gmt":"2023-10-23T12:47:31","slug":"galaxy-a21-32gb","status":"publish","type":"product","link":"https:\/\/gestpointgsm.com\/es\/producto\/galaxy-a21-32gb\/","title":{"rendered":"Galaxy A21 32GB"},"content":{"rendered":"","protected":false},"excerpt":{"rendered":"<p>Galaxy A21 32GB<\/p>\n","protected":false},"featured_media":6895,"template":"","meta":{"_joinchat":[]},"product_cat":[1026],"product_tag":[278],"class_list":["post-7226","product","type-product","status-publish","has-post-thumbnail","hentry","product_cat-samsung","product_tag-samsung"],"yoast_head":"<!-- This site is optimized with the Yoast SEO plugin v27.3 - https:\/\/yoast.com\/product\/yoast-seo-wordpress\/ -->\n<title>Galaxy A21 32GB - Gestpoint GSM<\/title>\n<meta name=\"robots\" content=\"index, follow, max-snippet:-1, max-image-preview:large, max-video-preview:-1\" \/>\n<link rel=\"canonical\" href=\"https:\/\/gestpointgsm.com\/es\/producto\/galaxy-a21-32gb\/\" \/>\n<meta property=\"og:locale\" content=\"es_ES\" \/>\n<meta property=\"og:type\" content=\"article\" \/>\n<meta property=\"og:title\" content=\"Galaxy A21 32GB - Gestpoint GSM\" \/>\n<meta property=\"og:description\" content=\"Galaxy A21 32GB\" \/>\n<meta property=\"og:url\" content=\"https:\/\/gestpointgsm.com\/es\/producto\/galaxy-a21-32gb\/\" \/>\n<meta property=\"og:site_name\" content=\"Gestpoint GSM\" \/>\n<meta property=\"article:modified_time\" content=\"2023-10-23T12:47:31+00:00\" \/>\n<meta property=\"og:image\" content=\"https:\/\/gestpointgsm.com\/wp-content\/uploads\/2023\/08\/Samsung_Galaxy_A21-1.jpg\" \/>\n\t<meta property=\"og:image:width\" content=\"160\" \/>\n\t<meta property=\"og:image:height\" content=\"212\" \/>\n\t<meta property=\"og:image:type\" content=\"image\/jpeg\" \/>\n<meta name=\"twitter:card\" content=\"summary_large_image\" \/>\n<script type=\"application\/ld+json\" class=\"yoast-schema-graph\">{\"@context\":\"https:\\\/\\\/schema.org\",\"@graph\":[{\"@type\":\"WebPage\",\"@id\":\"https:\\\/\\\/gestpointgsm.com\\\/producto\\\/galaxy-a21-32gb\\\/\",\"url\":\"https:\\\/\\\/gestpointgsm.com\\\/producto\\\/galaxy-a21-32gb\\\/\",\"name\":\"Galaxy A21 32GB - Gestpoint GSM\",\"isPartOf\":{\"@id\":\"https:\\\/\\\/gestpointgsm.com\\\/es\\\/#website\"},\"primaryImageOfPage\":{\"@id\":\"https:\\\/\\\/gestpointgsm.com\\\/producto\\\/galaxy-a21-32gb\\\/#primaryimage\"},\"image\":{\"@id\":\"https:\\\/\\\/gestpointgsm.com\\\/producto\\\/galaxy-a21-32gb\\\/#primaryimage\"},\"thumbnailUrl\":\"https:\\\/\\\/gestpointgsm.com\\\/wp-content\\\/uploads\\\/2023\\\/08\\\/Samsung_Galaxy_A21-1.jpg\",\"datePublished\":\"2023-08-21T15:22:53+00:00\",\"dateModified\":\"2023-10-23T12:47:31+00:00\",\"breadcrumb\":{\"@id\":\"https:\\\/\\\/gestpointgsm.com\\\/producto\\\/galaxy-a21-32gb\\\/#breadcrumb\"},\"inLanguage\":\"es\",\"potentialAction\":[{\"@type\":\"ReadAction\",\"target\":[\"https:\\\/\\\/gestpointgsm.com\\\/producto\\\/galaxy-a21-32gb\\\/\"]}]},{\"@type\":\"ImageObject\",\"inLanguage\":\"es\",\"@id\":\"https:\\\/\\\/gestpointgsm.com\\\/producto\\\/galaxy-a21-32gb\\\/#primaryimage\",\"url\":\"https:\\\/\\\/gestpointgsm.com\\\/wp-content\\\/uploads\\\/2023\\\/08\\\/Samsung_Galaxy_A21-1.jpg\",\"contentUrl\":\"https:\\\/\\\/gestpointgsm.com\\\/wp-content\\\/uploads\\\/2023\\\/08\\\/Samsung_Galaxy_A21-1.jpg\",\"width\":160,\"height\":212},{\"@type\":\"BreadcrumbList\",\"@id\":\"https:\\\/\\\/gestpointgsm.com\\\/producto\\\/galaxy-a21-32gb\\\/#breadcrumb\",\"itemListElement\":[{\"@type\":\"ListItem\",\"position\":1,\"name\":\"Portada\",\"item\":\"https:\\\/\\\/gestpointgsm.com\\\/es\\\/\"},{\"@type\":\"ListItem\",\"position\":2,\"name\":\"Tienda\",\"item\":\"https:\\\/\\\/gestpointgsm.com\\\/es\\\/tienda\\\/\"},{\"@type\":\"ListItem\",\"position\":3,\"name\":\"Galaxy A21 32GB\"}]},{\"@type\":\"WebSite\",\"@id\":\"https:\\\/\\\/gestpointgsm.com\\\/es\\\/#website\",\"url\":\"https:\\\/\\\/gestpointgsm.com\\\/es\\\/\",\"name\":\"Gestpoint GSM\",\"description\":\"Gestpoint GSM es una empresa con m\u00e1s de 10 a\u00f1os de experiencia en la compra y venta de art\u00edculos de telefon\u00eda m\u00f3vil, accesorios, relojes inteligentes, entre otros.\",\"publisher\":{\"@id\":\"https:\\\/\\\/gestpointgsm.com\\\/es\\\/#organization\"},\"potentialAction\":[{\"@type\":\"SearchAction\",\"target\":{\"@type\":\"EntryPoint\",\"urlTemplate\":\"https:\\\/\\\/gestpointgsm.com\\\/es\\\/?s={search_term_string}\"},\"query-input\":{\"@type\":\"PropertyValueSpecification\",\"valueRequired\":true,\"valueName\":\"search_term_string\"}}],\"inLanguage\":\"es\"},{\"@type\":\"Organization\",\"@id\":\"https:\\\/\\\/gestpointgsm.com\\\/es\\\/#organization\",\"name\":\"Gestpoint GSM\",\"url\":\"https:\\\/\\\/gestpointgsm.com\\\/es\\\/\",\"logo\":{\"@type\":\"ImageObject\",\"inLanguage\":\"es\",\"@id\":\"https:\\\/\\\/gestpointgsm.com\\\/es\\\/#\\\/schema\\\/logo\\\/image\\\/\",\"url\":\"http:\\\/\\\/gestpointgsm.com\\\/wp-content\\\/uploads\\\/2023\\\/07\\\/ISOTIPO.png\",\"contentUrl\":\"http:\\\/\\\/gestpointgsm.com\\\/wp-content\\\/uploads\\\/2023\\\/07\\\/ISOTIPO.png\",\"width\":1920,\"height\":1080,\"caption\":\"Gestpoint GSM\"},\"image\":{\"@id\":\"https:\\\/\\\/gestpointgsm.com\\\/es\\\/#\\\/schema\\\/logo\\\/image\\\/\"}}]}<\/script>\n<!-- \/ Yoast SEO plugin. -->","yoast_head_json":{"title":"Galaxy A21 32GB - Gestpoint GSM","robots":{"index":"index","follow":"follow","max-snippet":"max-snippet:-1","max-image-preview":"max-image-preview:large","max-video-preview":"max-video-preview:-1"},"canonical":"https:\/\/gestpointgsm.com\/es\/producto\/galaxy-a21-32gb\/","og_locale":"es_ES","og_type":"article","og_title":"Galaxy A21 32GB - Gestpoint GSM","og_description":"Galaxy A21 32GB","og_url":"https:\/\/gestpointgsm.com\/es\/producto\/galaxy-a21-32gb\/","og_site_name":"Gestpoint GSM","article_modified_time":"2023-10-23T12:47:31+00:00","og_image":[{"width":160,"height":212,"url":"https:\/\/gestpointgsm.com\/wp-content\/uploads\/2023\/08\/Samsung_Galaxy_A21-1.jpg","type":"image\/jpeg"}],"twitter_card":"summary_large_image","schema":{"@context":"https:\/\/schema.org","@graph":[{"@type":"WebPage","@id":"https:\/\/gestpointgsm.com\/producto\/galaxy-a21-32gb\/","url":"https:\/\/gestpointgsm.com\/producto\/galaxy-a21-32gb\/","name":"Galaxy A21 32GB - Gestpoint GSM","isPartOf":{"@id":"https:\/\/gestpointgsm.com\/es\/#website"},"primaryImageOfPage":{"@id":"https:\/\/gestpointgsm.com\/producto\/galaxy-a21-32gb\/#primaryimage"},"image":{"@id":"https:\/\/gestpointgsm.com\/producto\/galaxy-a21-32gb\/#primaryimage"},"thumbnailUrl":"https:\/\/gestpointgsm.com\/wp-content\/uploads\/2023\/08\/Samsung_Galaxy_A21-1.jpg","datePublished":"2023-08-21T15:22:53+00:00","dateModified":"2023-10-23T12:47:31+00:00","breadcrumb":{"@id":"https:\/\/gestpointgsm.com\/producto\/galaxy-a21-32gb\/#breadcrumb"},"inLanguage":"es","potentialAction":[{"@type":"ReadAction","target":["https:\/\/gestpointgsm.com\/producto\/galaxy-a21-32gb\/"]}]},{"@type":"ImageObject","inLanguage":"es","@id":"https:\/\/gestpointgsm.com\/producto\/galaxy-a21-32gb\/#primaryimage","url":"https:\/\/gestpointgsm.com\/wp-content\/uploads\/2023\/08\/Samsung_Galaxy_A21-1.jpg","contentUrl":"https:\/\/gestpointgsm.com\/wp-content\/uploads\/2023\/08\/Samsung_Galaxy_A21-1.jpg","width":160,"height":212},{"@type":"BreadcrumbList","@id":"https:\/\/gestpointgsm.com\/producto\/galaxy-a21-32gb\/#breadcrumb","itemListElement":[{"@type":"ListItem","position":1,"name":"Portada","item":"https:\/\/gestpointgsm.com\/es\/"},{"@type":"ListItem","position":2,"name":"Tienda","item":"https:\/\/gestpointgsm.com\/es\/tienda\/"},{"@type":"ListItem","position":3,"name":"Galaxy A21 32GB"}]},{"@type":"WebSite","@id":"https:\/\/gestpointgsm.com\/es\/#website","url":"https:\/\/gestpointgsm.com\/es\/","name":"Gestpoint GSM","description":"Gestpoint GSM es una empresa con m\u00e1s de 10 a\u00f1os de experiencia en la compra y venta de art\u00edculos de telefon\u00eda m\u00f3vil, accesorios, relojes inteligentes, entre otros.","publisher":{"@id":"https:\/\/gestpointgsm.com\/es\/#organization"},"potentialAction":[{"@type":"SearchAction","target":{"@type":"EntryPoint","urlTemplate":"https:\/\/gestpointgsm.com\/es\/?s={search_term_string}"},"query-input":{"@type":"PropertyValueSpecification","valueRequired":true,"valueName":"search_term_string"}}],"inLanguage":"es"},{"@type":"Organization","@id":"https:\/\/gestpointgsm.com\/es\/#organization","name":"Gestpoint GSM","url":"https:\/\/gestpointgsm.com\/es\/","logo":{"@type":"ImageObject","inLanguage":"es","@id":"https:\/\/gestpointgsm.com\/es\/#\/schema\/logo\/image\/","url":"http:\/\/gestpointgsm.com\/wp-content\/uploads\/2023\/07\/ISOTIPO.png","contentUrl":"http:\/\/gestpointgsm.com\/wp-content\/uploads\/2023\/07\/ISOTIPO.png","width":1920,"height":1080,"caption":"Gestpoint GSM"},"image":{"@id":"https:\/\/gestpointgsm.com\/es\/#\/schema\/logo\/image\/"}}]}},"_links":{"self":[{"href":"https:\/\/gestpointgsm.com\/es\/wp-json\/wp\/v2\/product\/7226","targetHints":{"allow":["GET"]}}],"collection":[{"href":"https:\/\/gestpointgsm.com\/es\/wp-json\/wp\/v2\/product"}],"about":[{"href":"https:\/\/gestpointgsm.com\/es\/wp-json\/wp\/v2\/types\/product"}],"version-history":[{"count":0,"href":"https:\/\/gestpointgsm.com\/es\/wp-json\/wp\/v2\/product\/7226\/revisions"}],"wp:featuredmedia":[{"embeddable":true,"href":"https:\/\/gestpointgsm.com\/es\/wp-json\/wp\/v2\/media\/6895"}],"wp:attachment":[{"href":"https:\/\/gestpointgsm.com\/es\/wp-json\/wp\/v2\/media?parent=7226"}],"wp:term":[{"taxonomy":"product_cat","embeddable":true,"href":"https:\/\/gestpointgsm.com\/es\/wp-json\/wp\/v2\/product_cat?post=7226"},{"taxonomy":"product_tag","embeddable":true,"href":"https:\/\/gestpointgsm.com\/es\/wp-json\/wp\/v2\/product_tag?post=7226"}],"curies":[{"name":"wp","href":"https:\/\/api.w.org\/{rel}","templated":true}]}}